{"id":9709,"date":"2022-07-27T17:48:53","date_gmt":"2022-07-27T22:48:53","guid":{"rendered":"https:\/\/centroinca.com\/centroinca\/?page_id=9709"},"modified":"2023-09-07T10:04:59","modified_gmt":"2023-09-07T15:04:59","slug":"diplomado-en-enfermeria-de-cuidados-intensivos","status":"publish","type":"page","link":"https:\/\/centroinca.com\/centroinca\/diplomado-en-enfermeria-de-cuidados-intensivos\/","title":{"rendered":"Diplomado En Enfermer\u00eda De Cuidados Intensivos"},"content":{"rendered":"<div class=\"wpb-content-wrapper\"><p>[vc_row full_width=&#8221;stretch_row_content_no_spaces&#8221;][vc_column][vc_single_image image=&#8221;8111&#8243; img_size=&#8221;full&#8221; alignment=&#8221;center&#8221;][\/vc_column][\/vc_row][vc_row gap=&#8221;20&#8243; css=&#8221;.vc_custom_1618946587154{margin-top: 50px !important;margin-bottom: 20px !important;}&#8221;][vc_column width=&#8221;1\/2&#8243;][vc_custom_heading text=&#8221;Diplomado En Enfermeria De Cuidados Intensivos&#8221; font_container=&#8221;tag:h3|text_align:left&#8221; use_theme_fonts=&#8221;yes&#8221; css=&#8221;.vc_custom_1658872444833{margin-bottom: 40px !important;}&#8221;][vc_column_text]<strong>OBJETIVO<\/strong><\/p>\n<p>El diplomado en Cuidado Critico, se propone como un espacio de formaci\u00f3n presencial en buscar de incorporar conocimientos relacionados con el cuidado de los profesionales del \u00e1rea de la salud, a los pacientes que se encuentran en una unidad de cuidado intensivo.<\/p>\n<p>Busca brindar las herramientas te\u00f3ricas practicas al personal de salud para un desempe\u00f1o adecuado con el fin de impartir un cuidado de enfermer\u00eda integrad. A trav\u00e9s de aspectos claves de una unidad de cuidados intensivos para desempe\u00f1arse con calidad y de manera eficiente.<\/p>\n<p>Se educar\u00e1 el personal de salud a trav\u00e9s de la creaci\u00f3n de estrategias educativas did\u00e1cticas que faciliten el proceso de ense\u00f1anza y aprendizaje, fortaleciendo la labor de los trabajadores en salud de este servicio al igual que las pol\u00edticas institucionales relacionadas con la seguridad del paciente y la humanizaci\u00f3n en servicios de salud.[\/vc_column_text][vc_column_text]<strong>DIRIGIDO A<\/strong><\/p>\n<p>Profesionales del \u00e1rea de la salud, estudiantes de enfermer\u00eda y a toda persona que quiera potencializar sus conocimientos o labore en unidad de cuidado intensivo.[\/vc_column_text][vc_custom_heading text=&#8221;Competencia A Desarrollar&#8221; font_container=&#8221;tag:h3|text_align:left&#8221; use_theme_fonts=&#8221;yes&#8221; css=&#8221;.vc_custom_1658872930073{margin-bottom: 40px !important;}&#8221;][vc_column_text]- los participantes tendr\u00e1n la capacidad de desarrollar habilidades aplicando nuevas tecnolog\u00edas (TIC), en el proceso ense\u00f1anza aprendizaje.<\/p>\n<p>&#8211; Desarrollan y fortalecen los conocimientos y habilidades del profesional de enfermer\u00eda con el fin de optimizar los cuidados a la persona en situaci\u00f3n cr\u00edtica.<\/p>\n<p>&#8211; Realizar abordaje integral a trav\u00e9s del an\u00e1lisis de situaciones.<\/p>\n<p>&#8211; Reconocer\u00e1n aspectos importantes que sobresalen en la toma de decisiones y resoluci\u00f3n problemas en el marco legal y vigentes establecido.[\/vc_column_text][vc_column_text]<\/p>\n<blockquote><p><span style=\"font-weight: 400; color: #000080;\"><b>Tipo de certificado:<\/b><\/span><\/p>\n<p><span style=\"font-weight: 400; color: #000080;\">Se otorgar\u00e1 certificado de participaci\u00f3n por el Centro INCA.<\/span><\/p><\/blockquote>\n<p>[\/vc_column_text][\/vc_column][vc_column width=&#8221;1\/2&#8243;][vc_column_text]<strong>JUSTIFICACION:<\/strong><\/p>\n<p>El eje fundamental al que apunta el diplomado en cuidado critico en el adulto es en la transformaci\u00f3n social. Los pacientes que se encuentran en la unidad de cuidados intensivos requieren una atenci\u00f3n m\u00e1s precisa y controlada. En este aspecto los profesionales de la salud juegan un papel id\u00f3neo porque terminan siendo las personas que tiene contacto directo y permanente con el cuidado de los pacientes.<\/p>\n<p>Es importante tener\u00a0 claro cu\u00e1les son las funciones\u00a0 que desempe\u00f1an\u00a0 el personal de enfermer\u00eda y\/o salud en la unidad de cuidados intensivos, teniendo en cuenta como se realiza cada procedimiento\u00a0 y su interpretaci\u00f3n, de acuerdo a los hallazgos de cada paciente, basado en un conocimiento cient\u00edfico; realizar este diploma de cuidados intensivos, le permite aprender y fortalecer como es el trato humanizado\u00a0 con los pacientes en diferentes situaciones\u00a0 y estados de salud, manejar las constantes vitales y los procedimiento\u00a0 a seguir\u00a0 para un completo control del mismo, sabr\u00e1n identificar las distintas afecciones y reaccionar antes ellas con el fin de poder planificar y ejecutar el cuidado de enfermer\u00eda.[\/vc_column_text][vc_custom_heading text=&#8221;Contenido&#8221; font_container=&#8221;tag:h3|text_align:left&#8221; use_theme_fonts=&#8221;yes&#8221; css=&#8221;.vc_custom_1658876351545{margin-bottom: 40px !important;}&#8221;][vc_column_text]<strong>MODULO1: DESCRIPCION DEL AREA<\/strong><\/p>\n<p>TEMA 1: HISTORIA DE LAS UNIDADES DE CUIDADOS INTENSIVOS<\/p>\n<p>TEMA 2: FARMACOLOG\u00cdA B\u00c1SICA<\/p>\n<p>TEMA 3: REGISTRO Y MONITORIZACI\u00d3N<\/p>\n<p><strong>MODULO 2: CUIDADOS AL PACIENTE CRITICO<\/strong><\/p>\n<p>TEMA 1 ASEO<\/p>\n<p>TEMA 2 VALORACI\u00d3N ENFERMERA AL INGRESO<\/p>\n<p>TEMA 3 CUIDADOS Y MANTENIMIENTOS<\/p>\n<p><strong>MODULO 3: PATOLOGIA MAS HABITUALES EN LAS UNIDADES DE CUIDADOS INTENSIVOS <\/strong><\/p>\n<p>TEMA 1: PATOLOG\u00cdA CARDIACA<\/p>\n<p>TEMA 2 PATOLOGIA TRAUMATOLOGICA<\/p>\n<p>TEMA 3 PATOLOGIA NEUROL\u00d3GICA<\/p>\n<p>TEMA4 PATOLOGIA INFECCIOSA<\/p>\n<p>TEMA 5 PATOLOGIA SISTEMA ENDOCRINO RENAL DIGESTIVO<\/p>\n<p>TEMA 6 SOPORTE VITAL Y VENTILACION MECANICA EN UCI<\/p>\n<p>TEMA 7 CUIDADOS DE ENFERMERIA POSOPERATORIO DE CIRUG\u00cdA CARDIOVASCULARES<\/p>\n<p><strong>MODULO 4 EL DIA A DIA EN LAS UNIDADES DE CUIDADOS INTENSIVOS <\/strong><\/p>\n<p>TEMA 1 EL TRABAJO DIARIO EN LAS UNIDADES DE CUIDADOS INTENSIVOS<\/p>\n<p>TEMA 2:\u00a0 CARGAS DE ENFERMER\u00cdA Y ESCALAS<\/p>\n<p>TEMA 3:\u00a0 FAMILIARES DEL ENFERMO CRITICO<\/p>\n<p><strong>MODULO 5 PROCEDIMIENTOS COMUNES E INNOVACIONES EN CUIDADOS INTENSIVOS<\/strong><\/p>\n<p>TEMA 1: PROCEDIMIENTOS MAS COMUNES EN CUIDADOS INTENSIVOS<\/p>\n<p>TEMA 2: HUMANIZACION EN CUIDADOS INTENSIVOS<\/p>\n<p>TEMA 3: MEDIDAS PREVENTIVAS Y DE ASEPCIA EN UCI[\/vc_column_text][vc_empty_space height=&#8221;42px&#8221;][\/vc_column][\/vc_row][vc_row full_width=&#8221;stretch_row&#8221; css=&#8221;.vc_custom_1615218168335{padding-top: 40px !important;padding-bottom: 33px !important;background-color: #0040c1 !important;}&#8221;][vc_column width=&#8221;1\/2&#8243;][vc_empty_space height=&#8221;42px&#8221;][vc_column_text]<span style=\"color: #ebebeb;\"><strong>Fecha de inicio:\u00a0<\/strong><span style=\"font-weight: 400;\">06 de agosto del 2022<\/span><\/span>[\/vc_column_text][vc_column_text]<span style=\"color: #ebebeb;\"><strong>Horario:<\/strong><\/span><\/p>\n<p><span style=\"color: #ebebeb;\">S\u00e1bados De 2:00 pm a 6:00 pm<\/span>[\/vc_column_text][vc_column_text]<span style=\"color: #ebebeb;\"><strong>Duraci\u00f3n: <\/strong>100<span style=\"font-weight: 400;\">\u00a0Horas<\/span><\/span>[\/vc_column_text][vc_column_text]<span style=\"color: #ebebeb;\"><b>Inversi\u00f3n:<\/b><\/span><\/p>\n<p><span style=\"color: #ebebeb;\">De contado $350.000 \/ 2 Cuotas de $175.000<\/span>[\/vc_column_text][vc_empty_space height=&#8221;42px&#8221;][\/vc_column][vc_column width=&#8221;1\/2&#8243;][vc_custom_heading text=&#8221;Conferencista&#8221; font_container=&#8221;tag:h3|text_align:left|color:%23ffffff&#8221; use_theme_fonts=&#8221;yes&#8221; css=&#8221;.vc_custom_1618949045141{margin-bottom: 40px !important;}&#8221;][vc_column_text]<span style=\"font-weight: 400; color: #ffffff;\"><strong>Personal Autorizado:<\/strong><\/span>[\/vc_column_text][vc_btn title=&#8221;Shirley Juliet Bustillo P\u00e1ez&#8221; style=&#8221;flat&#8221; color=&#8221;white&#8221; i_icon_fontawesome=&#8221;fas fa-chalkboard-teacher&#8221; add_icon=&#8221;true&#8221;][\/vc_column][\/vc_row][vc_row gap=&#8221;20&#8243; css=&#8221;.vc_custom_1618946630107{margin-top: 50px !important;margin-bottom: 50px !important;}&#8221;][vc_column width=&#8221;1\/2&#8243;][vc_custom_heading text=&#8221;Inscripci\u00f3n&#8221; font_container=&#8221;tag:h3|text_align:left&#8221; use_theme_fonts=&#8221;yes&#8221; css=&#8221;.vc_custom_1618946441690{margin-bottom: 40px !important;}&#8221;][vc_column_text]<span style=\"font-weight: 400;\">Solicitar volante de pago en la oficina Centro de Formaci\u00f3n Continuada, a trav\u00e9s del siguiente link de <a href=\"https:\/\/www.centroinca.net\/pattern.php?form=596\">formaci\u00f3n continua<\/a> o por correo electr\u00f3nico a formacion.continuada@organizacioninca.com enviando los siguientes datos:<\/span><\/p>\n<p><span style=\"font-weight: 400;\">&#8211; Nombre completo.<\/span><\/p>\n<p><span style=\"font-weight: 400;\">&#8211; N\u00famero de documento de identidad.<\/span><\/p>\n<p><span style=\"font-weight: 400;\">&#8211; Programa de estudio o profesi\u00f3n.<\/span><\/p>\n<p><span style=\"font-weight: 400;\">&#8211; Motivaci\u00f3n a inscribirse: instructor, web, publicidad, telemercadeo, etc.<\/span><\/p>\n<p><span style=\"font-weight: 400;\">&#8211; Tel\u00e9fonos fijo y m\u00f3vil.<\/span><\/p>\n<p><span style=\"font-weight: 400;\">&#8211; Correo electr\u00f3nico.<\/span><\/p>\n<p><span style=\"font-weight: 400;\">&#8211; Forma de pago.<\/span>[\/vc_column_text][\/vc_column][vc_column width=&#8221;1\/2&#8243;][vc_custom_heading text=&#8221;Matr\u00edculas&#8221; font_container=&#8221;tag:h3|text_align:left&#8221; use_theme_fonts=&#8221;yes&#8221; css=&#8221;.vc_custom_1618946496887{margin-bottom: 40px !important;}&#8221;][vc_column_text]<span style=\"font-weight: 400;\">Una vez cancelado el volante de pago en banco autorizado, entregar f\u00edsicamente con copia de documento de identidad en oficinas de Formaci\u00f3n Continua o enviar escaneado al correo:<\/span><\/p>\n<p><strong>formacion.continuada@organizacioninca.com<\/strong>[\/vc_column_text][\/vc_column][\/vc_row]<\/p>\n<\/div>","protected":false},"excerpt":{"rendered":"<p>[vc_row full_width=&#8221;stretch_row_content_no_spaces&#8221;][vc_column][vc_single_image image=&#8221;8111&#8243; img_size=&#8221;full&#8221; alignment=&#8221;center&#8221;][\/vc_column][\/vc_row][vc_row gap=&#8221;20&#8243; css=&#8221;.vc_custom_1618946587154{margin-top: 50px !important;margin-bottom: 20px !important;}&#8221;][vc_column width=&#8221;1\/2&#8243;][vc_custom_heading text=&#8221;Diplomado En Enfermeria De Cuidados Intensivos&#8221; font_container=&#8221;tag:h3|text_align:left&#8221; use_theme_fonts=&#8221;yes&#8221; css=&#8221;.vc_custom_1658872444833{margin-bottom: 40px !important;}&#8221;][vc_column_text]OBJETIVO El diplomado en Cuidado Critico, se propone como un espacio de formaci\u00f3n presencial en buscar de incorporar conocimientos relacionados con el cuidado de los profesionales del \u00e1rea de la salud, a los<\/p>\n","protected":false},"author":2,"featured_media":0,"parent":0,"menu_order":0,"comment_status":"closed","ping_status":"closed","template":"","meta":{"footnotes":""},"class_list":["post-9709","page","type-page","status-publish","hentry"],"yoast_head":"<!-- This site is optimized with the Yoast SEO plugin v27.3 - https:\/\/yoast.com\/product\/yoast-seo-wordpress\/ -->\n<title>Diplomado En Enfermer\u00eda De Cuidados Intensivos - Centro Inca<\/title>\n<meta name=\"robots\" content=\"index, follow, max-snippet:-1, max-image-preview:large, max-video-preview:-1\" \/>\n<link rel=\"canonical\" href=\"https:\/\/centroinca.com\/centroinca\/diplomado-en-enfermeria-de-cuidados-intensivos\/\" \/>\n<meta property=\"og:locale\" content=\"es_ES\" \/>\n<meta property=\"og:type\" content=\"article\" \/>\n<meta property=\"og:title\" content=\"Diplomado En Enfermer\u00eda De Cuidados Intensivos - Centro Inca\" \/>\n<meta property=\"og:description\" content=\"[vc_row full_width=&#8221;stretch_row_content_no_spaces&#8221;][vc_column][vc_single_image image=&#8221;8111&#8243; img_size=&#8221;full&#8221; alignment=&#8221;center&#8221;][\/vc_column][\/vc_row][vc_row gap=&#8221;20&#8243; css=&#8221;.vc_custom_1618946587154{margin-top: 50px !important;margin-bottom: 20px !important;}&#8221;][vc_column width=&#8221;1\/2&#8243;][vc_custom_heading text=&#8221;Diplomado En Enfermeria De Cuidados Intensivos&#8221; font_container=&#8221;tag:h3|text_align:left&#8221; use_theme_fonts=&#8221;yes&#8221; css=&#8221;.vc_custom_1658872444833{margin-bottom: 40px !important;}&#8221;][vc_column_text]OBJETIVO El diplomado en Cuidado Critico, se propone como un espacio de formaci\u00f3n presencial en buscar de incorporar conocimientos relacionados con el cuidado de los profesionales del \u00e1rea de la salud, a los\" \/>\n<meta property=\"og:url\" content=\"https:\/\/centroinca.com\/centroinca\/diplomado-en-enfermeria-de-cuidados-intensivos\/\" \/>\n<meta property=\"og:site_name\" content=\"Centro Inca\" \/>\n<meta property=\"article:modified_time\" content=\"2023-09-07T15:04:59+00:00\" \/>\n<meta name=\"twitter:card\" content=\"summary_large_image\" \/>\n<meta name=\"twitter:label1\" content=\"Tiempo de lectura\" \/>\n\t<meta name=\"twitter:data1\" content=\"6 minutos\" \/>\n<script type=\"application\/ld+json\" class=\"yoast-schema-graph\">{\"@context\":\"https:\\\/\\\/schema.org\",\"@graph\":[{\"@type\":\"WebPage\",\"@id\":\"https:\\\/\\\/centroinca.com\\\/centroinca\\\/diplomado-en-enfermeria-de-cuidados-intensivos\\\/\",\"url\":\"https:\\\/\\\/centroinca.com\\\/centroinca\\\/diplomado-en-enfermeria-de-cuidados-intensivos\\\/\",\"name\":\"Diplomado En Enfermer\u00eda De Cuidados Intensivos - Centro Inca\",\"isPartOf\":{\"@id\":\"https:\\\/\\\/centroinca.com\\\/centroinca\\\/#website\"},\"datePublished\":\"2022-07-27T22:48:53+00:00\",\"dateModified\":\"2023-09-07T15:04:59+00:00\",\"breadcrumb\":{\"@id\":\"https:\\\/\\\/centroinca.com\\\/centroinca\\\/diplomado-en-enfermeria-de-cuidados-intensivos\\\/#breadcrumb\"},\"inLanguage\":\"es\",\"potentialAction\":[{\"@type\":\"ReadAction\",\"target\":[\"https:\\\/\\\/centroinca.com\\\/centroinca\\\/diplomado-en-enfermeria-de-cuidados-intensivos\\\/\"]}]},{\"@type\":\"BreadcrumbList\",\"@id\":\"https:\\\/\\\/centroinca.com\\\/centroinca\\\/diplomado-en-enfermeria-de-cuidados-intensivos\\\/#breadcrumb\",\"itemListElement\":[{\"@type\":\"ListItem\",\"position\":1,\"name\":\"Inicio\",\"item\":\"https:\\\/\\\/centroinca.com\\\/centroinca\\\/\"},{\"@type\":\"ListItem\",\"position\":2,\"name\":\"Diplomado En Enfermer\u00eda De Cuidados Intensivos\"}]},{\"@type\":\"WebSite\",\"@id\":\"https:\\\/\\\/centroinca.com\\\/centroinca\\\/#website\",\"url\":\"https:\\\/\\\/centroinca.com\\\/centroinca\\\/\",\"name\":\"Centro Inca\",\"description\":\"Tu camino al \u00e9xito - Estudia Programas T\u00e9cnicos Laborales en Barranquillla\",\"publisher\":{\"@id\":\"https:\\\/\\\/centroinca.com\\\/centroinca\\\/#organization\"},\"potentialAction\":[{\"@type\":\"SearchAction\",\"target\":{\"@type\":\"EntryPoint\",\"urlTemplate\":\"https:\\\/\\\/centroinca.com\\\/centroinca\\\/?s={search_term_string}\"},\"query-input\":{\"@type\":\"PropertyValueSpecification\",\"valueRequired\":true,\"valueName\":\"search_term_string\"}}],\"inLanguage\":\"es\"},{\"@type\":\"Organization\",\"@id\":\"https:\\\/\\\/centroinca.com\\\/centroinca\\\/#organization\",\"name\":\"Centro Inca\",\"url\":\"https:\\\/\\\/centroinca.com\\\/centroinca\\\/\",\"logo\":{\"@type\":\"ImageObject\",\"inLanguage\":\"es\",\"@id\":\"https:\\\/\\\/centroinca.com\\\/centroinca\\\/#\\\/schema\\\/logo\\\/image\\\/\",\"url\":\"https:\\\/\\\/centroinca.com\\\/centroinca\\\/wp-content\\\/uploads\\\/2019\\\/09\\\/LOGO-CENTRO-INCA-POSITIVO.png\",\"contentUrl\":\"https:\\\/\\\/centroinca.com\\\/centroinca\\\/wp-content\\\/uploads\\\/2019\\\/09\\\/LOGO-CENTRO-INCA-POSITIVO.png\",\"width\":1377,\"height\":546,\"caption\":\"Centro Inca\"},\"image\":{\"@id\":\"https:\\\/\\\/centroinca.com\\\/centroinca\\\/#\\\/schema\\\/logo\\\/image\\\/\"}}]}<\/script>\n<!-- \/ Yoast SEO plugin. -->","yoast_head_json":{"title":"Diplomado En Enfermer\u00eda De Cuidados Intensivos - Centro Inca","robots":{"index":"index","follow":"follow","max-snippet":"max-snippet:-1","max-image-preview":"max-image-preview:large","max-video-preview":"max-video-preview:-1"},"canonical":"https:\/\/centroinca.com\/centroinca\/diplomado-en-enfermeria-de-cuidados-intensivos\/","og_locale":"es_ES","og_type":"article","og_title":"Diplomado En Enfermer\u00eda De Cuidados Intensivos - Centro Inca","og_description":"[vc_row full_width=&#8221;stretch_row_content_no_spaces&#8221;][vc_column][vc_single_image image=&#8221;8111&#8243; img_size=&#8221;full&#8221; alignment=&#8221;center&#8221;][\/vc_column][\/vc_row][vc_row gap=&#8221;20&#8243; css=&#8221;.vc_custom_1618946587154{margin-top: 50px !important;margin-bottom: 20px !important;}&#8221;][vc_column width=&#8221;1\/2&#8243;][vc_custom_heading text=&#8221;Diplomado En Enfermeria De Cuidados Intensivos&#8221; font_container=&#8221;tag:h3|text_align:left&#8221; use_theme_fonts=&#8221;yes&#8221; css=&#8221;.vc_custom_1658872444833{margin-bottom: 40px !important;}&#8221;][vc_column_text]OBJETIVO El diplomado en Cuidado Critico, se propone como un espacio de formaci\u00f3n presencial en buscar de incorporar conocimientos relacionados con el cuidado de los profesionales del \u00e1rea de la salud, a los","og_url":"https:\/\/centroinca.com\/centroinca\/diplomado-en-enfermeria-de-cuidados-intensivos\/","og_site_name":"Centro Inca","article_modified_time":"2023-09-07T15:04:59+00:00","twitter_card":"summary_large_image","twitter_misc":{"Tiempo de lectura":"6 minutos"},"schema":{"@context":"https:\/\/schema.org","@graph":[{"@type":"WebPage","@id":"https:\/\/centroinca.com\/centroinca\/diplomado-en-enfermeria-de-cuidados-intensivos\/","url":"https:\/\/centroinca.com\/centroinca\/diplomado-en-enfermeria-de-cuidados-intensivos\/","name":"Diplomado En Enfermer\u00eda De Cuidados Intensivos - Centro Inca","isPartOf":{"@id":"https:\/\/centroinca.com\/centroinca\/#website"},"datePublished":"2022-07-27T22:48:53+00:00","dateModified":"2023-09-07T15:04:59+00:00","breadcrumb":{"@id":"https:\/\/centroinca.com\/centroinca\/diplomado-en-enfermeria-de-cuidados-intensivos\/#breadcrumb"},"inLanguage":"es","potentialAction":[{"@type":"ReadAction","target":["https:\/\/centroinca.com\/centroinca\/diplomado-en-enfermeria-de-cuidados-intensivos\/"]}]},{"@type":"BreadcrumbList","@id":"https:\/\/centroinca.com\/centroinca\/diplomado-en-enfermeria-de-cuidados-intensivos\/#breadcrumb","itemListElement":[{"@type":"ListItem","position":1,"name":"Inicio","item":"https:\/\/centroinca.com\/centroinca\/"},{"@type":"ListItem","position":2,"name":"Diplomado En Enfermer\u00eda De Cuidados Intensivos"}]},{"@type":"WebSite","@id":"https:\/\/centroinca.com\/centroinca\/#website","url":"https:\/\/centroinca.com\/centroinca\/","name":"Centro Inca","description":"Tu camino al \u00e9xito - Estudia Programas T\u00e9cnicos Laborales en Barranquillla","publisher":{"@id":"https:\/\/centroinca.com\/centroinca\/#organization"},"potentialAction":[{"@type":"SearchAction","target":{"@type":"EntryPoint","urlTemplate":"https:\/\/centroinca.com\/centroinca\/?s={search_term_string}"},"query-input":{"@type":"PropertyValueSpecification","valueRequired":true,"valueName":"search_term_string"}}],"inLanguage":"es"},{"@type":"Organization","@id":"https:\/\/centroinca.com\/centroinca\/#organization","name":"Centro Inca","url":"https:\/\/centroinca.com\/centroinca\/","logo":{"@type":"ImageObject","inLanguage":"es","@id":"https:\/\/centroinca.com\/centroinca\/#\/schema\/logo\/image\/","url":"https:\/\/centroinca.com\/centroinca\/wp-content\/uploads\/2019\/09\/LOGO-CENTRO-INCA-POSITIVO.png","contentUrl":"https:\/\/centroinca.com\/centroinca\/wp-content\/uploads\/2019\/09\/LOGO-CENTRO-INCA-POSITIVO.png","width":1377,"height":546,"caption":"Centro Inca"},"image":{"@id":"https:\/\/centroinca.com\/centroinca\/#\/schema\/logo\/image\/"}}]}},"_links":{"self":[{"href":"https:\/\/centroinca.com\/centroinca\/wp-json\/wp\/v2\/pages\/9709","targetHints":{"allow":["GET"]}}],"collection":[{"href":"https:\/\/centroinca.com\/centroinca\/wp-json\/wp\/v2\/pages"}],"about":[{"href":"https:\/\/centroinca.com\/centroinca\/wp-json\/wp\/v2\/types\/page"}],"author":[{"embeddable":true,"href":"https:\/\/centroinca.com\/centroinca\/wp-json\/wp\/v2\/users\/2"}],"replies":[{"embeddable":true,"href":"https:\/\/centroinca.com\/centroinca\/wp-json\/wp\/v2\/comments?post=9709"}],"version-history":[{"count":13,"href":"https:\/\/centroinca.com\/centroinca\/wp-json\/wp\/v2\/pages\/9709\/revisions"}],"predecessor-version":[{"id":9733,"href":"https:\/\/centroinca.com\/centroinca\/wp-json\/wp\/v2\/pages\/9709\/revisions\/9733"}],"wp:attachment":[{"href":"https:\/\/centroinca.com\/centroinca\/wp-json\/wp\/v2\/media?parent=9709"}],"curies":[{"name":"wp","href":"https:\/\/api.w.org\/{rel}","templated":true}]}}