{"id":9395,"date":"2022-04-06T12:23:29","date_gmt":"2022-04-06T17:23:29","guid":{"rendered":"https:\/\/centroinca.com\/centroinca\/?page_id=9395"},"modified":"2026-03-13T09:50:26","modified_gmt":"2026-03-13T14:50:26","slug":"costos-educativos","status":"publish","type":"page","link":"https:\/\/centroinca.com\/centroinca\/costos-educativos\/","title":{"rendered":"Costos Educativos Programas T\u00e9cnicos &#8211; 2 a\u00f1os Periodo 2025"},"content":{"rendered":"<div class=\"wpb-content-wrapper\"><p>[vc_row full_width=&#8221;stretch_row&#8221; gap=&#8221;35&#8243; css=&#8221;.vc_custom_1621888621397{margin-bottom: 52px !important;background-color: #ffffff !important;}&#8221;][vc_column][vc_custom_heading text=&#8221;Costos educativos Estudiantes Nuevos y Antiguos 1 Periodo&#8221; font_container=&#8221;tag:h3|text_align:left&#8221; google_fonts=&#8221;font_family:Montserrat%3Aregular%2C700|font_style:700%20bold%20regular%3A700%3Anormal&#8221; css=&#8221;.vc_custom_1638293842847{margin-bottom: 39px !important;}&#8221;][vc_column_text]<b>Programas T\u00e9cnicos 2 A\u00f1os Valor 1 Periodo<\/b>[\/vc_column_text][vc_column_text]<\/p>\n<table style=\"height: 31px;\" width=\"586\">\n<tbody>\n<tr style=\"background-color: #cfeaff !important;\">\n<td><span style=\"color: #333333;\">Valor Periodo<\/span><\/td>\n<td style=\"text-align: center;\">$ 2.002.860=<\/td>\n<\/tr>\n<\/tbody>\n<\/table>\n<p>[\/vc_column_text][vc_column_text]<\/p>\n<table>\n<tbody>\n<tr>\n<td style=\"text-align: center; background-color: #2177bb;\" colspan=\"2\"><span style=\"color: white;\"><b>Pago de Contado<\/b><\/span><\/td>\n<\/tr>\n<tr>\n<td style=\"text-align: right;\"><span style=\"color: #333333;\"><b>Ahorra 9% si paga HOY de contado \u2705<\/b><\/span><\/td>\n<td>\n<p style=\"text-align: center;\"><b>Ahorra -$ 180.300=<\/b><\/p>\n<\/td>\n<\/tr>\n<tr>\n<td style=\"text-align: right;\"><span style=\"color: #333333;\"><b>La Fundaci\u00f3n Inca te da un bono de descuento si paga antes de 16 de marzo de 2026 \u2705<\/b><\/span><\/td>\n<td>\n<p style=\"text-align: center;\"><b>Ahorra -$ 98.000=<\/b><\/p>\n<\/td>\n<\/tr>\n<tr>\n<td>\n<p style=\"text-align: right;\"><strong>Pago de Contado con Descuento si paga antes de <span style=\"color: #333333;\"><b>16 de marzo de 2026<\/b><\/span><span style=\"color: #333333;\"><b>\u00a0<\/b><\/span><span style=\"color: #333333;\"><b>\u00a0<\/b><\/span><\/strong><\/p>\n<p style=\"text-align: right;\"><strong><span style=\"color: #333333;\"><i>Incluye Bienestar Institucional y Seguro.<\/i><\/span><\/strong><\/p>\n<\/td>\n<td style=\"background-color: #00ff7f;\">\n<p style=\"text-align: center;\"><strong>$ 1.719.850=<\/strong><\/p>\n<\/td>\n<\/tr>\n<\/tbody>\n<\/table>\n<p>[\/vc_column_text][vc_column_text css=&#8221;.vc_custom_1621888444729{margin-top: 25px !important;}&#8221;]<b>Pago de Contado directo con la Instituci\u00f3n o Financiado a trav\u00e9s de:<\/b>[\/vc_column_text][vc_row_inner][vc_column_inner width=&#8221;1\/5&#8243;][vc_single_image image=&#8221;8811&#8243; img_size=&#8221;50X32&#8243;][\/vc_column_inner][vc_column_inner width=&#8221;1\/5&#8243;][vc_single_image image=&#8221;8810&#8243; img_size=&#8221;80X18&#8243;][\/vc_column_inner][vc_column_inner width=&#8221;1\/5&#8243;][vc_single_image image=&#8221;8807&#8243; img_size=&#8221;90X10&#8243;][\/vc_column_inner][vc_column_inner width=&#8221;1\/5&#8243;][vc_single_image image=&#8221;8805&#8243; img_size=&#8221;50X32&#8243;][\/vc_column_inner][vc_column_inner width=&#8221;1\/5&#8243;][vc_single_image image=&#8221;8808&#8243; img_size=&#8221;120X35&#8243;][\/vc_column_inner][\/vc_row_inner][vc_empty_space][vc_row_inner][vc_column_inner width=&#8221;1\/6&#8243;][\/vc_column_inner][vc_column_inner width=&#8221;1\/6&#8243;][\/vc_column_inner][vc_column_inner width=&#8221;1\/6&#8243;][vc_single_image image=&#8221;8812&#8243; img_size=&#8221;50X28&#8243;][\/vc_column_inner][vc_column_inner width=&#8221;1\/6&#8243;][vc_single_image image=&#8221;8809&#8243; img_size=&#8221;50X39&#8243;][\/vc_column_inner][vc_column_inner width=&#8221;1\/6&#8243;][\/vc_column_inner][vc_column_inner width=&#8221;1\/6&#8243;][\/vc_column_inner][\/vc_row_inner][vc_column_text]<\/p>\n<p style=\"text-align: center;\"><strong><span style=\"color: #000080;\"><a style=\"color: #000080;\" href=\"https:\/\/www.centroinca.net\/pattern.php?form=admisiones_informacion.php\">Inscripci\u00f3n, Financiaci\u00f3n y Matr\u00edcula<\/a><\/span><\/strong><\/p>\n<p>[\/vc_column_text][vc_empty_space][vc_column_text]<\/p>\n<table style=\"height: 197px;\" width=\"596\">\n<tbody>\n<tr>\n<td style=\"text-align: center; background-color: #2177bb;\" colspan=\"4\"><span style=\"color: white;\"><b>Pago por Cuotas<\/b><\/span><\/td>\n<\/tr>\n<tr>\n<td style=\"text-align: center; background-color: #2177bb; min-width: 200px !important;\"><\/td>\n<td style=\"text-align: center; background-color: #2177bb;\"><span style=\"font-weight: 400; color: white;\"> Valor por Cuotas sin Descuento Desde el 17 de marzo de 2026<\/span><\/td>\n<td style=\"text-align: center; background-color: #2177bb;\"><span style=\"font-weight: 400; color: white;\"> <b>Descuento Pago por Cuotas<\/b><br \/>\nsi paga antes de 16 de marzo de 2026 o hasta cumplir el m\u00e1ximo de estudiantes por c\u00f3digo.<\/span><\/td>\n<td style=\"text-align: center; background-color: #2177bb;\"><span style=\"font-weight: 400; color: white;\"> Valor por Cuotas con Descuento si paga antes de 16 de marzo de 2026 o hasta cumplir el m\u00e1ximo de estudiantes por c\u00f3digo.<\/span><\/td>\n<\/tr>\n<tr>\n<td><span style=\"font-weight: 400; color: #000000;\">Valor por Cuotas<\/span><\/td>\n<td style=\"text-align: right;\"><span style=\"color: #000000;\">$ 2.002.860=<\/span><\/td>\n<td style=\"text-align: right;\" rowspan=\"2\"><strong><span style=\"color: #000000;\">-$ 98.000=<\/span><\/strong><\/td>\n<td style=\"text-align: right;\"><span style=\"color: #000000;\"><b>$ 1.904.860=<\/b><\/span><\/td>\n<\/tr>\n<tr>\n<td><span style=\"font-weight: 400; color: #000000;\">1 Cuota Inicial<\/span><\/td>\n<td style=\"text-align: right;\"><span style=\"color: #000000;\">$ 524.110=<\/span><\/td>\n<td style=\"text-align: right;\"><span style=\"color: #000000;\"><b>$ 426.110=<\/b><\/span><\/td>\n<\/tr>\n<tr>\n<td><span style=\"font-weight: 400; color: #000000;\">5 Cuotas<\/span><\/td>\n<td style=\"text-align: right;\"><span style=\"color: #000000;\">$ 295.750=<\/span><\/td>\n<td style=\"text-align: center;\"><\/td>\n<td style=\"text-align: right;\"><b><span style=\"color: #000000;\">$ 295.750<\/span>=<\/b><\/td>\n<\/tr>\n<tr>\n<td colspan=\"3\"><strong>La Fundaci\u00f3n Desarrollo Humano Caribe te da un bono de descuento si paga antes de <span style=\"color: #333333;\"><b>16 de marzo de 2026<\/b><\/span><\/strong><\/td>\n<td style=\"text-align: right; background-color: #00ff7f;\"><span style=\"color: #000000;\"><b>$ 426.110=<\/b><\/span><\/td>\n<\/tr>\n<\/tbody>\n<\/table>\n<p>[\/vc_column_text][vc_column_text]<\/p>\n<p style=\"text-align: center;\"><strong><span style=\"color: #000080;\"><a style=\"color: #000080;\" href=\"https:\/\/www.centroinca.net\/pattern.php?form=admisiones_informacion.php\">Inscripci\u00f3n, Financiaci\u00f3n y Matr\u00edcula<\/a><\/span><\/strong><\/p>\n<p>[\/vc_column_text][vc_column_text]<strong>Carnet Institucional Estudiantes Nuevos<\/strong><\/p>\n<p>Adicionalmente, a los costos descritos anteriormente, los ESTUDIANTES NUEVOS deben cancelar el costo del carnet digital, el cual se cancela una sola vez al iniciar el programa con la matr\u00edcula o la cuota inicial o por da\u00f1o o p\u00e9rdida.<\/p>\n<p><span style=\"font-weight: 400;\">El Costo del Carnet Digital es de $ <strong>51<\/strong><\/span><b>.700=<\/b>[\/vc_column_text][\/vc_column][\/vc_row][vc_row equal_height=&#8221;yes&#8221;][vc_column][vc_separator color=&#8221;custom&#8221; accent_color=&#8221;#c4c4c4&#8243;][\/vc_column][\/vc_row][vc_row full_width=&#8221;stretch_row_content&#8221; content_placement=&#8221;middle&#8221; css=&#8221;.vc_custom_1621890540778{background-color: #0f3a9e !important;}&#8221;][vc_column][vc_empty_space height=&#8221;35px&#8221;][vc_custom_heading icon=&#8221;fas fa-comment-dollar&#8221; icon_size=&#8221;40&#8243; icon_pos=&#8221;top&#8221; text=&#8221;Facilidades de Pago&#8221; font_container=&#8221;tag:h3|text_align:center|color:%23ffffff&#8221; use_theme_fonts=&#8221;yes&#8221; css=&#8221;.vc_custom_1621891073719{margin-bottom: 39px !important;}&#8221;][vc_empty_space][\/vc_column][\/vc_row][vc_row full_width=&#8221;stretch_row&#8221; gap=&#8221;35&#8243; css=&#8221;.vc_custom_1621890867320{margin-top: 50px !important;margin-bottom: 52px !important;background-color: #ffffff !important;}&#8221;][vc_column width=&#8221;1\/2&#8243;][vc_column_text]<strong>Pagos ONLINE a trav\u00e9s de la plataforma PSE<\/strong><\/p>\n<p><span style=\"font-weight: 400;\">CENTRO INCA pone a disposici\u00f3n de sus estudiantes el Servicio de Pago En L\u00ednea PSE. Con el que podr\u00e1 cancelar la matr\u00edcula desde la comodidad de su casa sin necesidad de pagar por desplazarse al Banco, hacer filas ni perder su tiempo.<\/span>[\/vc_column_text][vc_column_text]<strong>Pago por Cuotas Mensuales o Semanales<\/strong><\/p>\n<p><span style=\"font-weight: 400;\">El estudiante tiene la posibilidad de diferir el pago en cuotas, en esta modalidad el estudiante cancela una matr\u00edcula y un total de 5 cuotas en el caso de un Periodo Acad\u00e9mico, adem\u00e1s el estudiante puede pagar semanalmente las cuotas en forma de abono.<\/span>[\/vc_column_text][vc_column_text]<strong><span style=\"color: #333333;\">Pago a trav\u00e9s de Auxilios Educativos &#8211; Cajas de Compensaci\u00f3n y Empresas<\/span><\/strong><\/p>\n<p><span style=\"font-weight: 400; color: #333333;\">El Centro Inca tiene convenios con CAJAS DE COMPENSACI\u00d3N las cuales suministran AUXILIOS EDUCATIVOS a los trabajadores afiliados y sus familiares, estos auxilios pueden ser utilizados como parte del pago del valor de su matr\u00edcula.<\/span><\/p>\n<p><span style=\"font-weight: 400; color: #333333;\">Adem\u00e1s Centro Inca mantiene convenios con empresas del sector productivo en lo relacionado con auxilios empresariales.<\/span><\/p>\n<p><span style=\"font-weight: 400; color: #333333;\">Para mayor informaci\u00f3n referente al procedimiento de cada caja de compensaci\u00f3n, hacer click en los siguientes links:<\/span><\/p>\n<ul>\n<li style=\"font-weight: 400;\" aria-level=\"1\"><span style=\"color: #003366;\"><a style=\"color: #003366;\" href=\"https:\/\/www.comfamiliar.com.co\/opencms\/opencms\/comfamiliar\/Servicios\/Subsidio\/Portafolio\/AuxiliosEducativos.html\"><span style=\"font-weight: 400;\">&#8211;<\/span><\/a><a style=\"color: #003366;\" href=\"https:\/\/extranet.comfamiliar.com.co\/extranet\/login\/auth\"><span style=\"font-weight: 400;\"> Comfamiliar del Atl\u00e1ntico<\/span><\/a><\/span><\/li>\n<li style=\"font-weight: 400;\" aria-level=\"1\"><span style=\"font-weight: 400; color: #003366;\">&#8211; <a style=\"color: #003366;\" href=\"https:\/\/plataforma.cajacopi.com\/\">Cajacopi: Informaci\u00f3n Directamente en la sede de Cajacopi.<\/a><\/span><\/li>\n<\/ul>\n<p>[\/vc_column_text][\/vc_column][vc_column width=&#8221;1\/2&#8243;][vc_column_text]<strong><span style=\"color: #333333;\">Financiaci\u00f3n con Diversas Entidades<\/span><\/strong><\/p>\n<p><span style=\"font-weight: 400; color: #333333;\">Puedes solicitar la financiaci\u00f3n de tus estudios con diversas entidades, a continuaci\u00f3n te mostramos la lista de entidades con la cu\u00e1l puedes financiar tus estudios, puede hacer click en el link para conocer los requisitos de cada entidad:<\/span><\/p>\n<ul>\n<li style=\"font-weight: 400;\" aria-level=\"1\"><span style=\"color: #333333;\"><a style=\"color: #333333;\" href=\"https:\/\/www.brillagascaribe.com\/secure.php?us=bG9naW4tY3JlZGl0bw==\"><span style=\"font-weight: 400;\">&#8211; Brilla de Gases del Caribe<\/span><\/a><\/span><\/li>\n<li style=\"font-weight: 400;\" aria-level=\"1\"><span style=\"color: #333333;\"><a style=\"color: #333333;\" href=\"https:\/\/tarjetaolimpica.com.co\/Index\/\"><span style=\"font-weight: 400;\">&#8211; Tarjeta Ol\u00edmpica<\/span><\/a><\/span><\/li>\n<li style=\"font-weight: 400;\" aria-level=\"1\"><span style=\"color: #333333;\"><a style=\"color: #333333;\" href=\"https:\/\/bancoserfinanza.com\/personas\/credito-educativo\/\"><span style=\"font-weight: 400;\">&#8211; Serfinanza<\/span><\/a><\/span><\/li>\n<li style=\"font-weight: 400;\" aria-level=\"1\"><span style=\"color: #333333;\"><a style=\"color: #333333;\" href=\"https:\/\/coopfuturo.com.co\/login\/?redirect_to=https%3A%2F%2Fcoopfuturo.com.co%2Fsolicitud-de-credito-en-linea%2F\"><span style=\"font-weight: 400;\">&#8211; Coopfuturo<\/span><\/a><\/span><\/li>\n<li style=\"font-weight: 400;\" aria-level=\"1\"><span style=\"color: #333333;\"><a style=\"color: #333333;\" href=\"https:\/\/pichincha.credyty.com\/\"><span style=\"font-weight: 400;\">&#8211; Bancho Pichincha + Credyty<\/span><\/a><\/span><\/li>\n<\/ul>\n<p>[\/vc_column_text][vc_column_text]<strong>Descuento de Matr\u00edcula Ordinaria<\/strong><\/p>\n<p><span style=\"font-weight: 400;\">El Centro Inca ofrece un descuento en el valor de la matr\u00edcula el cual se denomina MATR\u00cdCULA ORDINARIA, Los estudiantes que cancelan en el periodo de matr\u00edcula ordinaria y legalicen su matr\u00edcula en este periodo obtienen un descuento.<\/span><\/p>\n<p><b>Tenga en cuenta:<\/b><span style=\"font-weight: 400;\"> Sea por periodo Acad\u00e9mico o por M\u00f3dulo Acad\u00e9mico. Si el estudiante procesa su matr\u00edcula despu\u00e9s de la fecha ordinaria estipulada aunque haya pagado en el banco antes de la fecha y no cumpli\u00f3 con el proceso de matr\u00edcula ordinaria perder\u00e1 el descuento. El valor de descuento deber\u00e1 cancelarlo en la primera cuota.<\/span>[\/vc_column_text][\/vc_column][\/vc_row][vc_row full_width=&#8221;stretch_row_content&#8221; content_placement=&#8221;middle&#8221; css=&#8221;.vc_custom_1621890540778{background-color: #0f3a9e !important;}&#8221;][vc_column][vc_empty_space height=&#8221;35px&#8221;][vc_custom_heading icon=&#8221;fas fa-search&#8221; icon_size=&#8221;40&#8243; icon_pos=&#8221;top&#8221; text=&#8221;Observaciones&#8221; font_container=&#8221;tag:h3|text_align:center|color:%23ffffff&#8221; use_theme_fonts=&#8221;yes&#8221; css=&#8221;.vc_custom_1621891154384{margin-bottom: 39px !important;}&#8221;][vc_empty_space][\/vc_column][\/vc_row][vc_row full_width=&#8221;stretch_row&#8221; gap=&#8221;35&#8243; css=&#8221;.vc_custom_1621890867320{margin-top: 50px !important;margin-bottom: 52px !important;background-color: #ffffff !important;}&#8221;][vc_column width=&#8221;1\/2&#8243;][vc_column_text]<strong>Costos Pr\u00e1ctica Educativa.<\/strong><\/p>\n<p>La pr\u00e1ctica educativa externa tendr\u00e1 un costo similar al periodo acad\u00e9mico vigente, acorde a lo establecido en el Reglamento institucional y acorde a la normatividad vigente.<\/p>\n<p><span style=\"font-weight: 400;\">La inspecci\u00f3n y vigilancia de este programa est\u00e1 a cargo de la Secretar\u00eda de Educaci\u00f3n Distrital.<\/span>[\/vc_column_text][\/vc_column][vc_column width=&#8221;1\/2&#8243;][vc_single_image image=&#8221;8192&#8243; img_size=&#8221;large&#8221; alignment=&#8221;center&#8221; style=&#8221;vc_box_rounded&#8221;][\/vc_column][\/vc_row]<\/p>\n<\/div>","protected":false},"excerpt":{"rendered":"<p>[vc_row full_width=&#8221;stretch_row&#8221; gap=&#8221;35&#8243; css=&#8221;.vc_custom_1621888621397{margin-bottom: 52px !important;background-color: #ffffff !important;}&#8221;][vc_column][vc_custom_heading text=&#8221;Costos educativos Estudiantes Nuevos y Antiguos 1 Periodo&#8221; font_container=&#8221;tag:h3|text_align:left&#8221; google_fonts=&#8221;font_family:Montserrat%3Aregular%2C700|font_style:700%20bold%20regular%3A700%3Anormal&#8221; css=&#8221;.vc_custom_1638293842847{margin-bottom: 39px !important;}&#8221;][vc_column_text]Programas T\u00e9cnicos 2 A\u00f1os Valor 1 Periodo[\/vc_column_text][vc_column_text] Valor Periodo $ 2.002.860= [\/vc_column_text][vc_column_text] Pago de Contado Ahorra 9% si paga HOY de contado \u2705 Ahorra -$ 180.300= La Fundaci\u00f3n Inca te da un bono de descuento<\/p>\n","protected":false},"author":1,"featured_media":0,"parent":0,"menu_order":0,"comment_status":"closed","ping_status":"closed","template":"","meta":{"footnotes":""},"class_list":["post-9395","page","type-page","status-publish","hentry"],"yoast_head":"<!-- This site is optimized with the Yoast SEO plugin v27.3 - https:\/\/yoast.com\/product\/yoast-seo-wordpress\/ -->\n<title>Costos Educativos Programas T\u00e9cnicos - 2 a\u00f1os Periodo 2025 - Centro Inca<\/title>\n<meta name=\"robots\" content=\"index, follow, max-snippet:-1, max-image-preview:large, max-video-preview:-1\" \/>\n<link rel=\"canonical\" href=\"https:\/\/centroinca.com\/centroinca\/costos-educativos\/\" \/>\n<meta property=\"og:locale\" content=\"es_ES\" \/>\n<meta property=\"og:type\" content=\"article\" \/>\n<meta property=\"og:title\" content=\"Costos Educativos Programas T\u00e9cnicos - 2 a\u00f1os Periodo 2025 - Centro Inca\" \/>\n<meta property=\"og:description\" content=\"[vc_row full_width=&#8221;stretch_row&#8221; gap=&#8221;35&#8243; css=&#8221;.vc_custom_1621888621397{margin-bottom: 52px !important;background-color: #ffffff !important;}&#8221;][vc_column][vc_custom_heading text=&#8221;Costos educativos Estudiantes Nuevos y Antiguos 1 Periodo&#8221; font_container=&#8221;tag:h3|text_align:left&#8221; google_fonts=&#8221;font_family:Montserrat%3Aregular%2C700|font_style:700%20bold%20regular%3A700%3Anormal&#8221; css=&#8221;.vc_custom_1638293842847{margin-bottom: 39px !important;}&#8221;][vc_column_text]Programas T\u00e9cnicos 2 A\u00f1os Valor 1 Periodo[\/vc_column_text][vc_column_text] Valor Periodo $ 2.002.860= [\/vc_column_text][vc_column_text] Pago de Contado Ahorra 9% si paga HOY de contado \u2705 Ahorra -$ 180.300= La Fundaci\u00f3n Inca te da un bono de descuento\" \/>\n<meta property=\"og:url\" content=\"https:\/\/centroinca.com\/centroinca\/costos-educativos\/\" \/>\n<meta property=\"og:site_name\" content=\"Centro Inca\" \/>\n<meta property=\"article:modified_time\" content=\"2026-03-13T14:50:26+00:00\" \/>\n<meta name=\"twitter:card\" content=\"summary_large_image\" \/>\n<meta name=\"twitter:label1\" content=\"Tiempo de lectura\" \/>\n\t<meta name=\"twitter:data1\" content=\"6 minutos\" \/>\n<script type=\"application\/ld+json\" class=\"yoast-schema-graph\">{\"@context\":\"https:\\\/\\\/schema.org\",\"@graph\":[{\"@type\":\"WebPage\",\"@id\":\"https:\\\/\\\/centroinca.com\\\/centroinca\\\/costos-educativos\\\/\",\"url\":\"https:\\\/\\\/centroinca.com\\\/centroinca\\\/costos-educativos\\\/\",\"name\":\"Costos Educativos Programas T\u00e9cnicos - 2 a\u00f1os Periodo 2025 - Centro Inca\",\"isPartOf\":{\"@id\":\"https:\\\/\\\/centroinca.com\\\/centroinca\\\/#website\"},\"datePublished\":\"2022-04-06T17:23:29+00:00\",\"dateModified\":\"2026-03-13T14:50:26+00:00\",\"breadcrumb\":{\"@id\":\"https:\\\/\\\/centroinca.com\\\/centroinca\\\/costos-educativos\\\/#breadcrumb\"},\"inLanguage\":\"es\",\"potentialAction\":[{\"@type\":\"ReadAction\",\"target\":[\"https:\\\/\\\/centroinca.com\\\/centroinca\\\/costos-educativos\\\/\"]}]},{\"@type\":\"BreadcrumbList\",\"@id\":\"https:\\\/\\\/centroinca.com\\\/centroinca\\\/costos-educativos\\\/#breadcrumb\",\"itemListElement\":[{\"@type\":\"ListItem\",\"position\":1,\"name\":\"Inicio\",\"item\":\"https:\\\/\\\/centroinca.com\\\/centroinca\\\/\"},{\"@type\":\"ListItem\",\"position\":2,\"name\":\"Costos Educativos Programas T\u00e9cnicos &#8211; 2 a\u00f1os Periodo 2025\"}]},{\"@type\":\"WebSite\",\"@id\":\"https:\\\/\\\/centroinca.com\\\/centroinca\\\/#website\",\"url\":\"https:\\\/\\\/centroinca.com\\\/centroinca\\\/\",\"name\":\"Centro Inca\",\"description\":\"Tu camino al \u00e9xito - Estudia Programas T\u00e9cnicos Laborales en Barranquillla\",\"publisher\":{\"@id\":\"https:\\\/\\\/centroinca.com\\\/centroinca\\\/#organization\"},\"potentialAction\":[{\"@type\":\"SearchAction\",\"target\":{\"@type\":\"EntryPoint\",\"urlTemplate\":\"https:\\\/\\\/centroinca.com\\\/centroinca\\\/?s={search_term_string}\"},\"query-input\":{\"@type\":\"PropertyValueSpecification\",\"valueRequired\":true,\"valueName\":\"search_term_string\"}}],\"inLanguage\":\"es\"},{\"@type\":\"Organization\",\"@id\":\"https:\\\/\\\/centroinca.com\\\/centroinca\\\/#organization\",\"name\":\"Centro Inca\",\"url\":\"https:\\\/\\\/centroinca.com\\\/centroinca\\\/\",\"logo\":{\"@type\":\"ImageObject\",\"inLanguage\":\"es\",\"@id\":\"https:\\\/\\\/centroinca.com\\\/centroinca\\\/#\\\/schema\\\/logo\\\/image\\\/\",\"url\":\"https:\\\/\\\/centroinca.com\\\/centroinca\\\/wp-content\\\/uploads\\\/2019\\\/09\\\/LOGO-CENTRO-INCA-POSITIVO.png\",\"contentUrl\":\"https:\\\/\\\/centroinca.com\\\/centroinca\\\/wp-content\\\/uploads\\\/2019\\\/09\\\/LOGO-CENTRO-INCA-POSITIVO.png\",\"width\":1377,\"height\":546,\"caption\":\"Centro Inca\"},\"image\":{\"@id\":\"https:\\\/\\\/centroinca.com\\\/centroinca\\\/#\\\/schema\\\/logo\\\/image\\\/\"}}]}<\/script>\n<!-- \/ Yoast SEO plugin. -->","yoast_head_json":{"title":"Costos Educativos Programas T\u00e9cnicos - 2 a\u00f1os Periodo 2025 - Centro Inca","robots":{"index":"index","follow":"follow","max-snippet":"max-snippet:-1","max-image-preview":"max-image-preview:large","max-video-preview":"max-video-preview:-1"},"canonical":"https:\/\/centroinca.com\/centroinca\/costos-educativos\/","og_locale":"es_ES","og_type":"article","og_title":"Costos Educativos Programas T\u00e9cnicos - 2 a\u00f1os Periodo 2025 - Centro Inca","og_description":"[vc_row full_width=&#8221;stretch_row&#8221; gap=&#8221;35&#8243; css=&#8221;.vc_custom_1621888621397{margin-bottom: 52px !important;background-color: #ffffff !important;}&#8221;][vc_column][vc_custom_heading text=&#8221;Costos educativos Estudiantes Nuevos y Antiguos 1 Periodo&#8221; font_container=&#8221;tag:h3|text_align:left&#8221; google_fonts=&#8221;font_family:Montserrat%3Aregular%2C700|font_style:700%20bold%20regular%3A700%3Anormal&#8221; css=&#8221;.vc_custom_1638293842847{margin-bottom: 39px !important;}&#8221;][vc_column_text]Programas T\u00e9cnicos 2 A\u00f1os Valor 1 Periodo[\/vc_column_text][vc_column_text] Valor Periodo $ 2.002.860= [\/vc_column_text][vc_column_text] Pago de Contado Ahorra 9% si paga HOY de contado \u2705 Ahorra -$ 180.300= La Fundaci\u00f3n Inca te da un bono de descuento","og_url":"https:\/\/centroinca.com\/centroinca\/costos-educativos\/","og_site_name":"Centro Inca","article_modified_time":"2026-03-13T14:50:26+00:00","twitter_card":"summary_large_image","twitter_misc":{"Tiempo de lectura":"6 minutos"},"schema":{"@context":"https:\/\/schema.org","@graph":[{"@type":"WebPage","@id":"https:\/\/centroinca.com\/centroinca\/costos-educativos\/","url":"https:\/\/centroinca.com\/centroinca\/costos-educativos\/","name":"Costos Educativos Programas T\u00e9cnicos - 2 a\u00f1os Periodo 2025 - Centro Inca","isPartOf":{"@id":"https:\/\/centroinca.com\/centroinca\/#website"},"datePublished":"2022-04-06T17:23:29+00:00","dateModified":"2026-03-13T14:50:26+00:00","breadcrumb":{"@id":"https:\/\/centroinca.com\/centroinca\/costos-educativos\/#breadcrumb"},"inLanguage":"es","potentialAction":[{"@type":"ReadAction","target":["https:\/\/centroinca.com\/centroinca\/costos-educativos\/"]}]},{"@type":"BreadcrumbList","@id":"https:\/\/centroinca.com\/centroinca\/costos-educativos\/#breadcrumb","itemListElement":[{"@type":"ListItem","position":1,"name":"Inicio","item":"https:\/\/centroinca.com\/centroinca\/"},{"@type":"ListItem","position":2,"name":"Costos Educativos Programas T\u00e9cnicos &#8211; 2 a\u00f1os Periodo 2025"}]},{"@type":"WebSite","@id":"https:\/\/centroinca.com\/centroinca\/#website","url":"https:\/\/centroinca.com\/centroinca\/","name":"Centro Inca","description":"Tu camino al \u00e9xito - Estudia Programas T\u00e9cnicos Laborales en Barranquillla","publisher":{"@id":"https:\/\/centroinca.com\/centroinca\/#organization"},"potentialAction":[{"@type":"SearchAction","target":{"@type":"EntryPoint","urlTemplate":"https:\/\/centroinca.com\/centroinca\/?s={search_term_string}"},"query-input":{"@type":"PropertyValueSpecification","valueRequired":true,"valueName":"search_term_string"}}],"inLanguage":"es"},{"@type":"Organization","@id":"https:\/\/centroinca.com\/centroinca\/#organization","name":"Centro Inca","url":"https:\/\/centroinca.com\/centroinca\/","logo":{"@type":"ImageObject","inLanguage":"es","@id":"https:\/\/centroinca.com\/centroinca\/#\/schema\/logo\/image\/","url":"https:\/\/centroinca.com\/centroinca\/wp-content\/uploads\/2019\/09\/LOGO-CENTRO-INCA-POSITIVO.png","contentUrl":"https:\/\/centroinca.com\/centroinca\/wp-content\/uploads\/2019\/09\/LOGO-CENTRO-INCA-POSITIVO.png","width":1377,"height":546,"caption":"Centro Inca"},"image":{"@id":"https:\/\/centroinca.com\/centroinca\/#\/schema\/logo\/image\/"}}]}},"_links":{"self":[{"href":"https:\/\/centroinca.com\/centroinca\/wp-json\/wp\/v2\/pages\/9395","targetHints":{"allow":["GET"]}}],"collection":[{"href":"https:\/\/centroinca.com\/centroinca\/wp-json\/wp\/v2\/pages"}],"about":[{"href":"https:\/\/centroinca.com\/centroinca\/wp-json\/wp\/v2\/types\/page"}],"author":[{"embeddable":true,"href":"https:\/\/centroinca.com\/centroinca\/wp-json\/wp\/v2\/users\/1"}],"replies":[{"embeddable":true,"href":"https:\/\/centroinca.com\/centroinca\/wp-json\/wp\/v2\/comments?post=9395"}],"version-history":[{"count":26,"href":"https:\/\/centroinca.com\/centroinca\/wp-json\/wp\/v2\/pages\/9395\/revisions"}],"predecessor-version":[{"id":12567,"href":"https:\/\/centroinca.com\/centroinca\/wp-json\/wp\/v2\/pages\/9395\/revisions\/12567"}],"wp:attachment":[{"href":"https:\/\/centroinca.com\/centroinca\/wp-json\/wp\/v2\/media?parent=9395"}],"curies":[{"name":"wp","href":"https:\/\/api.w.org\/{rel}","templated":true}]}}