{"id":9108,"date":"2021-09-24T14:30:04","date_gmt":"2021-09-24T19:30:04","guid":{"rendered":"https:\/\/centroinca.com\/centroinca\/?page_id=9108"},"modified":"2023-09-07T10:07:14","modified_gmt":"2023-09-07T15:07:14","slug":"registro-de-empresa","status":"publish","type":"page","link":"https:\/\/centroinca.com\/centroinca\/registro-de-empresa\/","title":{"rendered":"Registro de Empresa"},"content":{"rendered":"<div class=\"wpb-content-wrapper\"><p>[vc_row][vc_column][vc_tta_pageable no_fill_content_area=&#8221;1&#8243; active_section=&#8221;1&#8243; pagination_style=&#8221;outline-square&#8221; css_animation=&#8221;fadeIn&#8221;][vc_tta_section title=&#8221;Bienvenida&#8221; tab_id=&#8221;1632511438044-d6c3cbc6-c018&#8243;][vc_empty_space][vc_row_inner][vc_column_inner width=&#8221;1\/2&#8243;][vc_custom_heading text=&#8221;Bienvenido Empresario !&#8221; use_theme_fonts=&#8221;yes&#8221;][vc_column_text]<strong>Antes de su reg\u00edstro conozca nuestra instituci\u00f3n !<\/strong><\/p>\n<p>CENTRO INCA ltda. Es una entidad educativa en la modalidad de Educaci\u00f3n para el Trabajo y el Desarrollo Humano, con m\u00e1s de 30 a\u00f1os de funcionamiento continuo, certificada por el ICONTEC en las normas ISO 9001, NTC 5555, NTC 5581, NTC 5663, NTC 5665 y NTC 5666 debidamente autorizada por el Gobierno y autorizada por el SENA para establecer Contratos de Aprendizaje en los Programas Certificados en Calidad; contamos con diversos programas acad\u00e9micos que se complementan a trav\u00e9s de pr\u00e1cticas educativas internas y externas que le permitan al estudiante afianzar sus conocimientos y ampliar sus posibilidades laborales.[\/vc_column_text][vc_btn title=&#8221;Siguiente&#8221; color=&#8221;blue&#8221; link=&#8221;url:%231632511787587-6499e6cc-1181&#8243;][\/vc_column_inner][vc_column_inner width=&#8221;1\/2&#8243;][vc_single_image image=&#8221;9123&#8243; img_size=&#8221;full&#8221;][\/vc_column_inner][\/vc_row_inner][\/vc_tta_section][vc_tta_section title=&#8221;Nuestros Servicios&#8221; tab_id=&#8221;1632511787587-6499e6cc-1181&#8243;][vc_empty_space][vc_row_inner][vc_column_inner width=&#8221;1\/2&#8243;][vc_custom_heading text=&#8221;Nuestros Servicios&#8221; use_theme_fonts=&#8221;yes&#8221;][vc_column_text]Por lo anterior, nos dirigimos a usted con el \u00e1nimo de presentar una serie de propuestas que estamos seguros interesar\u00e1n y convendr\u00e1n a la empresa que representa:<\/p>\n<p>1. EL CENTRO INCA a trav\u00e9s de su departamento de Desarrollo Empresarial ofrece continuamente cursos especiales de corta duraci\u00f3n, organizados por la instituci\u00f3n o solicitados directamente por las empresas acorde a sus necesidades; igualmente, contamos con cursos regulares o programas de capacitaci\u00f3n acad\u00e9mica y t\u00e9cnica.[\/vc_column_text][vc_btn title=&#8221;Anterior&#8221; color=&#8221;default&#8221; link=&#8221;url:%231632511438044-d6c3cbc6-c018&#8243;][vc_btn title=&#8221;Siguiente&#8221; color=&#8221;blue&#8221; link=&#8221;url:%231632513180817-82f286af-d90d&#8221;][\/vc_column_inner][vc_column_inner width=&#8221;1\/2&#8243;][vc_single_image image=&#8221;9125&#8243; img_size=&#8221;full&#8221;][\/vc_column_inner][\/vc_row_inner][\/vc_tta_section][vc_tta_section title=&#8221;Nuestros Servicios&#8221; tab_id=&#8221;1632513180817-82f286af-d90d&#8221;][vc_empty_space][vc_row_inner][vc_column_inner width=&#8221;1\/2&#8243;][vc_custom_heading text=&#8221;Nuestros Servicios&#8221; use_theme_fonts=&#8221;yes&#8221;][vc_column_text]2. Los estudiantes al finalizar los diferentes programas regulares que ofrece el CENTRO INCA, deben realizar pr\u00e1cticas educativas internas y externas. Empresas e industrias reconocidas de la ciudad vienen realizando convenios o patrocinios con la instituci\u00f3n, los cuales se desarrollan de la siguiente manera.[\/vc_column_text][vc_btn title=&#8221;Anterior&#8221; color=&#8221;default&#8221; link=&#8221;url:%231632511787587-6499e6cc-1181&#8243;][vc_btn title=&#8221;Siguiente&#8221; color=&#8221;blue&#8221; link=&#8221;url:%231632513216184-56fa5a98-0791&#8243;][\/vc_column_inner][vc_column_inner width=&#8221;1\/2&#8243;][vc_single_image image=&#8221;9126&#8243; img_size=&#8221;full&#8221;][\/vc_column_inner][\/vc_row_inner][\/vc_tta_section][vc_tta_section title=&#8221;Convenio de Pr\u00e1cticas Externas Convenio Interinstitucional&#8221; tab_id=&#8221;1632513216184-56fa5a98-0791&#8243;][vc_empty_space][vc_row_inner][vc_column_inner width=&#8221;1\/2&#8243;][vc_custom_heading text=&#8221;Convenio de Pr\u00e1cticas Externas \/ Convenio Interinstitucional&#8221; use_theme_fonts=&#8221;yes&#8221;][vc_column_text]La duraci\u00f3n de la pr\u00e1ctica es de 6 meses cumpliendo con un n\u00famero de horas de pr\u00e1cticas, y su vinculaci\u00f3n es en calidad de pr\u00e1ctica educativa, estipulado en nuestro reglamento interno, el cual se encuentra debidamente legalizado ante la Secretar\u00eda de Educaci\u00f3n Departamental. Para la pr\u00e1ctica educativa externa se establece un convenio donde se especifica principalmente, que la empresa recibe al estudiante para entrenarlo (a) en sus instalaciones y ofrecerles conocimientos diferentes en el \u00e1rea que se desempe\u00f1a, sin contraprestaciones por dichos servicios, debiendo el estudiante contraer un seguro obligatorio, cuya duraci\u00f3n no ser\u00e1 menor de un a\u00f1o.<\/p>\n<p>&nbsp;<\/p>\n<p>Si la empresa considera, como muchas lo estipulan en el convenio, le reconocen sueldo, bonificaci\u00f3n o alguna ayuda, incluso la contrataci\u00f3n directa. El estudiante deber\u00e1 firmar este convenio con el representante legal de la instituci\u00f3n, comprometi\u00e9ndose a cumplir con lo pactado, quedando la empresa en libertad de interrumpir su pr\u00e1ctica por cualquier inconveniente que se le presentara. Es importante resaltar que el modelo de convenio que se env\u00eda a las empresas puede ser modificado acorde a las necesidades de cada una.[\/vc_column_text][vc_btn title=&#8221;Anterior&#8221; color=&#8221;default&#8221; link=&#8221;url:%231632513180817-82f286af-d90d&#8221;][vc_btn title=&#8221;Siguiente&#8221; color=&#8221;blue&#8221; link=&#8221;url:%231632513289580-1a8df496-2c1d&#8221;][\/vc_column_inner][vc_column_inner width=&#8221;1\/2&#8243;][vc_single_image image=&#8221;9127&#8243; img_size=&#8221;full&#8221;][\/vc_column_inner][\/vc_row_inner][\/vc_tta_section][vc_tta_section title=&#8221;Convenio de Pr\u00e1cticas Externas Convenio por Sistema de Complementaci\u00f3n Dual&#8221; tab_id=&#8221;1632513289580-1a8df496-2c1d&#8221;][vc_empty_space][vc_row_inner][vc_column_inner width=&#8221;1\/2&#8243;][vc_custom_heading text=&#8221;Convenio de Pr\u00e1cticas Externas \/ Convenio por Sistema de Complementaci\u00f3n Dual&#8221; use_theme_fonts=&#8221;yes&#8221;][vc_column_text]Se entiende por sistema de complementaci\u00f3n dual el proceso de formaci\u00f3n instituci\u00f3n-sector productivo, donde la instituci\u00f3n, estudiante y una entidad p\u00fablica o privada del sector productivo del pa\u00eds establecen por convenio o acuerdo de cooperaci\u00f3n interinstitucional la orientaci\u00f3n, refuerzo, complementaci\u00f3n y aplicaci\u00f3n de conocimientos y habilidades de los estudiantes desde el inicio o cualquiera de los periodos acad\u00e9micos o m\u00f3dulos de formaci\u00f3n en los diferentes programas de Centro Inca.[\/vc_column_text][vc_btn title=&#8221;Anterior&#8221; color=&#8221;default&#8221; link=&#8221;url:%231632513216184-56fa5a98-0791&#8243;][vc_btn title=&#8221;Siguiente&#8221; color=&#8221;blue&#8221; link=&#8221;url:%231632513369223-996beae6-7546&#8243;][\/vc_column_inner][vc_column_inner width=&#8221;1\/2&#8243;][vc_single_image image=&#8221;9128&#8243; img_size=&#8221;full&#8221;][\/vc_column_inner][\/vc_row_inner][\/vc_tta_section][vc_tta_section title=&#8221;Contrato de Aprendizaje&#8221; tab_id=&#8221;1632513369223-996beae6-7546&#8243;][vc_empty_space][vc_row_inner][vc_column_inner width=&#8221;1\/2&#8243;][vc_custom_heading text=&#8221;Contrato de Aprendizaje&#8221; use_theme_fonts=&#8221;yes&#8221;][vc_column_text]Es el contrato establecido por la ley 789\/02 por el gobierno nacional para patrocinio de aprendices acorde a la cuota establecida por la nueva reforma laboral. Acorde a la nueva ley laboral, la empresa puede realizar contrato de aprendizaje directamente con una entidad de Educaci\u00f3n para el trabajo y el desarrollo humano que tenga los programas autorizados por el SENA y Certificados en Calidad por organismos acreditados.<\/p>\n<p>El contrato de aprendizaje puede ser de patrocinio desde la etapa de formaci\u00f3n (fase lectiva) pagando un 50% del salario m\u00ednimo mas afiliaci\u00f3n en la EPS, o las practicas final (fase de practicas) pagando un 100% del mismo. M\u00e1s afiliaci\u00f3n en ARL y EPS.[\/vc_column_text][vc_btn title=&#8221;Anterior&#8221; color=&#8221;default&#8221; link=&#8221;url:%231632513289580-1a8df496-2c1d&#8221;][vc_btn title=&#8221;Siguiente&#8221; color=&#8221;blue&#8221; link=&#8221;url:%231632513412742-5fd50840-01c6&#8243;][\/vc_column_inner][vc_column_inner width=&#8221;1\/2&#8243;][vc_single_image image=&#8221;9129&#8243; img_size=&#8221;full&#8221;][\/vc_column_inner][\/vc_row_inner][\/vc_tta_section][vc_tta_section title=&#8221;Contrato de Aprendizaje&#8221; tab_id=&#8221;1632513412742-5fd50840-01c6&#8243;][vc_empty_space][vc_row_inner][vc_column_inner width=&#8221;1\/2&#8243;][vc_custom_heading text=&#8221;Convenio de Patrocinio&#8221; use_theme_fonts=&#8221;yes&#8221;][vc_column_text]Son convenios escritos con el prop\u00f3sito de que las empresas respalden a la instituci\u00f3n en la facilitaci\u00f3n de informaci\u00f3n de sus productos o servicios para que los instructores los conozcan y capaciten a sus estudiantes.<\/p>\n<p>El convenio para la facilitaci\u00f3n de informaci\u00f3n de los productos o servicios de la empresa interesada se establece en com\u00fan acuerdo fijando un cronograma de actividades que incluyan: Seminarios, talleres, charlas, demostraciones, conferencias o cualquier tipo de actividad que garantice el prop\u00f3sito deseado.<\/p>\n<ol>\n<li>Convenio de Patrocinio puede establecerse adicionalmente con la donaci\u00f3n de recursos o materiales t\u00e9cnicos que faciliten el conocimiento de estudiantes e instructores de los productos o servicios de la empresa, circunstancia que le permite a la empresa de disponer en cualquier momento de recurso humano capacitado.<\/li>\n<li>Contamos con el Auditorio PIRAMIDE con capacidad para 100 personas y los siguientes servicios, Videobeam, Computador, Retroproyectores, Proyector, Micr\u00f3fonos, Amplificaci\u00f3n, Pantalla de Proyecci\u00f3n, Televisor, Grabadora, Aire Central, Piso m\u00e1rmol. El auditorio est\u00e1 ubicado en el 5to piso, con servicios de atenci\u00f3n al p\u00fablico por secretarias uniformadas y dos ba\u00f1os para el p\u00fablico.<\/li>\n<\/ol>\n<p>[\/vc_column_text][vc_btn title=&#8221;Anterior&#8221; color=&#8221;default&#8221; link=&#8221;url:%231632513369223-996beae6-7546&#8243;][vc_btn title=&#8221;Continuar con el REG\u00cdSTRO DE LA EMPRESA&#8221; color=&#8221;blue&#8221; link=&#8221;url:https%3A%2F%2Fwww.centroinca.net%2Fpattern.php%3Fform%3D11&#8243;][\/vc_column_inner][vc_column_inner width=&#8221;1\/2&#8243;][vc_single_image image=&#8221;9130&#8243; img_size=&#8221;full&#8221;][\/vc_column_inner][\/vc_row_inner][\/vc_tta_section][\/vc_tta_pageable][\/vc_column][\/vc_row][vc_row][vc_column][vc_raw_html]JTNDc3R5bGUlMjB0eXBlJTNEJTIydGV4dCUyRmNzcyUyMiUzRSUwQSUwQS53cGItanMtY29tcG9zZXIlMjAudmNfdHRhLXRhYnMudmNfdHRhLXRhYnMtcG9zaXRpb24tdG9wJTIwLnZjX3R0YS1wYW5lbCUyMC52Y190dGEtcGFuZWwtYm9keSUyQyUwQS53cGItanMtY29tcG9zZXIlMjAudmNfdHRhLXRhYnMudmNfdHRhLXRhYnMtcG9zaXRpb24tYm90dG9tJTIwLnZjX3R0YS1wYW5lbCUyMC52Y190dGEtcGFuZWwtYm9keSUyMCU3QiUwQSUyMCUyMCUyMCUyMC13ZWJraXQtdHJhbnNmb3JtJTNBJTIwbm9uZSUzQiUyMCUwQSUyMCUyMCUyMCUyMC1tb3otdHJhbnNmb3JtJTNBJTIwbm9uZSUzQiUyMCUwQSUyMCUyMCUyMCUyMC1tcy10cmFuc2Zvcm0lM0ElMjBub25lJTNCJTIwJTBBJTIwJTIwJTIwJTIwLXNhbmQtdHJhbnNmb3JtJTNBJTIwbm9uZSUzQiUyMCUwQSUyMCUyMCUyMCUyMC1vLXRyYW5zZm9ybSUzQSUyMG5vbmUlM0IlMjAlMEElMjAlMjAlMjAlMjAlMjB0cmFuc2Zvcm0lM0ElMjBub25lJTNCJTIwJTBBJTIwJTIwJTIwJTIwLXdlYmtpdC10cmFuc2l0aW9uJTNBJTIwbm9uZSUzQiUyMCUwQSUyMCUyMCUyMCUyMC1tb3otdHJhbnNpdGlvbiUzQSUyMG5vbmUlM0IlMjAlMEElMjAlMjAlMjAlMjAtby10cmFuc2l0aW9uJTNBJTIwbm9uZSUzQiUyMCUwQSUyMCUyMCUyMCUyMHRyYW5zaXRpb24lM0ElMjBub25lJTNCJTIwJTBBJTIwJTIwJTIwJTIwYW5pbWF0aW9uJTNBJTIwZmFkZWluJTIwMnMlM0IlMEElN0QlMEElMEElNDBrZXlmcmFtZXMlMjBmYWRlaW4lMjAlN0IlMEElMjAlMjAlMjAlMjBmcm9tJTIwJTdCJTIwb3BhY2l0eSUzQSUyMDAlM0IlMjAlN0QlMEElMjAlMjAlMjAlMjB0byUyMCUyMCUyMCU3QiUyMG9wYWNpdHklM0ElMjAxJTNCJTIwJTdEJTBBJTdEJTBBJTBBJTNDJTJGc3R5bGUlM0U=[\/vc_raw_html][\/vc_column][\/vc_row]<\/p>\n<\/div>","protected":false},"excerpt":{"rendered":"<p>[vc_row][vc_column][vc_tta_pageable no_fill_content_area=&#8221;1&#8243; active_section=&#8221;1&#8243; pagination_style=&#8221;outline-square&#8221; css_animation=&#8221;fadeIn&#8221;][vc_tta_section title=&#8221;Bienvenida&#8221; tab_id=&#8221;1632511438044-d6c3cbc6-c018&#8243;][vc_empty_space][vc_row_inner][vc_column_inner width=&#8221;1\/2&#8243;][vc_custom_heading text=&#8221;Bienvenido Empresario !&#8221; use_theme_fonts=&#8221;yes&#8221;][vc_column_text]Antes de su reg\u00edstro conozca nuestra instituci\u00f3n ! CENTRO INCA ltda. Es una entidad educativa en la modalidad de Educaci\u00f3n para el Trabajo y el Desarrollo Humano, con m\u00e1s de 30 a\u00f1os de funcionamiento continuo, certificada por el ICONTEC en las normas ISO 9001,<\/p>\n","protected":false},"author":1,"featured_media":0,"parent":0,"menu_order":0,"comment_status":"closed","ping_status":"closed","template":"","meta":{"footnotes":""},"class_list":["post-9108","page","type-page","status-publish","hentry"],"yoast_head":"<!-- This site is optimized with the Yoast SEO plugin v27.3 - https:\/\/yoast.com\/product\/yoast-seo-wordpress\/ -->\n<title>Registro de Empresa - Centro Inca<\/title>\n<meta name=\"robots\" content=\"index, follow, max-snippet:-1, max-image-preview:large, max-video-preview:-1\" \/>\n<link rel=\"canonical\" href=\"https:\/\/centroinca.com\/centroinca\/registro-de-empresa\/\" \/>\n<meta property=\"og:locale\" content=\"es_ES\" \/>\n<meta property=\"og:type\" content=\"article\" \/>\n<meta property=\"og:title\" content=\"Registro de Empresa - Centro Inca\" \/>\n<meta property=\"og:description\" content=\"[vc_row][vc_column][vc_tta_pageable no_fill_content_area=&#8221;1&#8243; active_section=&#8221;1&#8243; pagination_style=&#8221;outline-square&#8221; css_animation=&#8221;fadeIn&#8221;][vc_tta_section title=&#8221;Bienvenida&#8221; tab_id=&#8221;1632511438044-d6c3cbc6-c018&#8243;][vc_empty_space][vc_row_inner][vc_column_inner width=&#8221;1\/2&#8243;][vc_custom_heading text=&#8221;Bienvenido Empresario !&#8221; use_theme_fonts=&#8221;yes&#8221;][vc_column_text]Antes de su reg\u00edstro conozca nuestra instituci\u00f3n ! CENTRO INCA ltda. Es una entidad educativa en la modalidad de Educaci\u00f3n para el Trabajo y el Desarrollo Humano, con m\u00e1s de 30 a\u00f1os de funcionamiento continuo, certificada por el ICONTEC en las normas ISO 9001,\" \/>\n<meta property=\"og:url\" content=\"https:\/\/centroinca.com\/centroinca\/registro-de-empresa\/\" \/>\n<meta property=\"og:site_name\" content=\"Centro Inca\" \/>\n<meta property=\"article:modified_time\" content=\"2023-09-07T15:07:14+00:00\" \/>\n<meta name=\"twitter:card\" content=\"summary_large_image\" \/>\n<meta name=\"twitter:label1\" content=\"Tiempo de lectura\" \/>\n\t<meta name=\"twitter:data1\" content=\"8 minutos\" \/>\n<script type=\"application\/ld+json\" class=\"yoast-schema-graph\">{\"@context\":\"https:\\\/\\\/schema.org\",\"@graph\":[{\"@type\":\"WebPage\",\"@id\":\"https:\\\/\\\/centroinca.com\\\/centroinca\\\/registro-de-empresa\\\/\",\"url\":\"https:\\\/\\\/centroinca.com\\\/centroinca\\\/registro-de-empresa\\\/\",\"name\":\"Registro de Empresa - Centro Inca\",\"isPartOf\":{\"@id\":\"https:\\\/\\\/centroinca.com\\\/centroinca\\\/#website\"},\"datePublished\":\"2021-09-24T19:30:04+00:00\",\"dateModified\":\"2023-09-07T15:07:14+00:00\",\"breadcrumb\":{\"@id\":\"https:\\\/\\\/centroinca.com\\\/centroinca\\\/registro-de-empresa\\\/#breadcrumb\"},\"inLanguage\":\"es\",\"potentialAction\":[{\"@type\":\"ReadAction\",\"target\":[\"https:\\\/\\\/centroinca.com\\\/centroinca\\\/registro-de-empresa\\\/\"]}]},{\"@type\":\"BreadcrumbList\",\"@id\":\"https:\\\/\\\/centroinca.com\\\/centroinca\\\/registro-de-empresa\\\/#breadcrumb\",\"itemListElement\":[{\"@type\":\"ListItem\",\"position\":1,\"name\":\"Inicio\",\"item\":\"https:\\\/\\\/centroinca.com\\\/centroinca\\\/\"},{\"@type\":\"ListItem\",\"position\":2,\"name\":\"Registro de Empresa\"}]},{\"@type\":\"WebSite\",\"@id\":\"https:\\\/\\\/centroinca.com\\\/centroinca\\\/#website\",\"url\":\"https:\\\/\\\/centroinca.com\\\/centroinca\\\/\",\"name\":\"Centro Inca\",\"description\":\"Tu camino al \u00e9xito - Estudia Programas T\u00e9cnicos Laborales en Barranquillla\",\"publisher\":{\"@id\":\"https:\\\/\\\/centroinca.com\\\/centroinca\\\/#organization\"},\"potentialAction\":[{\"@type\":\"SearchAction\",\"target\":{\"@type\":\"EntryPoint\",\"urlTemplate\":\"https:\\\/\\\/centroinca.com\\\/centroinca\\\/?s={search_term_string}\"},\"query-input\":{\"@type\":\"PropertyValueSpecification\",\"valueRequired\":true,\"valueName\":\"search_term_string\"}}],\"inLanguage\":\"es\"},{\"@type\":\"Organization\",\"@id\":\"https:\\\/\\\/centroinca.com\\\/centroinca\\\/#organization\",\"name\":\"Centro Inca\",\"url\":\"https:\\\/\\\/centroinca.com\\\/centroinca\\\/\",\"logo\":{\"@type\":\"ImageObject\",\"inLanguage\":\"es\",\"@id\":\"https:\\\/\\\/centroinca.com\\\/centroinca\\\/#\\\/schema\\\/logo\\\/image\\\/\",\"url\":\"https:\\\/\\\/centroinca.com\\\/centroinca\\\/wp-content\\\/uploads\\\/2019\\\/09\\\/LOGO-CENTRO-INCA-POSITIVO.png\",\"contentUrl\":\"https:\\\/\\\/centroinca.com\\\/centroinca\\\/wp-content\\\/uploads\\\/2019\\\/09\\\/LOGO-CENTRO-INCA-POSITIVO.png\",\"width\":1377,\"height\":546,\"caption\":\"Centro Inca\"},\"image\":{\"@id\":\"https:\\\/\\\/centroinca.com\\\/centroinca\\\/#\\\/schema\\\/logo\\\/image\\\/\"}}]}<\/script>\n<!-- \/ Yoast SEO plugin. -->","yoast_head_json":{"title":"Registro de Empresa - Centro Inca","robots":{"index":"index","follow":"follow","max-snippet":"max-snippet:-1","max-image-preview":"max-image-preview:large","max-video-preview":"max-video-preview:-1"},"canonical":"https:\/\/centroinca.com\/centroinca\/registro-de-empresa\/","og_locale":"es_ES","og_type":"article","og_title":"Registro de Empresa - Centro Inca","og_description":"[vc_row][vc_column][vc_tta_pageable no_fill_content_area=&#8221;1&#8243; active_section=&#8221;1&#8243; pagination_style=&#8221;outline-square&#8221; css_animation=&#8221;fadeIn&#8221;][vc_tta_section title=&#8221;Bienvenida&#8221; tab_id=&#8221;1632511438044-d6c3cbc6-c018&#8243;][vc_empty_space][vc_row_inner][vc_column_inner width=&#8221;1\/2&#8243;][vc_custom_heading text=&#8221;Bienvenido Empresario !&#8221; use_theme_fonts=&#8221;yes&#8221;][vc_column_text]Antes de su reg\u00edstro conozca nuestra instituci\u00f3n ! CENTRO INCA ltda. Es una entidad educativa en la modalidad de Educaci\u00f3n para el Trabajo y el Desarrollo Humano, con m\u00e1s de 30 a\u00f1os de funcionamiento continuo, certificada por el ICONTEC en las normas ISO 9001,","og_url":"https:\/\/centroinca.com\/centroinca\/registro-de-empresa\/","og_site_name":"Centro Inca","article_modified_time":"2023-09-07T15:07:14+00:00","twitter_card":"summary_large_image","twitter_misc":{"Tiempo de lectura":"8 minutos"},"schema":{"@context":"https:\/\/schema.org","@graph":[{"@type":"WebPage","@id":"https:\/\/centroinca.com\/centroinca\/registro-de-empresa\/","url":"https:\/\/centroinca.com\/centroinca\/registro-de-empresa\/","name":"Registro de Empresa - Centro Inca","isPartOf":{"@id":"https:\/\/centroinca.com\/centroinca\/#website"},"datePublished":"2021-09-24T19:30:04+00:00","dateModified":"2023-09-07T15:07:14+00:00","breadcrumb":{"@id":"https:\/\/centroinca.com\/centroinca\/registro-de-empresa\/#breadcrumb"},"inLanguage":"es","potentialAction":[{"@type":"ReadAction","target":["https:\/\/centroinca.com\/centroinca\/registro-de-empresa\/"]}]},{"@type":"BreadcrumbList","@id":"https:\/\/centroinca.com\/centroinca\/registro-de-empresa\/#breadcrumb","itemListElement":[{"@type":"ListItem","position":1,"name":"Inicio","item":"https:\/\/centroinca.com\/centroinca\/"},{"@type":"ListItem","position":2,"name":"Registro de Empresa"}]},{"@type":"WebSite","@id":"https:\/\/centroinca.com\/centroinca\/#website","url":"https:\/\/centroinca.com\/centroinca\/","name":"Centro Inca","description":"Tu camino al \u00e9xito - Estudia Programas T\u00e9cnicos Laborales en Barranquillla","publisher":{"@id":"https:\/\/centroinca.com\/centroinca\/#organization"},"potentialAction":[{"@type":"SearchAction","target":{"@type":"EntryPoint","urlTemplate":"https:\/\/centroinca.com\/centroinca\/?s={search_term_string}"},"query-input":{"@type":"PropertyValueSpecification","valueRequired":true,"valueName":"search_term_string"}}],"inLanguage":"es"},{"@type":"Organization","@id":"https:\/\/centroinca.com\/centroinca\/#organization","name":"Centro Inca","url":"https:\/\/centroinca.com\/centroinca\/","logo":{"@type":"ImageObject","inLanguage":"es","@id":"https:\/\/centroinca.com\/centroinca\/#\/schema\/logo\/image\/","url":"https:\/\/centroinca.com\/centroinca\/wp-content\/uploads\/2019\/09\/LOGO-CENTRO-INCA-POSITIVO.png","contentUrl":"https:\/\/centroinca.com\/centroinca\/wp-content\/uploads\/2019\/09\/LOGO-CENTRO-INCA-POSITIVO.png","width":1377,"height":546,"caption":"Centro Inca"},"image":{"@id":"https:\/\/centroinca.com\/centroinca\/#\/schema\/logo\/image\/"}}]}},"_links":{"self":[{"href":"https:\/\/centroinca.com\/centroinca\/wp-json\/wp\/v2\/pages\/9108","targetHints":{"allow":["GET"]}}],"collection":[{"href":"https:\/\/centroinca.com\/centroinca\/wp-json\/wp\/v2\/pages"}],"about":[{"href":"https:\/\/centroinca.com\/centroinca\/wp-json\/wp\/v2\/types\/page"}],"author":[{"embeddable":true,"href":"https:\/\/centroinca.com\/centroinca\/wp-json\/wp\/v2\/users\/1"}],"replies":[{"embeddable":true,"href":"https:\/\/centroinca.com\/centroinca\/wp-json\/wp\/v2\/comments?post=9108"}],"version-history":[{"count":16,"href":"https:\/\/centroinca.com\/centroinca\/wp-json\/wp\/v2\/pages\/9108\/revisions"}],"predecessor-version":[{"id":9131,"href":"https:\/\/centroinca.com\/centroinca\/wp-json\/wp\/v2\/pages\/9108\/revisions\/9131"}],"wp:attachment":[{"href":"https:\/\/centroinca.com\/centroinca\/wp-json\/wp\/v2\/media?parent=9108"}],"curies":[{"name":"wp","href":"https:\/\/api.w.org\/{rel}","templated":true}]}}