{"id":8995,"date":"2021-09-07T13:16:37","date_gmt":"2021-09-07T18:16:37","guid":{"rendered":"https:\/\/centroinca.com\/centroinca\/?page_id=8995"},"modified":"2023-09-07T10:02:02","modified_gmt":"2023-09-07T15:02:02","slug":"bibliotecas-en-convenio","status":"publish","type":"page","link":"https:\/\/centroinca.com\/centroinca\/bibliotecas-en-convenio\/","title":{"rendered":"Bibliotecas en Convenio"},"content":{"rendered":"<div class=\"wpb-content-wrapper\"><p>[vc_row full_width=&#8221;stretch_row&#8221; css=&#8221;.vc_custom_1631038837116{margin-top: -75px !important;padding-top: 81px !important;background-color: #ffffff !important;}&#8221;][vc_column offset=&#8221;vc_col-lg-7 vc_col-md-7&#8243; css=&#8221;.vc_custom_1616099195158{margin-bottom: 52px !important;}&#8221;][vc_custom_heading text=&#8221;Bibliotecas en Convenio&#8221; font_container=&#8221;tag:h3|text_align:left&#8221; use_theme_fonts=&#8221;yes&#8221; css=&#8221;.vc_custom_1631038417420{margin-top: 50px !important;margin-bottom: 25px !important;}&#8221;][vc_column_text css=&#8221;.vc_custom_1631038460576{margin-bottom: 25px !important;}&#8221;]Convenios con la Biblioteca Comfamiliar y la biblioteca Luis Eduardo Nieto Arteta, los cuales permiten a estudiantes utilizar los servicios de estas importantes Bibliotecas.[\/vc_column_text][vc_empty_space][vc_custom_heading text=&#8221;Consulta Online Biblioteca Comfamiliar&#8221; font_container=&#8221;tag:h3|text_align:left&#8221; use_theme_fonts=&#8221;yes&#8221; css=&#8221;.vc_custom_1631038500971{margin-top: 50px !important;margin-bottom: 25px !important;}&#8221;][vc_column_text css=&#8221;.vc_custom_1631038525737{margin-bottom: 25px !important;}&#8221;]Desde aqu\u00ed usted podr\u00e1 consultar los titulos de los libros existentes en la biblioteca Comfamiliar.[\/vc_column_text][vc_btn title=&#8221;Consultar Aqu\u00ed&#8221; color=&#8221;primary&#8221; link=&#8221;url:https%3A%2F%2Fwww.centroinca.net%2Fpattern.php%3Fform%3Dconsulta_biblioteca_comfamiliar.php|target:_blank&#8221;][vc_empty_space][vc_custom_heading text=&#8221;Links Bibliotecas en el Mundo&#8221; font_container=&#8221;tag:h3|text_align:left&#8221; use_theme_fonts=&#8221;yes&#8221; css=&#8221;.vc_custom_1631038619661{margin-top: 50px !important;margin-bottom: 25px !important;}&#8221;][vc_column_text css=&#8221;.vc_custom_1631038645520{margin-bottom: 25px !important;}&#8221;]A trav\u00e9s de esta p\u00e1gina podr\u00e1s consultar los links de importantes recursos acad\u00e9micos de internet. Para ingresar haga click.[\/vc_column_text][vc_btn title=&#8221;Consultar Aqu\u00ed&#8221; color=&#8221;primary&#8221; link=&#8221;url:https%3A%2F%2Fcentroinca.com%2Fcentroinca%2Flink-interes%2F|title:Link%20de%20interes|target:_blank&#8221;][\/vc_column][vc_column offset=&#8221;vc_col-lg-5 vc_col-md-5&#8243; css=&#8221;.vc_custom_1614890405694{margin-top: 70px !important;}&#8221;][vc_empty_space height=&#8221;50px&#8221;][vc_single_image image=&#8221;8855&#8243; img_size=&#8221;full&#8221;][\/vc_column][\/vc_row]<\/p>\n<\/div>","protected":false},"excerpt":{"rendered":"<p>[vc_row full_width=&#8221;stretch_row&#8221; css=&#8221;.vc_custom_1631038837116{margin-top: -75px !important;padding-top: 81px !important;background-color: #ffffff !important;}&#8221;][vc_column offset=&#8221;vc_col-lg-7 vc_col-md-7&#8243; css=&#8221;.vc_custom_1616099195158{margin-bottom: 52px !important;}&#8221;][vc_custom_heading text=&#8221;Bibliotecas en Convenio&#8221; font_container=&#8221;tag:h3|text_align:left&#8221; use_theme_fonts=&#8221;yes&#8221; css=&#8221;.vc_custom_1631038417420{margin-top: 50px !important;margin-bottom: 25px !important;}&#8221;][vc_column_text css=&#8221;.vc_custom_1631038460576{margin-bottom: 25px !important;}&#8221;]Convenios con la Biblioteca Comfamiliar y la biblioteca Luis Eduardo Nieto Arteta, los cuales permiten a estudiantes utilizar los servicios de estas importantes Bibliotecas.[\/vc_column_text][vc_empty_space][vc_custom_heading text=&#8221;Consulta Online Biblioteca Comfamiliar&#8221; font_container=&#8221;tag:h3|text_align:left&#8221;<\/p>\n","protected":false},"author":1,"featured_media":0,"parent":0,"menu_order":0,"comment_status":"closed","ping_status":"closed","template":"","meta":{"footnotes":""},"class_list":["post-8995","page","type-page","status-publish","hentry"],"yoast_head":"<!-- This site is optimized with the Yoast SEO plugin v27.3 - https:\/\/yoast.com\/product\/yoast-seo-wordpress\/ -->\n<title>Bibliotecas en Convenio - Centro Inca<\/title>\n<meta name=\"robots\" content=\"index, follow, max-snippet:-1, max-image-preview:large, max-video-preview:-1\" \/>\n<link rel=\"canonical\" href=\"https:\/\/centroinca.com\/centroinca\/bibliotecas-en-convenio\/\" \/>\n<meta property=\"og:locale\" content=\"es_ES\" \/>\n<meta property=\"og:type\" content=\"article\" \/>\n<meta property=\"og:title\" content=\"Bibliotecas en Convenio - Centro Inca\" \/>\n<meta property=\"og:description\" content=\"[vc_row full_width=&#8221;stretch_row&#8221; css=&#8221;.vc_custom_1631038837116{margin-top: -75px !important;padding-top: 81px !important;background-color: #ffffff !important;}&#8221;][vc_column offset=&#8221;vc_col-lg-7 vc_col-md-7&#8243; css=&#8221;.vc_custom_1616099195158{margin-bottom: 52px !important;}&#8221;][vc_custom_heading text=&#8221;Bibliotecas en Convenio&#8221; font_container=&#8221;tag:h3|text_align:left&#8221; use_theme_fonts=&#8221;yes&#8221; css=&#8221;.vc_custom_1631038417420{margin-top: 50px !important;margin-bottom: 25px !important;}&#8221;][vc_column_text css=&#8221;.vc_custom_1631038460576{margin-bottom: 25px !important;}&#8221;]Convenios con la Biblioteca Comfamiliar y la biblioteca Luis Eduardo Nieto Arteta, los cuales permiten a estudiantes utilizar los servicios de estas importantes Bibliotecas.[\/vc_column_text][vc_empty_space][vc_custom_heading text=&#8221;Consulta Online Biblioteca Comfamiliar&#8221; font_container=&#8221;tag:h3|text_align:left&#8221;\" \/>\n<meta property=\"og:url\" content=\"https:\/\/centroinca.com\/centroinca\/bibliotecas-en-convenio\/\" \/>\n<meta property=\"og:site_name\" content=\"Centro Inca\" \/>\n<meta property=\"article:modified_time\" content=\"2023-09-07T15:02:02+00:00\" \/>\n<meta name=\"twitter:card\" content=\"summary_large_image\" \/>\n<meta name=\"twitter:label1\" content=\"Tiempo de lectura\" \/>\n\t<meta name=\"twitter:data1\" content=\"1 minuto\" \/>\n<script type=\"application\/ld+json\" class=\"yoast-schema-graph\">{\"@context\":\"https:\\\/\\\/schema.org\",\"@graph\":[{\"@type\":\"WebPage\",\"@id\":\"https:\\\/\\\/centroinca.com\\\/centroinca\\\/bibliotecas-en-convenio\\\/\",\"url\":\"https:\\\/\\\/centroinca.com\\\/centroinca\\\/bibliotecas-en-convenio\\\/\",\"name\":\"Bibliotecas en Convenio - Centro Inca\",\"isPartOf\":{\"@id\":\"https:\\\/\\\/centroinca.com\\\/centroinca\\\/#website\"},\"datePublished\":\"2021-09-07T18:16:37+00:00\",\"dateModified\":\"2023-09-07T15:02:02+00:00\",\"breadcrumb\":{\"@id\":\"https:\\\/\\\/centroinca.com\\\/centroinca\\\/bibliotecas-en-convenio\\\/#breadcrumb\"},\"inLanguage\":\"es\",\"potentialAction\":[{\"@type\":\"ReadAction\",\"target\":[\"https:\\\/\\\/centroinca.com\\\/centroinca\\\/bibliotecas-en-convenio\\\/\"]}]},{\"@type\":\"BreadcrumbList\",\"@id\":\"https:\\\/\\\/centroinca.com\\\/centroinca\\\/bibliotecas-en-convenio\\\/#breadcrumb\",\"itemListElement\":[{\"@type\":\"ListItem\",\"position\":1,\"name\":\"Inicio\",\"item\":\"https:\\\/\\\/centroinca.com\\\/centroinca\\\/\"},{\"@type\":\"ListItem\",\"position\":2,\"name\":\"Bibliotecas en Convenio\"}]},{\"@type\":\"WebSite\",\"@id\":\"https:\\\/\\\/centroinca.com\\\/centroinca\\\/#website\",\"url\":\"https:\\\/\\\/centroinca.com\\\/centroinca\\\/\",\"name\":\"Centro Inca\",\"description\":\"Tu camino al \u00e9xito - Estudia Programas T\u00e9cnicos Laborales en Barranquillla\",\"publisher\":{\"@id\":\"https:\\\/\\\/centroinca.com\\\/centroinca\\\/#organization\"},\"potentialAction\":[{\"@type\":\"SearchAction\",\"target\":{\"@type\":\"EntryPoint\",\"urlTemplate\":\"https:\\\/\\\/centroinca.com\\\/centroinca\\\/?s={search_term_string}\"},\"query-input\":{\"@type\":\"PropertyValueSpecification\",\"valueRequired\":true,\"valueName\":\"search_term_string\"}}],\"inLanguage\":\"es\"},{\"@type\":\"Organization\",\"@id\":\"https:\\\/\\\/centroinca.com\\\/centroinca\\\/#organization\",\"name\":\"Centro Inca\",\"url\":\"https:\\\/\\\/centroinca.com\\\/centroinca\\\/\",\"logo\":{\"@type\":\"ImageObject\",\"inLanguage\":\"es\",\"@id\":\"https:\\\/\\\/centroinca.com\\\/centroinca\\\/#\\\/schema\\\/logo\\\/image\\\/\",\"url\":\"https:\\\/\\\/centroinca.com\\\/centroinca\\\/wp-content\\\/uploads\\\/2019\\\/09\\\/LOGO-CENTRO-INCA-POSITIVO.png\",\"contentUrl\":\"https:\\\/\\\/centroinca.com\\\/centroinca\\\/wp-content\\\/uploads\\\/2019\\\/09\\\/LOGO-CENTRO-INCA-POSITIVO.png\",\"width\":1377,\"height\":546,\"caption\":\"Centro Inca\"},\"image\":{\"@id\":\"https:\\\/\\\/centroinca.com\\\/centroinca\\\/#\\\/schema\\\/logo\\\/image\\\/\"}}]}<\/script>\n<!-- \/ Yoast SEO plugin. -->","yoast_head_json":{"title":"Bibliotecas en Convenio - Centro Inca","robots":{"index":"index","follow":"follow","max-snippet":"max-snippet:-1","max-image-preview":"max-image-preview:large","max-video-preview":"max-video-preview:-1"},"canonical":"https:\/\/centroinca.com\/centroinca\/bibliotecas-en-convenio\/","og_locale":"es_ES","og_type":"article","og_title":"Bibliotecas en Convenio - Centro Inca","og_description":"[vc_row full_width=&#8221;stretch_row&#8221; css=&#8221;.vc_custom_1631038837116{margin-top: -75px !important;padding-top: 81px !important;background-color: #ffffff !important;}&#8221;][vc_column offset=&#8221;vc_col-lg-7 vc_col-md-7&#8243; css=&#8221;.vc_custom_1616099195158{margin-bottom: 52px !important;}&#8221;][vc_custom_heading text=&#8221;Bibliotecas en Convenio&#8221; font_container=&#8221;tag:h3|text_align:left&#8221; use_theme_fonts=&#8221;yes&#8221; css=&#8221;.vc_custom_1631038417420{margin-top: 50px !important;margin-bottom: 25px !important;}&#8221;][vc_column_text css=&#8221;.vc_custom_1631038460576{margin-bottom: 25px !important;}&#8221;]Convenios con la Biblioteca Comfamiliar y la biblioteca Luis Eduardo Nieto Arteta, los cuales permiten a estudiantes utilizar los servicios de estas importantes Bibliotecas.[\/vc_column_text][vc_empty_space][vc_custom_heading text=&#8221;Consulta Online Biblioteca Comfamiliar&#8221; font_container=&#8221;tag:h3|text_align:left&#8221;","og_url":"https:\/\/centroinca.com\/centroinca\/bibliotecas-en-convenio\/","og_site_name":"Centro Inca","article_modified_time":"2023-09-07T15:02:02+00:00","twitter_card":"summary_large_image","twitter_misc":{"Tiempo de lectura":"1 minuto"},"schema":{"@context":"https:\/\/schema.org","@graph":[{"@type":"WebPage","@id":"https:\/\/centroinca.com\/centroinca\/bibliotecas-en-convenio\/","url":"https:\/\/centroinca.com\/centroinca\/bibliotecas-en-convenio\/","name":"Bibliotecas en Convenio - Centro Inca","isPartOf":{"@id":"https:\/\/centroinca.com\/centroinca\/#website"},"datePublished":"2021-09-07T18:16:37+00:00","dateModified":"2023-09-07T15:02:02+00:00","breadcrumb":{"@id":"https:\/\/centroinca.com\/centroinca\/bibliotecas-en-convenio\/#breadcrumb"},"inLanguage":"es","potentialAction":[{"@type":"ReadAction","target":["https:\/\/centroinca.com\/centroinca\/bibliotecas-en-convenio\/"]}]},{"@type":"BreadcrumbList","@id":"https:\/\/centroinca.com\/centroinca\/bibliotecas-en-convenio\/#breadcrumb","itemListElement":[{"@type":"ListItem","position":1,"name":"Inicio","item":"https:\/\/centroinca.com\/centroinca\/"},{"@type":"ListItem","position":2,"name":"Bibliotecas en Convenio"}]},{"@type":"WebSite","@id":"https:\/\/centroinca.com\/centroinca\/#website","url":"https:\/\/centroinca.com\/centroinca\/","name":"Centro Inca","description":"Tu camino al \u00e9xito - Estudia Programas T\u00e9cnicos Laborales en Barranquillla","publisher":{"@id":"https:\/\/centroinca.com\/centroinca\/#organization"},"potentialAction":[{"@type":"SearchAction","target":{"@type":"EntryPoint","urlTemplate":"https:\/\/centroinca.com\/centroinca\/?s={search_term_string}"},"query-input":{"@type":"PropertyValueSpecification","valueRequired":true,"valueName":"search_term_string"}}],"inLanguage":"es"},{"@type":"Organization","@id":"https:\/\/centroinca.com\/centroinca\/#organization","name":"Centro Inca","url":"https:\/\/centroinca.com\/centroinca\/","logo":{"@type":"ImageObject","inLanguage":"es","@id":"https:\/\/centroinca.com\/centroinca\/#\/schema\/logo\/image\/","url":"https:\/\/centroinca.com\/centroinca\/wp-content\/uploads\/2019\/09\/LOGO-CENTRO-INCA-POSITIVO.png","contentUrl":"https:\/\/centroinca.com\/centroinca\/wp-content\/uploads\/2019\/09\/LOGO-CENTRO-INCA-POSITIVO.png","width":1377,"height":546,"caption":"Centro Inca"},"image":{"@id":"https:\/\/centroinca.com\/centroinca\/#\/schema\/logo\/image\/"}}]}},"_links":{"self":[{"href":"https:\/\/centroinca.com\/centroinca\/wp-json\/wp\/v2\/pages\/8995","targetHints":{"allow":["GET"]}}],"collection":[{"href":"https:\/\/centroinca.com\/centroinca\/wp-json\/wp\/v2\/pages"}],"about":[{"href":"https:\/\/centroinca.com\/centroinca\/wp-json\/wp\/v2\/types\/page"}],"author":[{"embeddable":true,"href":"https:\/\/centroinca.com\/centroinca\/wp-json\/wp\/v2\/users\/1"}],"replies":[{"embeddable":true,"href":"https:\/\/centroinca.com\/centroinca\/wp-json\/wp\/v2\/comments?post=8995"}],"version-history":[{"count":3,"href":"https:\/\/centroinca.com\/centroinca\/wp-json\/wp\/v2\/pages\/8995\/revisions"}],"predecessor-version":[{"id":8999,"href":"https:\/\/centroinca.com\/centroinca\/wp-json\/wp\/v2\/pages\/8995\/revisions\/8999"}],"wp:attachment":[{"href":"https:\/\/centroinca.com\/centroinca\/wp-json\/wp\/v2\/media?parent=8995"}],"curies":[{"name":"wp","href":"https:\/\/api.w.org\/{rel}","templated":true}]}}