{"id":8200,"date":"2021-05-25T10:46:12","date_gmt":"2021-05-25T15:46:12","guid":{"rendered":"http:\/\/inca.com.co\/centro_inca_\/?page_id=8200"},"modified":"2023-12-20T10:53:01","modified_gmt":"2023-12-20T15:53:01","slug":"como-matriculo","status":"publish","type":"page","link":"https:\/\/centroinca.com\/centroinca\/como-matriculo\/","title":{"rendered":"\u00bfC\u00f3mo me matriculo?"},"content":{"rendered":"<div class=\"wpb-content-wrapper\"><p>[vc_row full_width=&#8221;stretch_row&#8221; equal_height=&#8221;yes&#8221; css=&#8221;.vc_custom_1614890998937{margin-bottom: 32px !important;background-color: #ffffff !important;}&#8221; el_class=&#8221;about-bg-right&#8221;][vc_column width=&#8221;1\/2&#8243;][vc_custom_heading text=&#8221;\u00bfC\u00f3mo me matriculo?&#8221; font_container=&#8221;tag:h3|text_align:left&#8221; use_theme_fonts=&#8221;yes&#8221; css=&#8221;.vc_custom_1621954398071{margin-top: 50px !important;margin-bottom: 25px !important;}&#8221;][vc_column_text css=&#8221;.vc_custom_1702647547365{margin-bottom: 25px !important;}&#8221;]<span style=\"color: #333333;\"><strong>Para matricularse debe realizar el siguiente procedimiento:<\/strong><\/span>[\/vc_column_text][vc_custom_heading text=&#8221;Procedimiento Estudiantes Nuevos&#8221; font_container=&#8221;tag:h3|text_align:left&#8221; use_theme_fonts=&#8221;yes&#8221; css=&#8221;.vc_custom_1702647579248{margin-bottom: 25px !important;}&#8221;][vc_column_text css=&#8221;.vc_custom_1702647559014{margin-bottom: 25px !important;}&#8221;]<\/p>\n<ul>\n<li style=\"font-weight: 400;\" aria-level=\"1\"><span style=\"color: #333333;\"><span style=\"font-weight: 400;\">&#8211; Ingresar a la P\u00e1gina Web <\/span><strong><span style=\"color: #003366;\"><a style=\"color: #003366;\" href=\"https:\/\/www.centroinca.net\/pattern.php?form=admisiones_informacion.php\">www.centroinca.com Opci\u00f3n: Centro Inca &gt; Solicitud de Matr\u00edcula &gt; Solicitud.<\/a><\/span><\/strong><\/span><\/li>\n<li style=\"font-weight: 400;\" aria-level=\"1\"><span style=\"font-weight: 400; color: #333333;\">&#8211; Seleccionar el Programa Acad\u00e9mico en el que desea ingresar. Leer y entender la informaci\u00f3n relacionada con el Plan de Estudio, Perfil, Costos y Forma de Pago, Sistema Modular, Calendario Acad\u00e9mico, Instalaciones y Recursos, Servicios Educativos, Pr\u00e1ctica Educativa, Convenios, Auxilio y Reglamento Institucional .<\/span><\/li>\n<li style=\"font-weight: 400;\" aria-level=\"1\"><span style=\"font-weight: 400; color: #333333;\">&#8211; Una vez verificada la informaci\u00f3n del programa escogido deber\u00e1 Aceptar su Lectura y Entendimiento. (Para los programas del \u00e1rea Salud la edad m\u00ednima para el ingreso es 16 a\u00f1os cumplidos).<\/span><\/li>\n<li style=\"font-weight: 400;\" aria-level=\"1\"><span style=\"font-weight: 400; color: #333333;\">&#8211; Diligenciar la Ficha de Inscripci\u00f3n e Indicar la Forma de Pago, seguidamente deber\u00e1 Imprimir el Recibo de Pago de Matr\u00edcula que genera el Sistema (Usar Impresora L\u00e1ser para garantizar legibilidad del C\u00f3digo de Barras del Recibo).<\/span><\/li>\n<li style=\"font-weight: 400;\" aria-level=\"1\"><span style=\"font-weight: 400; color: #333333;\">&#8211; Cancelar en el banco autorizado el Recibo de Pago de Matr\u00edcula.<\/span><\/li>\n<li style=\"font-weight: 400;\" aria-level=\"1\"><span style=\"color: #333333;\"><span style=\"font-weight: 400;\">&#8211; Registrar el Recibo de Pago de Matr\u00edcula en la P\u00e1gina Web <\/span><strong><span style=\"color: #003366;\"><a style=\"color: #003366;\" href=\"https:\/\/www.centroinca.net\/pattern.php?form=admisiones_consultar_recibo_matricula.php\">www.centroinca.com Opci\u00f3n: Centro Inca &gt; Solicitud de Matr\u00edcula &gt; Registro de Pago de Matr\u00edcula.<\/a><\/span><\/strong><\/span><\/li>\n<li style=\"font-weight: 400;\" aria-level=\"1\"><span style=\"font-weight: 400; color: #333333;\">&#8211; Una vez validado el Pago, el Estudiante Nuevo debe Diligenciar la Ficha de Ingreso en el Sistema.<\/span><\/li>\n<\/ul>\n<p>[\/vc_column_text][\/vc_column][vc_column width=&#8221;1\/2&#8243; css=&#8221;.vc_custom_1614890184989{padding-top: 52px !important;padding-bottom: 95px !important;background-position: center !important;background-repeat: no-repeat !important;background-size: cover !important;}&#8221; el_class=&#8221;about_full-right_width&#8221;][vc_empty_space height=&#8221;90px&#8221;][vc_column_text css=&#8221;.vc_custom_1703087579336{margin-bottom: 25px !important;}&#8221;]<\/p>\n<ul>\n<li style=\"font-weight: 400;\" aria-level=\"1\"><span style=\"font-weight: 400; color: #333333;\">&#8211; Adjuntar al Sistema Digitalmente los siguientes Documentos (Debe Escanearlos Previo a este Proceso)<\/span>\n<ul>\n<li style=\"font-weight: 400;\" aria-level=\"2\"><span style=\"font-weight: 400; color: #333333;\">A. Documento de identidad Digitalizado (C.C. o T.I.)<\/span><\/li>\n<li style=\"font-weight: 400;\" aria-level=\"2\"><span style=\"color: #333333;\"><span style=\"font-weight: 400;\">B. Copia Digitalizada del Diploma de Bachiller o m\u00ednimo certificado de notas del 9\u00b0 grado aprobado.<\/span><span style=\"font-weight: 400;\"><br \/>\n<\/span><span style=\"font-weight: 400;\">Tenga en cuenta: Para el \u00e1rea de Salud y los programas de Secretariado en sus diferentes \u00e1reas, el requisito m\u00ednimo es ser Bachiller u otro requerimiento que el Ministerio de Educaci\u00f3n exija (Diploma Obligatorio).<\/span><span style=\"font-weight: 400;\"><br \/>\n<\/span><span style=\"font-weight: 400;\">&#8211; Si el diploma es extranjero, debe estar refrendado por el Gobierno Colombiano (m\u00e1s informaci\u00f3n en la Secretar\u00eda de Educaci\u00f3n Distrital).<\/span><\/span><\/li>\n<li style=\"font-weight: 400;\" aria-level=\"2\"><span style=\"font-weight: 400; color: #333333;\">C. Foto digital fondo azul o blanco, tipo documento de identidad.<\/span><\/li>\n<li aria-level=\"2\">Copia de la cedula del acudiente en caso de ser menor de edad.<\/li>\n<\/ul>\n<\/li>\n<li style=\"font-weight: 400;\" aria-level=\"1\"><span style=\"font-weight: 400; color: #333333;\">&#8211; Diligenciar el Test Diagn\u00f3stico exigido por la Norma T\u00e9cnica de Calidad.<\/span><\/li>\n<li style=\"font-weight: 400;\" aria-level=\"1\"><span style=\"font-weight: 400; color: #333333;\">&#8211; Indicar la Fecha y Hora en la cual Firmar\u00e1 su Contrato Educativo (Legalizaci\u00f3n de Matr\u00edcula).<\/span><\/li>\n<li style=\"font-weight: 400;\" aria-level=\"1\"><span style=\"font-weight: 400; color: #333333;\">&#8211; Acudir al Centro Inca para Firmar el CONTRATO EDUCATIVO y PAGAR\u00c9 por el Per\u00edodo o M\u00f3dulo acad\u00e9mico del ciclo a cursar en la fecha indicada por el Estudiante (Tr\u00e1mite Personal), Captura de Huella y Recepci\u00f3n de Carnet Digital. Si el estudiante es menor de edad debe firmar el padre de familia o acudiente en su representaci\u00f3n.<\/span><\/li>\n<li style=\"font-weight: 400;\" aria-level=\"1\"><span style=\"font-weight: 400;\"><span style=\"color: #333333;\">&#8211; Asistir obligatoriamente a las clases introductorias y a la presentaci\u00f3n institucional general en compa\u00f1\u00eda de su acudiente o una persona que lo represente<\/span> <\/span><\/li>\n<\/ul>\n<p>[\/vc_column_text][\/vc_column][\/vc_row][vc_row full_width=&#8221;stretch_row&#8221; equal_height=&#8221;yes&#8221; css=&#8221;.vc_custom_1616015538285{margin-top: 32px !important;margin-bottom: 32px !important;background-color: #ffffff !important;}&#8221; el_class=&#8221;about-bg-right&#8221;][vc_column width=&#8221;1\/2&#8243;][vc_empty_space height=&#8221;28px&#8221;][vc_single_image image=&#8221;8210&#8243; img_size=&#8221;full&#8221; css=&#8221;.vc_custom_1621957365225{margin-top: 50px !important;}&#8221;][\/vc_column][vc_column width=&#8221;1\/2&#8243; css=&#8221;.vc_custom_1616017741953{padding-bottom: 95px !important;background-position: center !important;background-repeat: no-repeat !important;background-size: cover !important;}&#8221; el_class=&#8221;about_full-right_width&#8221;][vc_custom_heading text=&#8221;Procedimiento Estudiantes Antiguos&#8221; font_container=&#8221;tag:h3|text_align:left&#8221; use_theme_fonts=&#8221;yes&#8221; css=&#8221;.vc_custom_1621956284531{margin-bottom: 25px !important;}&#8221;][vc_column_text css=&#8221;.vc_custom_1702648305453{margin-bottom: 25px !important;}&#8221;]-Ingresar a la P\u00e1gina Web<\/p>\n<p>&#8211; Actualizar sus datos autorizado \u00f3 a trav\u00e9s de la plataforma de pagos por internet PSE. En caso de pagar en una sucursal bancaria imprimir el Recibo de Pago de matr\u00edcula en una Impresora l\u00e1ser[\/vc_column_text][\/vc_column][\/vc_row]<\/p>\n<\/div>","protected":false},"excerpt":{"rendered":"<p>[vc_row full_width=&#8221;stretch_row&#8221; equal_height=&#8221;yes&#8221; css=&#8221;.vc_custom_1614890998937{margin-bottom: 32px !important;background-color: #ffffff !important;}&#8221; el_class=&#8221;about-bg-right&#8221;][vc_column width=&#8221;1\/2&#8243;][vc_custom_heading text=&#8221;\u00bfC\u00f3mo me matriculo?&#8221; font_container=&#8221;tag:h3|text_align:left&#8221; use_theme_fonts=&#8221;yes&#8221; css=&#8221;.vc_custom_1621954398071{margin-top: 50px !important;margin-bottom: 25px !important;}&#8221;][vc_column_text css=&#8221;.vc_custom_1702647547365{margin-bottom: 25px !important;}&#8221;]Para matricularse debe realizar el siguiente procedimiento:[\/vc_column_text][vc_custom_heading text=&#8221;Procedimiento Estudiantes Nuevos&#8221; font_container=&#8221;tag:h3|text_align:left&#8221; use_theme_fonts=&#8221;yes&#8221; css=&#8221;.vc_custom_1702647579248{margin-bottom: 25px !important;}&#8221;][vc_column_text css=&#8221;.vc_custom_1702647559014{margin-bottom: 25px !important;}&#8221;] &#8211; Ingresar a la P\u00e1gina Web www.centroinca.com Opci\u00f3n: Centro Inca &gt; Solicitud de Matr\u00edcula &gt;<\/p>\n","protected":false},"author":1,"featured_media":0,"parent":0,"menu_order":0,"comment_status":"closed","ping_status":"closed","template":"","meta":{"footnotes":""},"class_list":["post-8200","page","type-page","status-publish","hentry"],"yoast_head":"<!-- This site is optimized with the Yoast SEO plugin v27.4 - https:\/\/yoast.com\/product\/yoast-seo-wordpress\/ -->\n<title>\u00bfC\u00f3mo me matriculo? - Centro Inca<\/title>\n<meta name=\"robots\" content=\"index, follow, max-snippet:-1, max-image-preview:large, max-video-preview:-1\" \/>\n<link rel=\"canonical\" href=\"https:\/\/centroinca.com\/centroinca\/como-matriculo\/\" \/>\n<meta property=\"og:locale\" content=\"es_ES\" \/>\n<meta property=\"og:type\" content=\"article\" \/>\n<meta property=\"og:title\" content=\"\u00bfC\u00f3mo me matriculo? - Centro Inca\" \/>\n<meta property=\"og:description\" content=\"[vc_row full_width=&#8221;stretch_row&#8221; equal_height=&#8221;yes&#8221; css=&#8221;.vc_custom_1614890998937{margin-bottom: 32px !important;background-color: #ffffff !important;}&#8221; el_class=&#8221;about-bg-right&#8221;][vc_column width=&#8221;1\/2&#8243;][vc_custom_heading text=&#8221;\u00bfC\u00f3mo me matriculo?&#8221; font_container=&#8221;tag:h3|text_align:left&#8221; use_theme_fonts=&#8221;yes&#8221; css=&#8221;.vc_custom_1621954398071{margin-top: 50px !important;margin-bottom: 25px !important;}&#8221;][vc_column_text css=&#8221;.vc_custom_1702647547365{margin-bottom: 25px !important;}&#8221;]Para matricularse debe realizar el siguiente procedimiento:[\/vc_column_text][vc_custom_heading text=&#8221;Procedimiento Estudiantes Nuevos&#8221; font_container=&#8221;tag:h3|text_align:left&#8221; use_theme_fonts=&#8221;yes&#8221; css=&#8221;.vc_custom_1702647579248{margin-bottom: 25px !important;}&#8221;][vc_column_text css=&#8221;.vc_custom_1702647559014{margin-bottom: 25px !important;}&#8221;] &#8211; Ingresar a la P\u00e1gina Web www.centroinca.com Opci\u00f3n: Centro Inca &gt; Solicitud de Matr\u00edcula &gt;\" \/>\n<meta property=\"og:url\" content=\"https:\/\/centroinca.com\/centroinca\/como-matriculo\/\" \/>\n<meta property=\"og:site_name\" content=\"Centro Inca\" \/>\n<meta property=\"article:modified_time\" content=\"2023-12-20T15:53:01+00:00\" \/>\n<meta name=\"twitter:card\" content=\"summary_large_image\" \/>\n<meta name=\"twitter:label1\" content=\"Tiempo de lectura\" \/>\n\t<meta name=\"twitter:data1\" content=\"4 minutos\" \/>\n<script type=\"application\/ld+json\" class=\"yoast-schema-graph\">{\"@context\":\"https:\\\/\\\/schema.org\",\"@graph\":[{\"@type\":\"WebPage\",\"@id\":\"https:\\\/\\\/centroinca.com\\\/centroinca\\\/como-matriculo\\\/\",\"url\":\"https:\\\/\\\/centroinca.com\\\/centroinca\\\/como-matriculo\\\/\",\"name\":\"\u00bfC\u00f3mo me matriculo? - Centro Inca\",\"isPartOf\":{\"@id\":\"https:\\\/\\\/centroinca.com\\\/centroinca\\\/#website\"},\"datePublished\":\"2021-05-25T15:46:12+00:00\",\"dateModified\":\"2023-12-20T15:53:01+00:00\",\"breadcrumb\":{\"@id\":\"https:\\\/\\\/centroinca.com\\\/centroinca\\\/como-matriculo\\\/#breadcrumb\"},\"inLanguage\":\"es\",\"potentialAction\":[{\"@type\":\"ReadAction\",\"target\":[\"https:\\\/\\\/centroinca.com\\\/centroinca\\\/como-matriculo\\\/\"]}]},{\"@type\":\"BreadcrumbList\",\"@id\":\"https:\\\/\\\/centroinca.com\\\/centroinca\\\/como-matriculo\\\/#breadcrumb\",\"itemListElement\":[{\"@type\":\"ListItem\",\"position\":1,\"name\":\"Inicio\",\"item\":\"https:\\\/\\\/centroinca.com\\\/centroinca\\\/\"},{\"@type\":\"ListItem\",\"position\":2,\"name\":\"\u00bfC\u00f3mo me matriculo?\"}]},{\"@type\":\"WebSite\",\"@id\":\"https:\\\/\\\/centroinca.com\\\/centroinca\\\/#website\",\"url\":\"https:\\\/\\\/centroinca.com\\\/centroinca\\\/\",\"name\":\"Centro Inca\",\"description\":\"Tu camino al \u00e9xito - Estudia Programas T\u00e9cnicos Laborales en Barranquillla\",\"publisher\":{\"@id\":\"https:\\\/\\\/centroinca.com\\\/centroinca\\\/#organization\"},\"potentialAction\":[{\"@type\":\"SearchAction\",\"target\":{\"@type\":\"EntryPoint\",\"urlTemplate\":\"https:\\\/\\\/centroinca.com\\\/centroinca\\\/?s={search_term_string}\"},\"query-input\":{\"@type\":\"PropertyValueSpecification\",\"valueRequired\":true,\"valueName\":\"search_term_string\"}}],\"inLanguage\":\"es\"},{\"@type\":\"Organization\",\"@id\":\"https:\\\/\\\/centroinca.com\\\/centroinca\\\/#organization\",\"name\":\"Centro Inca\",\"url\":\"https:\\\/\\\/centroinca.com\\\/centroinca\\\/\",\"logo\":{\"@type\":\"ImageObject\",\"inLanguage\":\"es\",\"@id\":\"https:\\\/\\\/centroinca.com\\\/centroinca\\\/#\\\/schema\\\/logo\\\/image\\\/\",\"url\":\"https:\\\/\\\/centroinca.com\\\/centroinca\\\/wp-content\\\/uploads\\\/2019\\\/09\\\/LOGO-CENTRO-INCA-POSITIVO.png\",\"contentUrl\":\"https:\\\/\\\/centroinca.com\\\/centroinca\\\/wp-content\\\/uploads\\\/2019\\\/09\\\/LOGO-CENTRO-INCA-POSITIVO.png\",\"width\":1377,\"height\":546,\"caption\":\"Centro Inca\"},\"image\":{\"@id\":\"https:\\\/\\\/centroinca.com\\\/centroinca\\\/#\\\/schema\\\/logo\\\/image\\\/\"}}]}<\/script>\n<!-- \/ Yoast SEO plugin. -->","yoast_head_json":{"title":"\u00bfC\u00f3mo me matriculo? - Centro Inca","robots":{"index":"index","follow":"follow","max-snippet":"max-snippet:-1","max-image-preview":"max-image-preview:large","max-video-preview":"max-video-preview:-1"},"canonical":"https:\/\/centroinca.com\/centroinca\/como-matriculo\/","og_locale":"es_ES","og_type":"article","og_title":"\u00bfC\u00f3mo me matriculo? - Centro Inca","og_description":"[vc_row full_width=&#8221;stretch_row&#8221; equal_height=&#8221;yes&#8221; css=&#8221;.vc_custom_1614890998937{margin-bottom: 32px !important;background-color: #ffffff !important;}&#8221; el_class=&#8221;about-bg-right&#8221;][vc_column width=&#8221;1\/2&#8243;][vc_custom_heading text=&#8221;\u00bfC\u00f3mo me matriculo?&#8221; font_container=&#8221;tag:h3|text_align:left&#8221; use_theme_fonts=&#8221;yes&#8221; css=&#8221;.vc_custom_1621954398071{margin-top: 50px !important;margin-bottom: 25px !important;}&#8221;][vc_column_text css=&#8221;.vc_custom_1702647547365{margin-bottom: 25px !important;}&#8221;]Para matricularse debe realizar el siguiente procedimiento:[\/vc_column_text][vc_custom_heading text=&#8221;Procedimiento Estudiantes Nuevos&#8221; font_container=&#8221;tag:h3|text_align:left&#8221; use_theme_fonts=&#8221;yes&#8221; css=&#8221;.vc_custom_1702647579248{margin-bottom: 25px !important;}&#8221;][vc_column_text css=&#8221;.vc_custom_1702647559014{margin-bottom: 25px !important;}&#8221;] &#8211; Ingresar a la P\u00e1gina Web www.centroinca.com Opci\u00f3n: Centro Inca &gt; Solicitud de Matr\u00edcula &gt;","og_url":"https:\/\/centroinca.com\/centroinca\/como-matriculo\/","og_site_name":"Centro Inca","article_modified_time":"2023-12-20T15:53:01+00:00","twitter_card":"summary_large_image","twitter_misc":{"Tiempo de lectura":"4 minutos"},"schema":{"@context":"https:\/\/schema.org","@graph":[{"@type":"WebPage","@id":"https:\/\/centroinca.com\/centroinca\/como-matriculo\/","url":"https:\/\/centroinca.com\/centroinca\/como-matriculo\/","name":"\u00bfC\u00f3mo me matriculo? - Centro Inca","isPartOf":{"@id":"https:\/\/centroinca.com\/centroinca\/#website"},"datePublished":"2021-05-25T15:46:12+00:00","dateModified":"2023-12-20T15:53:01+00:00","breadcrumb":{"@id":"https:\/\/centroinca.com\/centroinca\/como-matriculo\/#breadcrumb"},"inLanguage":"es","potentialAction":[{"@type":"ReadAction","target":["https:\/\/centroinca.com\/centroinca\/como-matriculo\/"]}]},{"@type":"BreadcrumbList","@id":"https:\/\/centroinca.com\/centroinca\/como-matriculo\/#breadcrumb","itemListElement":[{"@type":"ListItem","position":1,"name":"Inicio","item":"https:\/\/centroinca.com\/centroinca\/"},{"@type":"ListItem","position":2,"name":"\u00bfC\u00f3mo me matriculo?"}]},{"@type":"WebSite","@id":"https:\/\/centroinca.com\/centroinca\/#website","url":"https:\/\/centroinca.com\/centroinca\/","name":"Centro Inca","description":"Tu camino al \u00e9xito - Estudia Programas T\u00e9cnicos Laborales en Barranquillla","publisher":{"@id":"https:\/\/centroinca.com\/centroinca\/#organization"},"potentialAction":[{"@type":"SearchAction","target":{"@type":"EntryPoint","urlTemplate":"https:\/\/centroinca.com\/centroinca\/?s={search_term_string}"},"query-input":{"@type":"PropertyValueSpecification","valueRequired":true,"valueName":"search_term_string"}}],"inLanguage":"es"},{"@type":"Organization","@id":"https:\/\/centroinca.com\/centroinca\/#organization","name":"Centro Inca","url":"https:\/\/centroinca.com\/centroinca\/","logo":{"@type":"ImageObject","inLanguage":"es","@id":"https:\/\/centroinca.com\/centroinca\/#\/schema\/logo\/image\/","url":"https:\/\/centroinca.com\/centroinca\/wp-content\/uploads\/2019\/09\/LOGO-CENTRO-INCA-POSITIVO.png","contentUrl":"https:\/\/centroinca.com\/centroinca\/wp-content\/uploads\/2019\/09\/LOGO-CENTRO-INCA-POSITIVO.png","width":1377,"height":546,"caption":"Centro Inca"},"image":{"@id":"https:\/\/centroinca.com\/centroinca\/#\/schema\/logo\/image\/"}}]}},"_links":{"self":[{"href":"https:\/\/centroinca.com\/centroinca\/wp-json\/wp\/v2\/pages\/8200","targetHints":{"allow":["GET"]}}],"collection":[{"href":"https:\/\/centroinca.com\/centroinca\/wp-json\/wp\/v2\/pages"}],"about":[{"href":"https:\/\/centroinca.com\/centroinca\/wp-json\/wp\/v2\/types\/page"}],"author":[{"embeddable":true,"href":"https:\/\/centroinca.com\/centroinca\/wp-json\/wp\/v2\/users\/1"}],"replies":[{"embeddable":true,"href":"https:\/\/centroinca.com\/centroinca\/wp-json\/wp\/v2\/comments?post=8200"}],"version-history":[{"count":30,"href":"https:\/\/centroinca.com\/centroinca\/wp-json\/wp\/v2\/pages\/8200\/revisions"}],"predecessor-version":[{"id":10785,"href":"https:\/\/centroinca.com\/centroinca\/wp-json\/wp\/v2\/pages\/8200\/revisions\/10785"}],"wp:attachment":[{"href":"https:\/\/centroinca.com\/centroinca\/wp-json\/wp\/v2\/media?parent=8200"}],"curies":[{"name":"wp","href":"https:\/\/api.w.org\/{rel}","templated":true}]}}