{"id":8128,"date":"2021-04-20T17:18:35","date_gmt":"2021-04-20T22:18:35","guid":{"rendered":"http:\/\/inca.com.co\/centro_inca_\/?page_id=8128"},"modified":"2023-09-07T10:05:30","modified_gmt":"2023-09-07T15:05:30","slug":"niif","status":"publish","type":"page","link":"https:\/\/centroinca.com\/centroinca\/niif\/","title":{"rendered":"Diplomado en Normas Internacionales de Informaci\u00f3n Financiera NIIF (PYMES)"},"content":{"rendered":"<div class=\"wpb-content-wrapper\"><p>[vc_row full_width=&#8221;stretch_row_content_no_spaces&#8221;][vc_column][vc_single_image image=&#8221;8133&#8243; img_size=&#8221;full&#8221; alignment=&#8221;center&#8221;][\/vc_column][\/vc_row][vc_row gap=&#8221;20&#8243; css=&#8221;.vc_custom_1618946587154{margin-top: 50px !important;margin-bottom: 20px !important;}&#8221;][vc_column width=&#8221;1\/2&#8243;][vc_custom_heading text=&#8221;Diplomado en Normas Internacionales de Informaci\u00f3n Financiera NIIF (PYMES)&#8221; font_container=&#8221;tag:h3|text_align:left&#8221; use_theme_fonts=&#8221;yes&#8221; css=&#8221;.vc_custom_1618956261629{margin-bottom: 40px !important;}&#8221;][vc_column_text]<span style=\"color: #333300;\"><strong>Razones por las que las NIIF para Pymes son el camino a seguir:<\/strong><\/span><\/p>\n<p><span style=\"font-weight: 400; color: #333300;\">1- Los costos de financiamiento no requieren ser capitalizados en los activos financiados. Con esto se ahorra los costos y esfuerzos de los complicados c\u00e1lculos que requieren las NIIF Plenas para identificar tasas de inter\u00e9s ponderadas, periodos de capitalizaci\u00f3n y efectos de la diferencia en cambio de los intereses.<\/span><\/p>\n<p><span style=\"font-weight: 400; color: #333300;\">2- Para activos intangibles, el complejo proceso de definir las vidas \u00fatiles, ante la imposibilidad de hacer estimaciones fiables de las mismas, se simplifica bajo NIIF para Pymes al definirlo en 10 a\u00f1os.<\/span><\/p>\n<p><span style=\"font-weight: 400; color: #333300;\">3- No es obligatorio hacer c\u00e1lculos de Ganancias por Acci\u00f3n, ni b\u00e1sicas ni diluidas. Esto es cierto tanto para Pymes como para empresas del Grupo 1 que no cotizan en bolsas de valores.<\/span><\/p>\n<p><span style=\"font-weight: 400; color: #333300;\">4- Bajo NIIF para Pymes, no es necesario reportar segmentos de operaci\u00f3n.<\/span><\/p>\n<p><span style=\"font-weight: 400; color: #333300;\">5- La NIIF para Pymes no exige la emisi\u00f3n de estados financieros en periodos intermedios.<\/span>[\/vc_column_text][vc_column_text]<\/p>\n<blockquote><p><span style=\"font-weight: 400; color: #000080;\"><b>Tipo de certificado:<\/b><\/span><\/p>\n<p><span style=\"font-weight: 400; color: #000080;\">Se otorgar\u00e1 certificado de asistencia a quienes asistan al menos al 80% de las horas programadas.<\/span><\/p><\/blockquote>\n<p>[\/vc_column_text][\/vc_column][vc_column width=&#8221;1\/2&#8243;][vc_custom_heading text=&#8221;Contenido&#8221; font_container=&#8221;tag:h3|text_align:left&#8221; use_theme_fonts=&#8221;yes&#8221; css=&#8221;.vc_custom_1618938032322{margin-bottom: 40px !important;}&#8221;][vc_column_text]<span style=\"font-weight: 400;\">&#8211; M\u00f3dulo 1: Antecedentes NIC \u2013 NIIF.<\/span><\/p>\n<p><span style=\"font-weight: 400;\">&#8211; M\u00f3dulo 2: Antecedentes normatividad Contable y Fiscal.<\/span><\/p>\n<p><span style=\"font-weight: 400;\">&#8211; M\u00f3dulo 3 y 4: NIC NIIF Presentaci\u00f3n y lectura.<\/span><\/p>\n<p><span style=\"font-weight: 400;\">&#8211; M\u00f3dulo 5: NIIF para pymes.<\/span><\/p>\n<p><span style=\"font-weight: 400;\">&#8211; M\u00f3dulo 6: ESFA \u2013 Inventarios \u2013 Propiedad planta y equipo.<\/span><\/p>\n<p><span style=\"font-weight: 400;\">&#8211; M\u00f3dulo 7: ESFA \u2013 Intangibles, Cargos diferidos \u2013 gastos.<\/span><\/p>\n<p><span style=\"font-weight: 400;\">&#8211; M\u00f3dulo 8: ESFA \u2013 Pasivos.<\/span><\/p>\n<p><span style=\"font-weight: 400;\">&#8211; M\u00f3dulo 9 Plantilla de trabajo ESFA \u2013 Informe.<\/span><\/p>\n<p><span style=\"font-weight: 400;\">&#8211; M\u00f3dulo 10: Taller de Aplicaci\u00f3n, del ESFA, para las PYMES.<\/span>[\/vc_column_text][vc_empty_space height=&#8221;42px&#8221;][\/vc_column][\/vc_row][vc_row full_width=&#8221;stretch_row&#8221; css=&#8221;.vc_custom_1615218168335{padding-top: 40px !important;padding-bottom: 33px !important;background-color: #0040c1 !important;}&#8221;][vc_column width=&#8221;1\/2&#8243;][vc_empty_space height=&#8221;42px&#8221;][vc_column_text]<span style=\"color: #ffffff;\"><strong>Fecha de inicio: <span style=\"font-weight: 400;\">17 de Abril de 2021<\/span><\/strong><\/span>[\/vc_column_text][vc_column_text]<span style=\"color: #ffffff;\"><strong>Horario:<\/strong><\/span><\/p>\n<p><span style=\"color: #ffffff;\"><span style=\"font-weight: 400;\">&#8211; <\/span><span style=\"font-weight: 400;\">Viernes de 6:00 a 9:00 PM<\/span><\/span><\/p>\n<p><span style=\"font-weight: 400; color: #ffffff;\">&#8211; S\u00e1bados de 1:00 a 6:00 PM<\/span>[\/vc_column_text][vc_column_text]<span style=\"color: #ffffff;\"><strong>Duraci\u00f3n: <\/strong><\/span><span style=\"font-weight: 400; color: #ffffff;\">80 Horas Acad\u00e9micas<\/span>[\/vc_column_text][vc_column_text]<span style=\"color: #ffffff;\"><b>Inversi\u00f3n:<\/b><\/span><\/p>\n<p><span style=\"font-weight: 400; color: #ffffff;\">De contado <span style=\"font-weight: 400;\">$170.000<\/span><\/span>[\/vc_column_text][\/vc_column][vc_column width=&#8221;1\/2&#8243;][vc_custom_heading text=&#8221;Conferencista&#8221; font_container=&#8221;tag:h3|text_align:left|color:%23ffffff&#8221; use_theme_fonts=&#8221;yes&#8221; css=&#8221;.vc_custom_1618949045141{margin-bottom: 40px !important;}&#8221;][vc_column_text]<span style=\"font-weight: 400; color: #ffffff;\"><strong>Personal Autorizado:<\/strong><\/span>[\/vc_column_text][vc_btn title=&#8221;HELMER AVILAN CACERES&#8221; style=&#8221;flat&#8221; color=&#8221;white&#8221; i_icon_fontawesome=&#8221;fas fa-chalkboard-teacher&#8221; add_icon=&#8221;true&#8221;][vc_column_text]<span style=\"font-weight: 400; color: #ffffff;\">Contador P\u00fablico de la Universidad Santo Tomas de Aquino de Bucaramanga, con Maestr\u00eda en Administraci\u00f3n de Empresas de la misma Universidad &#8211; Especialista en Gerencia de Impuestos de la Universidad Externado de Colombia &#8211; Conferencista de la C\u00e1mara de Comercio de Bogot\u00e1 y otras 25 C\u00e1maras de Comercio del Pa\u00eds, conferencista de Fenalco Bogot\u00e1, Quind\u00edo, Huila, Ibagu\u00e9 &#8211; Asesor contable, tributario y Revisor Fiscal de varias empresas, Profesor de universitario.<\/span>[\/vc_column_text][vc_empty_space height=&#8221;42px&#8221;][\/vc_column][\/vc_row][vc_row gap=&#8221;20&#8243; css=&#8221;.vc_custom_1618946630107{margin-top: 50px !important;margin-bottom: 50px !important;}&#8221;][vc_column width=&#8221;1\/2&#8243;][vc_custom_heading text=&#8221;Inscripci\u00f3n&#8221; font_container=&#8221;tag:h3|text_align:left&#8221; use_theme_fonts=&#8221;yes&#8221; css=&#8221;.vc_custom_1618946441690{margin-bottom: 40px !important;}&#8221;][vc_column_text]<span style=\"font-weight: 400;\">Solicitar volante de pago en la oficina Centro de Formaci\u00f3n Continuada o por correo electr\u00f3nico a formacion.continuada@organizacioninca.com enviando los siguientes datos:<\/span><\/p>\n<p><span style=\"font-weight: 400;\">&#8211; Nombre completo.<\/span><\/p>\n<p><span style=\"font-weight: 400;\">&#8211; N\u00famero de documento de identidad.<\/span><\/p>\n<p><span style=\"font-weight: 400;\">&#8211; Programa de estudio o profesi\u00f3n.<\/span><\/p>\n<p><span style=\"font-weight: 400;\">&#8211; Motivaci\u00f3n a inscribirse: instructor, web, publicidad, telemercadeo, etc.<\/span><\/p>\n<p><span style=\"font-weight: 400;\">&#8211; Tel\u00e9fonos fijo y m\u00f3vil.<\/span><\/p>\n<p><span style=\"font-weight: 400;\">&#8211; Correo electr\u00f3nico.<\/span><\/p>\n<p><span style=\"font-weight: 400;\">&#8211; Forma de pago.<\/span>[\/vc_column_text][\/vc_column][vc_column width=&#8221;1\/2&#8243;][vc_custom_heading text=&#8221;Matr\u00edculas&#8221; font_container=&#8221;tag:h3|text_align:left&#8221; use_theme_fonts=&#8221;yes&#8221; css=&#8221;.vc_custom_1618946496887{margin-bottom: 40px !important;}&#8221;][vc_column_text]<span style=\"font-weight: 400;\">Una vez cancelado el volante de pago en banco autorizado, entregar f\u00edsicamente con copia de documento de identidad en oficinas de Formaci\u00f3n Continua o enviar escaneado al correo:<\/span><\/p>\n<p><strong> formacion.continuada@organizacioninca.com<\/strong>[\/vc_column_text][\/vc_column][\/vc_row]<\/p>\n<\/div>","protected":false},"excerpt":{"rendered":"<p>[vc_row full_width=&#8221;stretch_row_content_no_spaces&#8221;][vc_column][vc_single_image image=&#8221;8133&#8243; img_size=&#8221;full&#8221; alignment=&#8221;center&#8221;][\/vc_column][\/vc_row][vc_row gap=&#8221;20&#8243; css=&#8221;.vc_custom_1618946587154{margin-top: 50px !important;margin-bottom: 20px !important;}&#8221;][vc_column width=&#8221;1\/2&#8243;][vc_custom_heading text=&#8221;Diplomado en Normas Internacionales de Informaci\u00f3n Financiera NIIF (PYMES)&#8221; font_container=&#8221;tag:h3|text_align:left&#8221; use_theme_fonts=&#8221;yes&#8221; css=&#8221;.vc_custom_1618956261629{margin-bottom: 40px !important;}&#8221;][vc_column_text]Razones por las que las NIIF para Pymes son el camino a seguir: 1- Los costos de financiamiento no requieren ser capitalizados en los activos financiados. Con esto se ahorra<\/p>\n","protected":false},"author":1,"featured_media":0,"parent":0,"menu_order":0,"comment_status":"closed","ping_status":"closed","template":"","meta":{"footnotes":""},"class_list":["post-8128","page","type-page","status-publish","hentry"],"yoast_head":"<!-- This site is optimized with the Yoast SEO plugin v27.4 - https:\/\/yoast.com\/product\/yoast-seo-wordpress\/ -->\n<title>Diplomado en Normas Internacionales de Informaci\u00f3n Financiera NIIF (PYMES) - Centro Inca<\/title>\n<meta name=\"robots\" content=\"index, follow, max-snippet:-1, max-image-preview:large, max-video-preview:-1\" \/>\n<link rel=\"canonical\" href=\"https:\/\/centroinca.com\/centroinca\/niif\/\" \/>\n<meta property=\"og:locale\" content=\"es_ES\" \/>\n<meta property=\"og:type\" content=\"article\" \/>\n<meta property=\"og:title\" content=\"Diplomado en Normas Internacionales de Informaci\u00f3n Financiera NIIF (PYMES) - Centro Inca\" \/>\n<meta property=\"og:description\" content=\"[vc_row full_width=&#8221;stretch_row_content_no_spaces&#8221;][vc_column][vc_single_image image=&#8221;8133&#8243; img_size=&#8221;full&#8221; alignment=&#8221;center&#8221;][\/vc_column][\/vc_row][vc_row gap=&#8221;20&#8243; css=&#8221;.vc_custom_1618946587154{margin-top: 50px !important;margin-bottom: 20px !important;}&#8221;][vc_column width=&#8221;1\/2&#8243;][vc_custom_heading text=&#8221;Diplomado en Normas Internacionales de Informaci\u00f3n Financiera NIIF (PYMES)&#8221; font_container=&#8221;tag:h3|text_align:left&#8221; use_theme_fonts=&#8221;yes&#8221; css=&#8221;.vc_custom_1618956261629{margin-bottom: 40px !important;}&#8221;][vc_column_text]Razones por las que las NIIF para Pymes son el camino a seguir: 1- Los costos de financiamiento no requieren ser capitalizados en los activos financiados. Con esto se ahorra\" \/>\n<meta property=\"og:url\" content=\"https:\/\/centroinca.com\/centroinca\/niif\/\" \/>\n<meta property=\"og:site_name\" content=\"Centro Inca\" \/>\n<meta property=\"article:modified_time\" content=\"2023-09-07T15:05:30+00:00\" \/>\n<meta name=\"twitter:card\" content=\"summary_large_image\" \/>\n<meta name=\"twitter:label1\" content=\"Tiempo de lectura\" \/>\n\t<meta name=\"twitter:data1\" content=\"4 minutos\" \/>\n<script type=\"application\/ld+json\" class=\"yoast-schema-graph\">{\"@context\":\"https:\\\/\\\/schema.org\",\"@graph\":[{\"@type\":\"WebPage\",\"@id\":\"https:\\\/\\\/centroinca.com\\\/centroinca\\\/niif\\\/\",\"url\":\"https:\\\/\\\/centroinca.com\\\/centroinca\\\/niif\\\/\",\"name\":\"Diplomado en Normas Internacionales de Informaci\u00f3n Financiera NIIF (PYMES) - Centro Inca\",\"isPartOf\":{\"@id\":\"https:\\\/\\\/centroinca.com\\\/centroinca\\\/#website\"},\"datePublished\":\"2021-04-20T22:18:35+00:00\",\"dateModified\":\"2023-09-07T15:05:30+00:00\",\"breadcrumb\":{\"@id\":\"https:\\\/\\\/centroinca.com\\\/centroinca\\\/niif\\\/#breadcrumb\"},\"inLanguage\":\"es\",\"potentialAction\":[{\"@type\":\"ReadAction\",\"target\":[\"https:\\\/\\\/centroinca.com\\\/centroinca\\\/niif\\\/\"]}]},{\"@type\":\"BreadcrumbList\",\"@id\":\"https:\\\/\\\/centroinca.com\\\/centroinca\\\/niif\\\/#breadcrumb\",\"itemListElement\":[{\"@type\":\"ListItem\",\"position\":1,\"name\":\"Inicio\",\"item\":\"https:\\\/\\\/centroinca.com\\\/centroinca\\\/\"},{\"@type\":\"ListItem\",\"position\":2,\"name\":\"Diplomado en Normas Internacionales de Informaci\u00f3n Financiera NIIF (PYMES)\"}]},{\"@type\":\"WebSite\",\"@id\":\"https:\\\/\\\/centroinca.com\\\/centroinca\\\/#website\",\"url\":\"https:\\\/\\\/centroinca.com\\\/centroinca\\\/\",\"name\":\"Centro Inca\",\"description\":\"Tu camino al \u00e9xito - Estudia Programas T\u00e9cnicos Laborales en Barranquillla\",\"publisher\":{\"@id\":\"https:\\\/\\\/centroinca.com\\\/centroinca\\\/#organization\"},\"potentialAction\":[{\"@type\":\"SearchAction\",\"target\":{\"@type\":\"EntryPoint\",\"urlTemplate\":\"https:\\\/\\\/centroinca.com\\\/centroinca\\\/?s={search_term_string}\"},\"query-input\":{\"@type\":\"PropertyValueSpecification\",\"valueRequired\":true,\"valueName\":\"search_term_string\"}}],\"inLanguage\":\"es\"},{\"@type\":\"Organization\",\"@id\":\"https:\\\/\\\/centroinca.com\\\/centroinca\\\/#organization\",\"name\":\"Centro Inca\",\"url\":\"https:\\\/\\\/centroinca.com\\\/centroinca\\\/\",\"logo\":{\"@type\":\"ImageObject\",\"inLanguage\":\"es\",\"@id\":\"https:\\\/\\\/centroinca.com\\\/centroinca\\\/#\\\/schema\\\/logo\\\/image\\\/\",\"url\":\"https:\\\/\\\/centroinca.com\\\/centroinca\\\/wp-content\\\/uploads\\\/2019\\\/09\\\/LOGO-CENTRO-INCA-POSITIVO.png\",\"contentUrl\":\"https:\\\/\\\/centroinca.com\\\/centroinca\\\/wp-content\\\/uploads\\\/2019\\\/09\\\/LOGO-CENTRO-INCA-POSITIVO.png\",\"width\":1377,\"height\":546,\"caption\":\"Centro Inca\"},\"image\":{\"@id\":\"https:\\\/\\\/centroinca.com\\\/centroinca\\\/#\\\/schema\\\/logo\\\/image\\\/\"}}]}<\/script>\n<!-- \/ Yoast SEO plugin. -->","yoast_head_json":{"title":"Diplomado en Normas Internacionales de Informaci\u00f3n Financiera NIIF (PYMES) - Centro Inca","robots":{"index":"index","follow":"follow","max-snippet":"max-snippet:-1","max-image-preview":"max-image-preview:large","max-video-preview":"max-video-preview:-1"},"canonical":"https:\/\/centroinca.com\/centroinca\/niif\/","og_locale":"es_ES","og_type":"article","og_title":"Diplomado en Normas Internacionales de Informaci\u00f3n Financiera NIIF (PYMES) - Centro Inca","og_description":"[vc_row full_width=&#8221;stretch_row_content_no_spaces&#8221;][vc_column][vc_single_image image=&#8221;8133&#8243; img_size=&#8221;full&#8221; alignment=&#8221;center&#8221;][\/vc_column][\/vc_row][vc_row gap=&#8221;20&#8243; css=&#8221;.vc_custom_1618946587154{margin-top: 50px !important;margin-bottom: 20px !important;}&#8221;][vc_column width=&#8221;1\/2&#8243;][vc_custom_heading text=&#8221;Diplomado en Normas Internacionales de Informaci\u00f3n Financiera NIIF (PYMES)&#8221; font_container=&#8221;tag:h3|text_align:left&#8221; use_theme_fonts=&#8221;yes&#8221; css=&#8221;.vc_custom_1618956261629{margin-bottom: 40px !important;}&#8221;][vc_column_text]Razones por las que las NIIF para Pymes son el camino a seguir: 1- Los costos de financiamiento no requieren ser capitalizados en los activos financiados. Con esto se ahorra","og_url":"https:\/\/centroinca.com\/centroinca\/niif\/","og_site_name":"Centro Inca","article_modified_time":"2023-09-07T15:05:30+00:00","twitter_card":"summary_large_image","twitter_misc":{"Tiempo de lectura":"4 minutos"},"schema":{"@context":"https:\/\/schema.org","@graph":[{"@type":"WebPage","@id":"https:\/\/centroinca.com\/centroinca\/niif\/","url":"https:\/\/centroinca.com\/centroinca\/niif\/","name":"Diplomado en Normas Internacionales de Informaci\u00f3n Financiera NIIF (PYMES) - Centro Inca","isPartOf":{"@id":"https:\/\/centroinca.com\/centroinca\/#website"},"datePublished":"2021-04-20T22:18:35+00:00","dateModified":"2023-09-07T15:05:30+00:00","breadcrumb":{"@id":"https:\/\/centroinca.com\/centroinca\/niif\/#breadcrumb"},"inLanguage":"es","potentialAction":[{"@type":"ReadAction","target":["https:\/\/centroinca.com\/centroinca\/niif\/"]}]},{"@type":"BreadcrumbList","@id":"https:\/\/centroinca.com\/centroinca\/niif\/#breadcrumb","itemListElement":[{"@type":"ListItem","position":1,"name":"Inicio","item":"https:\/\/centroinca.com\/centroinca\/"},{"@type":"ListItem","position":2,"name":"Diplomado en Normas Internacionales de Informaci\u00f3n Financiera NIIF (PYMES)"}]},{"@type":"WebSite","@id":"https:\/\/centroinca.com\/centroinca\/#website","url":"https:\/\/centroinca.com\/centroinca\/","name":"Centro Inca","description":"Tu camino al \u00e9xito - Estudia Programas T\u00e9cnicos Laborales en Barranquillla","publisher":{"@id":"https:\/\/centroinca.com\/centroinca\/#organization"},"potentialAction":[{"@type":"SearchAction","target":{"@type":"EntryPoint","urlTemplate":"https:\/\/centroinca.com\/centroinca\/?s={search_term_string}"},"query-input":{"@type":"PropertyValueSpecification","valueRequired":true,"valueName":"search_term_string"}}],"inLanguage":"es"},{"@type":"Organization","@id":"https:\/\/centroinca.com\/centroinca\/#organization","name":"Centro Inca","url":"https:\/\/centroinca.com\/centroinca\/","logo":{"@type":"ImageObject","inLanguage":"es","@id":"https:\/\/centroinca.com\/centroinca\/#\/schema\/logo\/image\/","url":"https:\/\/centroinca.com\/centroinca\/wp-content\/uploads\/2019\/09\/LOGO-CENTRO-INCA-POSITIVO.png","contentUrl":"https:\/\/centroinca.com\/centroinca\/wp-content\/uploads\/2019\/09\/LOGO-CENTRO-INCA-POSITIVO.png","width":1377,"height":546,"caption":"Centro Inca"},"image":{"@id":"https:\/\/centroinca.com\/centroinca\/#\/schema\/logo\/image\/"}}]}},"_links":{"self":[{"href":"https:\/\/centroinca.com\/centroinca\/wp-json\/wp\/v2\/pages\/8128","targetHints":{"allow":["GET"]}}],"collection":[{"href":"https:\/\/centroinca.com\/centroinca\/wp-json\/wp\/v2\/pages"}],"about":[{"href":"https:\/\/centroinca.com\/centroinca\/wp-json\/wp\/v2\/types\/page"}],"author":[{"embeddable":true,"href":"https:\/\/centroinca.com\/centroinca\/wp-json\/wp\/v2\/users\/1"}],"replies":[{"embeddable":true,"href":"https:\/\/centroinca.com\/centroinca\/wp-json\/wp\/v2\/comments?post=8128"}],"version-history":[{"count":6,"href":"https:\/\/centroinca.com\/centroinca\/wp-json\/wp\/v2\/pages\/8128\/revisions"}],"predecessor-version":[{"id":8135,"href":"https:\/\/centroinca.com\/centroinca\/wp-json\/wp\/v2\/pages\/8128\/revisions\/8135"}],"wp:attachment":[{"href":"https:\/\/centroinca.com\/centroinca\/wp-json\/wp\/v2\/media?parent=8128"}],"curies":[{"name":"wp","href":"https:\/\/api.w.org\/{rel}","templated":true}]}}