{"id":7957,"date":"2021-03-24T15:12:35","date_gmt":"2021-03-24T20:12:35","guid":{"rendered":"http:\/\/inca.com.co\/centro_inca_\/?page_id=7957"},"modified":"2023-09-07T10:05:30","modified_gmt":"2023-09-07T15:05:30","slug":"emprendimiento","status":"publish","type":"page","link":"https:\/\/centroinca.com\/centroinca\/emprendimiento\/","title":{"rendered":"Emprendiemiento"},"content":{"rendered":"<div class=\"wpb-content-wrapper\"><p>[vc_row full_width=&#8221;stretch_row&#8221; css=&#8221;.vc_custom_1616618030156{margin-top: -75px !important;margin-bottom: 52px !important;padding-top: 81px !important;background-color: #ffffff !important;}&#8221;][vc_column offset=&#8221;vc_col-lg-7 vc_col-md-7&#8243; css=&#8221;.vc_custom_1616099195158{margin-bottom: 52px !important;}&#8221;][vc_custom_heading text=&#8221;Emprendimiento&#8221; font_container=&#8221;tag:h3|text_align:left&#8221; use_theme_fonts=&#8221;yes&#8221; css=&#8221;.vc_custom_1616616489236{margin-top: 50px !important;margin-bottom: 25px !important;}&#8221;][vc_column_text css=&#8221;.vc_custom_1616616573084{margin-bottom: 25px !important;}&#8221;]<\/p>\n<blockquote><p><strong>Fondo emprender<\/strong><\/p>\n<p><span style=\"font-weight: 400;\">El fondo emprender es una iniciativa del gobierno nacional para promover proyectos empresariales, otorgando el financiamiento del mismo.<\/span><\/p><\/blockquote>\n<p>[\/vc_column_text][vc_column_text css=&#8221;.vc_custom_1616617989344{margin-bottom: 25px !important;}&#8221;]<span style=\"font-weight: 400;\">Fue creado para Aprendices, Practicantes Universitarios (que se encuentren en el \u00faltimo a\u00f1o de la carrera profesional) o Profesionales que no superen dos a\u00f1os de haber recibido su PRIMER t\u00edtulo profesional.<\/span><\/p>\n<p><span style=\"font-weight: 400;\">El principal objetivo del fondo es apoyar los proyectos en los cuales se desarrollen nuevas ideas de creaci\u00f3n de empresa poniendo en pr\u00e1ctica los conocimientos adquiridos por los emprendedores en su proceso de formaci\u00f3n.<\/span>[\/vc_column_text][\/vc_column][vc_column offset=&#8221;vc_col-lg-5 vc_col-md-5&#8243; css=&#8221;.vc_custom_1614890405694{margin-top: 70px !important;}&#8221;][vc_single_image image=&#8221;7961&#8243; img_size=&#8221;full&#8221;][vc_column_text css=&#8221;.vc_custom_1616617981954{margin-bottom: 25px !important;}&#8221;]<strong>Para mayor informaci\u00f3n consulte en:<\/strong>[\/vc_column_text][vc_row_inner][vc_column_inner width=&#8221;1\/2&#8243;][vc_btn title=&#8221;SENA&#8221; style=&#8221;custom&#8221; custom_background=&#8221;#1940aa&#8221; custom_text=&#8221;#ffffff&#8221; size=&#8221;sm&#8221; align=&#8221;center&#8221; button_block=&#8221;true&#8221; link=&#8221;url:https%3A%2F%2Fwww.sena.edu.co%2Fes-co%2FPaginas%2Fdefault.aspx|target:_blank&#8221;][\/vc_column_inner][vc_column_inner width=&#8221;1\/2&#8243;][vc_btn title=&#8221;Fondo emprender&#8221; style=&#8221;custom&#8221; custom_background=&#8221;#1940aa&#8221; custom_text=&#8221;#ffffff&#8221; size=&#8221;sm&#8221; align=&#8221;center&#8221; button_block=&#8221;true&#8221; link=&#8221;url:http%3A%2F%2Fwww.fondoemprender.com%2FSitePages%2FFondoEmprendeCrear2020.aspx|target:_blank&#8221;][\/vc_column_inner][\/vc_row_inner][\/vc_column][\/vc_row]<\/p>\n<\/div>","protected":false},"excerpt":{"rendered":"<p>[vc_row full_width=&#8221;stretch_row&#8221; css=&#8221;.vc_custom_1616618030156{margin-top: -75px !important;margin-bottom: 52px !important;padding-top: 81px !important;background-color: #ffffff !important;}&#8221;][vc_column offset=&#8221;vc_col-lg-7 vc_col-md-7&#8243; css=&#8221;.vc_custom_1616099195158{margin-bottom: 52px !important;}&#8221;][vc_custom_heading text=&#8221;Emprendimiento&#8221; font_container=&#8221;tag:h3|text_align:left&#8221; use_theme_fonts=&#8221;yes&#8221; css=&#8221;.vc_custom_1616616489236{margin-top: 50px !important;margin-bottom: 25px !important;}&#8221;][vc_column_text css=&#8221;.vc_custom_1616616573084{margin-bottom: 25px !important;}&#8221;] Fondo emprender El fondo emprender es una iniciativa del gobierno nacional para promover proyectos empresariales, otorgando el financiamiento del mismo. [\/vc_column_text][vc_column_text css=&#8221;.vc_custom_1616617989344{margin-bottom: 25px !important;}&#8221;]Fue creado para Aprendices, Practicantes<\/p>\n","protected":false},"author":1,"featured_media":0,"parent":0,"menu_order":0,"comment_status":"closed","ping_status":"closed","template":"","meta":{"footnotes":""},"class_list":["post-7957","page","type-page","status-publish","hentry"],"yoast_head":"<!-- This site is optimized with the Yoast SEO plugin v27.4 - https:\/\/yoast.com\/product\/yoast-seo-wordpress\/ -->\n<title>Emprendiemiento - Centro Inca<\/title>\n<meta name=\"robots\" content=\"index, follow, max-snippet:-1, max-image-preview:large, max-video-preview:-1\" \/>\n<link rel=\"canonical\" href=\"https:\/\/centroinca.com\/centroinca\/emprendimiento\/\" \/>\n<meta property=\"og:locale\" content=\"es_ES\" \/>\n<meta property=\"og:type\" content=\"article\" \/>\n<meta property=\"og:title\" content=\"Emprendiemiento - Centro Inca\" \/>\n<meta property=\"og:description\" content=\"[vc_row full_width=&#8221;stretch_row&#8221; css=&#8221;.vc_custom_1616618030156{margin-top: -75px !important;margin-bottom: 52px !important;padding-top: 81px !important;background-color: #ffffff !important;}&#8221;][vc_column offset=&#8221;vc_col-lg-7 vc_col-md-7&#8243; css=&#8221;.vc_custom_1616099195158{margin-bottom: 52px !important;}&#8221;][vc_custom_heading text=&#8221;Emprendimiento&#8221; font_container=&#8221;tag:h3|text_align:left&#8221; use_theme_fonts=&#8221;yes&#8221; css=&#8221;.vc_custom_1616616489236{margin-top: 50px !important;margin-bottom: 25px !important;}&#8221;][vc_column_text css=&#8221;.vc_custom_1616616573084{margin-bottom: 25px !important;}&#8221;] Fondo emprender El fondo emprender es una iniciativa del gobierno nacional para promover proyectos empresariales, otorgando el financiamiento del mismo. [\/vc_column_text][vc_column_text css=&#8221;.vc_custom_1616617989344{margin-bottom: 25px !important;}&#8221;]Fue creado para Aprendices, Practicantes\" \/>\n<meta property=\"og:url\" content=\"https:\/\/centroinca.com\/centroinca\/emprendimiento\/\" \/>\n<meta property=\"og:site_name\" content=\"Centro Inca\" \/>\n<meta property=\"article:modified_time\" content=\"2023-09-07T15:05:30+00:00\" \/>\n<meta name=\"twitter:card\" content=\"summary_large_image\" \/>\n<meta name=\"twitter:label1\" content=\"Tiempo de lectura\" \/>\n\t<meta name=\"twitter:data1\" content=\"2 minutos\" \/>\n<script type=\"application\/ld+json\" class=\"yoast-schema-graph\">{\"@context\":\"https:\\\/\\\/schema.org\",\"@graph\":[{\"@type\":\"WebPage\",\"@id\":\"https:\\\/\\\/centroinca.com\\\/centroinca\\\/emprendimiento\\\/\",\"url\":\"https:\\\/\\\/centroinca.com\\\/centroinca\\\/emprendimiento\\\/\",\"name\":\"Emprendiemiento - Centro Inca\",\"isPartOf\":{\"@id\":\"https:\\\/\\\/centroinca.com\\\/centroinca\\\/#website\"},\"datePublished\":\"2021-03-24T20:12:35+00:00\",\"dateModified\":\"2023-09-07T15:05:30+00:00\",\"breadcrumb\":{\"@id\":\"https:\\\/\\\/centroinca.com\\\/centroinca\\\/emprendimiento\\\/#breadcrumb\"},\"inLanguage\":\"es\",\"potentialAction\":[{\"@type\":\"ReadAction\",\"target\":[\"https:\\\/\\\/centroinca.com\\\/centroinca\\\/emprendimiento\\\/\"]}]},{\"@type\":\"BreadcrumbList\",\"@id\":\"https:\\\/\\\/centroinca.com\\\/centroinca\\\/emprendimiento\\\/#breadcrumb\",\"itemListElement\":[{\"@type\":\"ListItem\",\"position\":1,\"name\":\"Inicio\",\"item\":\"https:\\\/\\\/centroinca.com\\\/centroinca\\\/\"},{\"@type\":\"ListItem\",\"position\":2,\"name\":\"Emprendiemiento\"}]},{\"@type\":\"WebSite\",\"@id\":\"https:\\\/\\\/centroinca.com\\\/centroinca\\\/#website\",\"url\":\"https:\\\/\\\/centroinca.com\\\/centroinca\\\/\",\"name\":\"Centro Inca\",\"description\":\"Tu camino al \u00e9xito - Estudia Programas T\u00e9cnicos Laborales en Barranquillla\",\"publisher\":{\"@id\":\"https:\\\/\\\/centroinca.com\\\/centroinca\\\/#organization\"},\"potentialAction\":[{\"@type\":\"SearchAction\",\"target\":{\"@type\":\"EntryPoint\",\"urlTemplate\":\"https:\\\/\\\/centroinca.com\\\/centroinca\\\/?s={search_term_string}\"},\"query-input\":{\"@type\":\"PropertyValueSpecification\",\"valueRequired\":true,\"valueName\":\"search_term_string\"}}],\"inLanguage\":\"es\"},{\"@type\":\"Organization\",\"@id\":\"https:\\\/\\\/centroinca.com\\\/centroinca\\\/#organization\",\"name\":\"Centro Inca\",\"url\":\"https:\\\/\\\/centroinca.com\\\/centroinca\\\/\",\"logo\":{\"@type\":\"ImageObject\",\"inLanguage\":\"es\",\"@id\":\"https:\\\/\\\/centroinca.com\\\/centroinca\\\/#\\\/schema\\\/logo\\\/image\\\/\",\"url\":\"https:\\\/\\\/centroinca.com\\\/centroinca\\\/wp-content\\\/uploads\\\/2019\\\/09\\\/LOGO-CENTRO-INCA-POSITIVO.png\",\"contentUrl\":\"https:\\\/\\\/centroinca.com\\\/centroinca\\\/wp-content\\\/uploads\\\/2019\\\/09\\\/LOGO-CENTRO-INCA-POSITIVO.png\",\"width\":1377,\"height\":546,\"caption\":\"Centro Inca\"},\"image\":{\"@id\":\"https:\\\/\\\/centroinca.com\\\/centroinca\\\/#\\\/schema\\\/logo\\\/image\\\/\"}}]}<\/script>\n<!-- \/ Yoast SEO plugin. -->","yoast_head_json":{"title":"Emprendiemiento - Centro Inca","robots":{"index":"index","follow":"follow","max-snippet":"max-snippet:-1","max-image-preview":"max-image-preview:large","max-video-preview":"max-video-preview:-1"},"canonical":"https:\/\/centroinca.com\/centroinca\/emprendimiento\/","og_locale":"es_ES","og_type":"article","og_title":"Emprendiemiento - Centro Inca","og_description":"[vc_row full_width=&#8221;stretch_row&#8221; css=&#8221;.vc_custom_1616618030156{margin-top: -75px !important;margin-bottom: 52px !important;padding-top: 81px !important;background-color: #ffffff !important;}&#8221;][vc_column offset=&#8221;vc_col-lg-7 vc_col-md-7&#8243; css=&#8221;.vc_custom_1616099195158{margin-bottom: 52px !important;}&#8221;][vc_custom_heading text=&#8221;Emprendimiento&#8221; font_container=&#8221;tag:h3|text_align:left&#8221; use_theme_fonts=&#8221;yes&#8221; css=&#8221;.vc_custom_1616616489236{margin-top: 50px !important;margin-bottom: 25px !important;}&#8221;][vc_column_text css=&#8221;.vc_custom_1616616573084{margin-bottom: 25px !important;}&#8221;] Fondo emprender El fondo emprender es una iniciativa del gobierno nacional para promover proyectos empresariales, otorgando el financiamiento del mismo. [\/vc_column_text][vc_column_text css=&#8221;.vc_custom_1616617989344{margin-bottom: 25px !important;}&#8221;]Fue creado para Aprendices, Practicantes","og_url":"https:\/\/centroinca.com\/centroinca\/emprendimiento\/","og_site_name":"Centro Inca","article_modified_time":"2023-09-07T15:05:30+00:00","twitter_card":"summary_large_image","twitter_misc":{"Tiempo de lectura":"2 minutos"},"schema":{"@context":"https:\/\/schema.org","@graph":[{"@type":"WebPage","@id":"https:\/\/centroinca.com\/centroinca\/emprendimiento\/","url":"https:\/\/centroinca.com\/centroinca\/emprendimiento\/","name":"Emprendiemiento - Centro Inca","isPartOf":{"@id":"https:\/\/centroinca.com\/centroinca\/#website"},"datePublished":"2021-03-24T20:12:35+00:00","dateModified":"2023-09-07T15:05:30+00:00","breadcrumb":{"@id":"https:\/\/centroinca.com\/centroinca\/emprendimiento\/#breadcrumb"},"inLanguage":"es","potentialAction":[{"@type":"ReadAction","target":["https:\/\/centroinca.com\/centroinca\/emprendimiento\/"]}]},{"@type":"BreadcrumbList","@id":"https:\/\/centroinca.com\/centroinca\/emprendimiento\/#breadcrumb","itemListElement":[{"@type":"ListItem","position":1,"name":"Inicio","item":"https:\/\/centroinca.com\/centroinca\/"},{"@type":"ListItem","position":2,"name":"Emprendiemiento"}]},{"@type":"WebSite","@id":"https:\/\/centroinca.com\/centroinca\/#website","url":"https:\/\/centroinca.com\/centroinca\/","name":"Centro Inca","description":"Tu camino al \u00e9xito - Estudia Programas T\u00e9cnicos Laborales en Barranquillla","publisher":{"@id":"https:\/\/centroinca.com\/centroinca\/#organization"},"potentialAction":[{"@type":"SearchAction","target":{"@type":"EntryPoint","urlTemplate":"https:\/\/centroinca.com\/centroinca\/?s={search_term_string}"},"query-input":{"@type":"PropertyValueSpecification","valueRequired":true,"valueName":"search_term_string"}}],"inLanguage":"es"},{"@type":"Organization","@id":"https:\/\/centroinca.com\/centroinca\/#organization","name":"Centro Inca","url":"https:\/\/centroinca.com\/centroinca\/","logo":{"@type":"ImageObject","inLanguage":"es","@id":"https:\/\/centroinca.com\/centroinca\/#\/schema\/logo\/image\/","url":"https:\/\/centroinca.com\/centroinca\/wp-content\/uploads\/2019\/09\/LOGO-CENTRO-INCA-POSITIVO.png","contentUrl":"https:\/\/centroinca.com\/centroinca\/wp-content\/uploads\/2019\/09\/LOGO-CENTRO-INCA-POSITIVO.png","width":1377,"height":546,"caption":"Centro Inca"},"image":{"@id":"https:\/\/centroinca.com\/centroinca\/#\/schema\/logo\/image\/"}}]}},"_links":{"self":[{"href":"https:\/\/centroinca.com\/centroinca\/wp-json\/wp\/v2\/pages\/7957","targetHints":{"allow":["GET"]}}],"collection":[{"href":"https:\/\/centroinca.com\/centroinca\/wp-json\/wp\/v2\/pages"}],"about":[{"href":"https:\/\/centroinca.com\/centroinca\/wp-json\/wp\/v2\/types\/page"}],"author":[{"embeddable":true,"href":"https:\/\/centroinca.com\/centroinca\/wp-json\/wp\/v2\/users\/1"}],"replies":[{"embeddable":true,"href":"https:\/\/centroinca.com\/centroinca\/wp-json\/wp\/v2\/comments?post=7957"}],"version-history":[{"count":6,"href":"https:\/\/centroinca.com\/centroinca\/wp-json\/wp\/v2\/pages\/7957\/revisions"}],"predecessor-version":[{"id":7966,"href":"https:\/\/centroinca.com\/centroinca\/wp-json\/wp\/v2\/pages\/7957\/revisions\/7966"}],"wp:attachment":[{"href":"https:\/\/centroinca.com\/centroinca\/wp-json\/wp\/v2\/media?parent=7957"}],"curies":[{"name":"wp","href":"https:\/\/api.w.org\/{rel}","templated":true}]}}