{"id":7949,"date":"2021-03-23T11:24:34","date_gmt":"2021-03-23T16:24:34","guid":{"rendered":"http:\/\/inca.com.co\/centro_inca_\/?page_id=7949"},"modified":"2023-09-07T10:02:03","modified_gmt":"2023-09-07T15:02:03","slug":"certificacion-competencias","status":"publish","type":"page","link":"https:\/\/centroinca.com\/centroinca\/certificacion-competencias\/","title":{"rendered":"Certificaci\u00f3n por competencias"},"content":{"rendered":"<div class=\"wpb-content-wrapper\"><p>[vc_row full_width=&#8221;stretch_row&#8221; gap=&#8221;30&#8243; css=&#8221;.vc_custom_1616100387346{margin-bottom: 42px !important;background-color: #ffffff !important;}&#8221;][vc_column width=&#8221;1\/2&#8243;][vc_empty_space height=&#8221;30px&#8221;][vc_single_image image=&#8221;9226&#8243; img_size=&#8221;large&#8221;][\/vc_column][vc_column width=&#8221;1\/2&#8243;][vc_custom_heading text=&#8221;Certificaci\u00f3n por competencias&#8221; font_container=&#8221;tag:h3|text_align:left&#8221; google_fonts=&#8221;font_family:Montserrat%3Aregular%2C700|font_style:700%20bold%20regular%3A700%3Anormal&#8221; css=&#8221;.vc_custom_1616516689190{margin-bottom: 39px !important;}&#8221;][vc_column_text]<span style=\"font-weight: 400;\">La certificaci\u00f3n de la competencia laboral es el reconocimiento que se hace formalmente a las personas y trabajadores a trav\u00e9s un organismo certificador acreditado, que eval\u00faa los conocimientos, habilidades, destrezas y aptitudes, adquiridos durante diferentes procesos al cumplir con\u00a0 los requisitos establecidos en una norma de competencia laboral, confirmando con ello la capacidad que este individuo tiene para desempe\u00f1arse en diferentes funciones y contexto laborales.<\/span>[\/vc_column_text][stm_icon_box hide_title_line=&#8221;hide_title_line&#8221; icon=&#8221;fas fa-check-circle&#8221; style=&#8221;icon_left&#8221; icon_size=&#8221;15&#8243; icon_color=&#8221;custom&#8221; icon_width=&#8221;70&#8243; title=&#8221;Beneficios&#8221; icon_color_custom=&#8221;#ffffff&#8221;]<span style=\"color: #333333;\"><strong>Certificaci\u00f3n por competencias<\/strong><\/span>[\/stm_icon_box][vc_column_text]<span style=\"font-weight: 400;\">&#8211; Reconocimiento social de la competencia adquirida mediante diferentes procesos y situaciones<\/span><\/p>\n<p><span style=\"font-weight: 400;\">&#8211; Transferir la competencia laboral certificada a contornos de actividad laboral afines.<\/span><\/p>\n<p><span style=\"font-weight: 400;\">&#8211; Posibilidades de vinculaci\u00f3n laboral con una orientaci\u00f3n espec\u00edfica.<\/span><\/p>\n<p><span style=\"font-weight: 400;\">&#8211; Adaptaci\u00f3n a los cambios tecnol\u00f3gicos organizacionales con el fin adquiriendo habilidades para ejecutar la competencia espec\u00edfica de la manera esperada.<\/span><\/p>\n<p><span style=\"font-weight: 400;\">&#8211; Permite identificar las competencias que deben adquirir para el correcto desempe\u00f1o de su\u00a0 labor, y as\u00ed generar continuidad de la certificaci\u00f3n de otras normas aumentando los niveles de competencia.<\/span>[\/vc_column_text][\/vc_column][\/vc_row]<\/p>\n<\/div>","protected":false},"excerpt":{"rendered":"<p>[vc_row full_width=&#8221;stretch_row&#8221; gap=&#8221;30&#8243; css=&#8221;.vc_custom_1616100387346{margin-bottom: 42px !important;background-color: #ffffff !important;}&#8221;][vc_column width=&#8221;1\/2&#8243;][vc_empty_space height=&#8221;30px&#8221;][vc_single_image image=&#8221;9226&#8243; img_size=&#8221;large&#8221;][\/vc_column][vc_column width=&#8221;1\/2&#8243;][vc_custom_heading text=&#8221;Certificaci\u00f3n por competencias&#8221; font_container=&#8221;tag:h3|text_align:left&#8221; google_fonts=&#8221;font_family:Montserrat%3Aregular%2C700|font_style:700%20bold%20regular%3A700%3Anormal&#8221; css=&#8221;.vc_custom_1616516689190{margin-bottom: 39px !important;}&#8221;][vc_column_text]La certificaci\u00f3n de la competencia laboral es el reconocimiento que se hace formalmente a las personas y trabajadores a trav\u00e9s un organismo certificador acreditado, que eval\u00faa los conocimientos, habilidades, destrezas y aptitudes, adquiridos durante diferentes<\/p>\n","protected":false},"author":1,"featured_media":0,"parent":0,"menu_order":0,"comment_status":"closed","ping_status":"closed","template":"","meta":{"footnotes":""},"class_list":["post-7949","page","type-page","status-publish","hentry"],"yoast_head":"<!-- This site is optimized with the Yoast SEO plugin v27.5 - https:\/\/yoast.com\/product\/yoast-seo-wordpress\/ -->\n<title>Certificaci\u00f3n por competencias - Centro Inca<\/title>\n<meta name=\"robots\" content=\"index, follow, max-snippet:-1, max-image-preview:large, max-video-preview:-1\" \/>\n<link rel=\"canonical\" href=\"https:\/\/centroinca.com\/centroinca\/certificacion-competencias\/\" \/>\n<meta property=\"og:locale\" content=\"es_ES\" \/>\n<meta property=\"og:type\" content=\"article\" \/>\n<meta property=\"og:title\" content=\"Certificaci\u00f3n por competencias - Centro Inca\" \/>\n<meta property=\"og:description\" content=\"[vc_row full_width=&#8221;stretch_row&#8221; gap=&#8221;30&#8243; css=&#8221;.vc_custom_1616100387346{margin-bottom: 42px !important;background-color: #ffffff !important;}&#8221;][vc_column width=&#8221;1\/2&#8243;][vc_empty_space height=&#8221;30px&#8221;][vc_single_image image=&#8221;9226&#8243; img_size=&#8221;large&#8221;][\/vc_column][vc_column width=&#8221;1\/2&#8243;][vc_custom_heading text=&#8221;Certificaci\u00f3n por competencias&#8221; font_container=&#8221;tag:h3|text_align:left&#8221; google_fonts=&#8221;font_family:Montserrat%3Aregular%2C700|font_style:700%20bold%20regular%3A700%3Anormal&#8221; css=&#8221;.vc_custom_1616516689190{margin-bottom: 39px !important;}&#8221;][vc_column_text]La certificaci\u00f3n de la competencia laboral es el reconocimiento que se hace formalmente a las personas y trabajadores a trav\u00e9s un organismo certificador acreditado, que eval\u00faa los conocimientos, habilidades, destrezas y aptitudes, adquiridos durante diferentes\" \/>\n<meta property=\"og:url\" content=\"https:\/\/centroinca.com\/centroinca\/certificacion-competencias\/\" \/>\n<meta property=\"og:site_name\" content=\"Centro Inca\" \/>\n<meta property=\"article:modified_time\" content=\"2023-09-07T15:02:03+00:00\" \/>\n<meta name=\"twitter:card\" content=\"summary_large_image\" \/>\n<meta name=\"twitter:label1\" content=\"Tiempo de lectura\" \/>\n\t<meta name=\"twitter:data1\" content=\"1 minuto\" \/>\n<script type=\"application\/ld+json\" class=\"yoast-schema-graph\">{\"@context\":\"https:\\\/\\\/schema.org\",\"@graph\":[{\"@type\":\"WebPage\",\"@id\":\"https:\\\/\\\/centroinca.com\\\/centroinca\\\/certificacion-competencias\\\/\",\"url\":\"https:\\\/\\\/centroinca.com\\\/centroinca\\\/certificacion-competencias\\\/\",\"name\":\"Certificaci\u00f3n por competencias - Centro Inca\",\"isPartOf\":{\"@id\":\"https:\\\/\\\/centroinca.com\\\/centroinca\\\/#website\"},\"datePublished\":\"2021-03-23T16:24:34+00:00\",\"dateModified\":\"2023-09-07T15:02:03+00:00\",\"breadcrumb\":{\"@id\":\"https:\\\/\\\/centroinca.com\\\/centroinca\\\/certificacion-competencias\\\/#breadcrumb\"},\"inLanguage\":\"es\",\"potentialAction\":[{\"@type\":\"ReadAction\",\"target\":[\"https:\\\/\\\/centroinca.com\\\/centroinca\\\/certificacion-competencias\\\/\"]}]},{\"@type\":\"BreadcrumbList\",\"@id\":\"https:\\\/\\\/centroinca.com\\\/centroinca\\\/certificacion-competencias\\\/#breadcrumb\",\"itemListElement\":[{\"@type\":\"ListItem\",\"position\":1,\"name\":\"Inicio\",\"item\":\"https:\\\/\\\/centroinca.com\\\/centroinca\\\/\"},{\"@type\":\"ListItem\",\"position\":2,\"name\":\"Certificaci\u00f3n por competencias\"}]},{\"@type\":\"WebSite\",\"@id\":\"https:\\\/\\\/centroinca.com\\\/centroinca\\\/#website\",\"url\":\"https:\\\/\\\/centroinca.com\\\/centroinca\\\/\",\"name\":\"Centro Inca\",\"description\":\"Tu camino al \u00e9xito - Estudia Programas T\u00e9cnicos Laborales en Barranquillla\",\"publisher\":{\"@id\":\"https:\\\/\\\/centroinca.com\\\/centroinca\\\/#organization\"},\"potentialAction\":[{\"@type\":\"SearchAction\",\"target\":{\"@type\":\"EntryPoint\",\"urlTemplate\":\"https:\\\/\\\/centroinca.com\\\/centroinca\\\/?s={search_term_string}\"},\"query-input\":{\"@type\":\"PropertyValueSpecification\",\"valueRequired\":true,\"valueName\":\"search_term_string\"}}],\"inLanguage\":\"es\"},{\"@type\":\"Organization\",\"@id\":\"https:\\\/\\\/centroinca.com\\\/centroinca\\\/#organization\",\"name\":\"Centro Inca\",\"url\":\"https:\\\/\\\/centroinca.com\\\/centroinca\\\/\",\"logo\":{\"@type\":\"ImageObject\",\"inLanguage\":\"es\",\"@id\":\"https:\\\/\\\/centroinca.com\\\/centroinca\\\/#\\\/schema\\\/logo\\\/image\\\/\",\"url\":\"https:\\\/\\\/centroinca.com\\\/centroinca\\\/wp-content\\\/uploads\\\/2019\\\/09\\\/LOGO-CENTRO-INCA-POSITIVO.png\",\"contentUrl\":\"https:\\\/\\\/centroinca.com\\\/centroinca\\\/wp-content\\\/uploads\\\/2019\\\/09\\\/LOGO-CENTRO-INCA-POSITIVO.png\",\"width\":1377,\"height\":546,\"caption\":\"Centro Inca\"},\"image\":{\"@id\":\"https:\\\/\\\/centroinca.com\\\/centroinca\\\/#\\\/schema\\\/logo\\\/image\\\/\"}}]}<\/script>\n<!-- \/ Yoast SEO plugin. -->","yoast_head_json":{"title":"Certificaci\u00f3n por competencias - Centro Inca","robots":{"index":"index","follow":"follow","max-snippet":"max-snippet:-1","max-image-preview":"max-image-preview:large","max-video-preview":"max-video-preview:-1"},"canonical":"https:\/\/centroinca.com\/centroinca\/certificacion-competencias\/","og_locale":"es_ES","og_type":"article","og_title":"Certificaci\u00f3n por competencias - Centro Inca","og_description":"[vc_row full_width=&#8221;stretch_row&#8221; gap=&#8221;30&#8243; css=&#8221;.vc_custom_1616100387346{margin-bottom: 42px !important;background-color: #ffffff !important;}&#8221;][vc_column width=&#8221;1\/2&#8243;][vc_empty_space height=&#8221;30px&#8221;][vc_single_image image=&#8221;9226&#8243; img_size=&#8221;large&#8221;][\/vc_column][vc_column width=&#8221;1\/2&#8243;][vc_custom_heading text=&#8221;Certificaci\u00f3n por competencias&#8221; font_container=&#8221;tag:h3|text_align:left&#8221; google_fonts=&#8221;font_family:Montserrat%3Aregular%2C700|font_style:700%20bold%20regular%3A700%3Anormal&#8221; css=&#8221;.vc_custom_1616516689190{margin-bottom: 39px !important;}&#8221;][vc_column_text]La certificaci\u00f3n de la competencia laboral es el reconocimiento que se hace formalmente a las personas y trabajadores a trav\u00e9s un organismo certificador acreditado, que eval\u00faa los conocimientos, habilidades, destrezas y aptitudes, adquiridos durante diferentes","og_url":"https:\/\/centroinca.com\/centroinca\/certificacion-competencias\/","og_site_name":"Centro Inca","article_modified_time":"2023-09-07T15:02:03+00:00","twitter_card":"summary_large_image","twitter_misc":{"Tiempo de lectura":"1 minuto"},"schema":{"@context":"https:\/\/schema.org","@graph":[{"@type":"WebPage","@id":"https:\/\/centroinca.com\/centroinca\/certificacion-competencias\/","url":"https:\/\/centroinca.com\/centroinca\/certificacion-competencias\/","name":"Certificaci\u00f3n por competencias - Centro Inca","isPartOf":{"@id":"https:\/\/centroinca.com\/centroinca\/#website"},"datePublished":"2021-03-23T16:24:34+00:00","dateModified":"2023-09-07T15:02:03+00:00","breadcrumb":{"@id":"https:\/\/centroinca.com\/centroinca\/certificacion-competencias\/#breadcrumb"},"inLanguage":"es","potentialAction":[{"@type":"ReadAction","target":["https:\/\/centroinca.com\/centroinca\/certificacion-competencias\/"]}]},{"@type":"BreadcrumbList","@id":"https:\/\/centroinca.com\/centroinca\/certificacion-competencias\/#breadcrumb","itemListElement":[{"@type":"ListItem","position":1,"name":"Inicio","item":"https:\/\/centroinca.com\/centroinca\/"},{"@type":"ListItem","position":2,"name":"Certificaci\u00f3n por competencias"}]},{"@type":"WebSite","@id":"https:\/\/centroinca.com\/centroinca\/#website","url":"https:\/\/centroinca.com\/centroinca\/","name":"Centro Inca","description":"Tu camino al \u00e9xito - Estudia Programas T\u00e9cnicos Laborales en Barranquillla","publisher":{"@id":"https:\/\/centroinca.com\/centroinca\/#organization"},"potentialAction":[{"@type":"SearchAction","target":{"@type":"EntryPoint","urlTemplate":"https:\/\/centroinca.com\/centroinca\/?s={search_term_string}"},"query-input":{"@type":"PropertyValueSpecification","valueRequired":true,"valueName":"search_term_string"}}],"inLanguage":"es"},{"@type":"Organization","@id":"https:\/\/centroinca.com\/centroinca\/#organization","name":"Centro Inca","url":"https:\/\/centroinca.com\/centroinca\/","logo":{"@type":"ImageObject","inLanguage":"es","@id":"https:\/\/centroinca.com\/centroinca\/#\/schema\/logo\/image\/","url":"https:\/\/centroinca.com\/centroinca\/wp-content\/uploads\/2019\/09\/LOGO-CENTRO-INCA-POSITIVO.png","contentUrl":"https:\/\/centroinca.com\/centroinca\/wp-content\/uploads\/2019\/09\/LOGO-CENTRO-INCA-POSITIVO.png","width":1377,"height":546,"caption":"Centro Inca"},"image":{"@id":"https:\/\/centroinca.com\/centroinca\/#\/schema\/logo\/image\/"}}]}},"_links":{"self":[{"href":"https:\/\/centroinca.com\/centroinca\/wp-json\/wp\/v2\/pages\/7949","targetHints":{"allow":["GET"]}}],"collection":[{"href":"https:\/\/centroinca.com\/centroinca\/wp-json\/wp\/v2\/pages"}],"about":[{"href":"https:\/\/centroinca.com\/centroinca\/wp-json\/wp\/v2\/types\/page"}],"author":[{"embeddable":true,"href":"https:\/\/centroinca.com\/centroinca\/wp-json\/wp\/v2\/users\/1"}],"replies":[{"embeddable":true,"href":"https:\/\/centroinca.com\/centroinca\/wp-json\/wp\/v2\/comments?post=7949"}],"version-history":[{"count":4,"href":"https:\/\/centroinca.com\/centroinca\/wp-json\/wp\/v2\/pages\/7949\/revisions"}],"predecessor-version":[{"id":9227,"href":"https:\/\/centroinca.com\/centroinca\/wp-json\/wp\/v2\/pages\/7949\/revisions\/9227"}],"wp:attachment":[{"href":"https:\/\/centroinca.com\/centroinca\/wp-json\/wp\/v2\/media?parent=7949"}],"curies":[{"name":"wp","href":"https:\/\/api.w.org\/{rel}","templated":true}]}}