{"id":7944,"date":"2021-03-23T11:14:23","date_gmt":"2021-03-23T16:14:23","guid":{"rendered":"http:\/\/inca.com.co\/centro_inca_\/?page_id=7944"},"modified":"2023-09-07T10:07:30","modified_gmt":"2023-09-07T15:07:30","slug":"servicios-egresados","status":"publish","type":"page","link":"https:\/\/centroinca.com\/centroinca\/servicios-egresados\/","title":{"rendered":"Servicios a Egresados"},"content":{"rendered":"<div class=\"wpb-content-wrapper\"><p>[vc_row full_width=&#8221;stretch_row&#8221; gap=&#8221;30&#8243; css=&#8221;.vc_custom_1616100387346{margin-bottom: 42px !important;background-color: #ffffff !important;}&#8221;][vc_column width=&#8221;1\/2&#8243;][vc_custom_heading text=&#8221;Servicios a Egresados&#8221; font_container=&#8221;tag:h3|text_align:left&#8221; google_fonts=&#8221;font_family:Montserrat%3Aregular%2C700|font_style:700%20bold%20regular%3A700%3Anormal&#8221; css=&#8221;.vc_custom_1616516076610{margin-bottom: 39px !important;}&#8221;][stm_icon_box hide_title_line=&#8221;hide_title_line&#8221; icon=&#8221;fas fa-info&#8221; style=&#8221;icon_left&#8221; icon_size=&#8221;15&#8243; icon_color=&#8221;custom&#8221; icon_width=&#8221;70&#8243; title=&#8221;Tr\u00e1mites Institucionales&#8221; icon_color_custom=&#8221;#ffffff&#8221;]<span style=\"color: #333333;\"><strong>Egresados \/ Centro INCA<\/strong><\/span>[\/stm_icon_box][vc_column_text]<strong><span style=\"color: #333333;\">Tenga en Cuenta<\/span><\/strong><\/p>\n<p><span style=\"font-weight: 400; color: #333333;\">La realizaci\u00f3n de los Tr\u00e1mites se realizan en los siguientes d\u00edas:<\/span><\/p>\n<p><span style=\"color: #333333;\"><b>&#8211; Recibo de solicitudes:<\/b><span style=\"font-weight: 400;\"> Lunes, Mi\u00e9rcoles y Jueves.<\/span><\/span><\/p>\n<p><span style=\"color: #333333;\"><b>&#8211; Entrega de documentos:<\/b><span style=\"font-weight: 400;\"> Martes y Jueves.<\/span><\/span><\/p>\n<p><strong><span style=\"color: #333333;\">Copia de Certificado de Aptitud Ocupacional (C.A.O.):<\/span><\/strong><\/p>\n<p><span style=\"font-weight: 400; color: #333333;\">&#8211; Diligenciar la Solicitud del Estudiante y entregarla en el Departamento de Cartas.<\/span><\/p>\n<p><span style=\"font-weight: 400; color: #333333;\">&#8211; Con la autorizaci\u00f3n entregada en cartas, se solicita el recibo de pago en el Departamento de Facturaci\u00f3n.<\/span><\/p>\n<p><span style=\"font-weight: 400; color: #333333;\">&#8211; Realizados el tr\u00e1mite anterior se debe entregar en el Departamento de Cartas los siguientes documentos:<\/span><\/p>\n<p><span style=\"font-weight: 400; color: #333333;\">&#8211; Fotocopia de la Cedula.<\/span><\/p>\n<p><span style=\"font-weight: 400; color: #333333;\">&#8211; Fecha de entrega de Certificaci\u00f3n de Aptitud Ocupacional.<\/span><\/p>\n<p><span style=\"font-weight: 400; color: #333333;\">&#8211; Recibo de pago con sello de cancelado.<\/span><\/p>\n<p><span style=\"font-weight: 400; color: #333333;\">&#8211; Recoger a los 8 d\u00edas h\u00e1biles en el Departamento de Cartas.<\/span>[\/vc_column_text][vc_empty_space height=&#8221;20px&#8221;][vc_single_image image=&#8221;8018&#8243; img_size=&#8221;large&#8221;][\/vc_column][vc_column width=&#8221;1\/2&#8243;][vc_single_image image=&#8221;8017&#8243; img_size=&#8221;large&#8221;][vc_empty_space height=&#8221;20px&#8221;][vc_column_text]<strong><span style=\"color: #333333;\">Copia del Acta de Clausura de Programa y C.A.O. Grado:<\/span><\/strong><\/p>\n<p><span style=\"font-weight: 400; color: #333333;\">&#8211; Diligenciar la Solicitud del Estudiante y entregarla en el Departamento de Cartas.<\/span><\/p>\n<p><span style=\"font-weight: 400; color: #333333;\">&#8211; Con la autorizaci\u00f3n entregada en cartas, se solicita el recibo de pago en el Departamento de Facturaci\u00f3n.<\/span><\/p>\n<p><span style=\"font-weight: 400; color: #333333;\">&#8211; Realizados los tr\u00e1mites anteriores se debe entregar en el Departamento de Cartas los siguientes documentos:<\/span><\/p>\n<ul>\n<li style=\"list-style-type: none;\">\n<ul>\n<li style=\"font-weight: 400;\" aria-level=\"2\"><span style=\"font-weight: 400; color: #333333;\">Fotocopia de la Cedula.<\/span><\/li>\n<li style=\"font-weight: 400;\" aria-level=\"2\"><span style=\"font-weight: 400; color: #333333;\">Fecha de entrega de Certificaci\u00f3n de Aptitud Ocupacional.<\/span><\/li>\n<li style=\"font-weight: 400;\" aria-level=\"2\"><span style=\"font-weight: 400; color: #333333;\">Recibo de pago con sello de cancelado.<\/span><\/li>\n<\/ul>\n<\/li>\n<\/ul>\n<p><span style=\"font-weight: 400; color: #333333;\">&#8211; <\/span><span style=\"font-weight: 400; color: #333333;\">Recoger a los 8 d\u00edas h\u00e1biles en el Departamento de Cartas.<\/span><\/p>\n<p><strong><span style=\"color: #333333;\">Tr\u00e1mites Externos a la Instituci\u00f3n<\/span><\/strong><\/p>\n<p><strong><span style=\"color: #333333;\">Tarjeta Profesional (Programa de Salud):<\/span><\/strong><\/p>\n<p><span style=\"color: #333333;\"><span style=\"font-weight: 400;\">&#8211; Solicitar y diligenciar en la Secretar\u00eda de Salud del Atl\u00e1ntico ubicada en la Gobernaci\u00f3n el formato de \u201c<\/span><b><i>Solicitud Para Autorizaci\u00f3n Del Ejercicio Profesional Y Refrendaci\u00f3n De Diploma\u201d.<\/i><\/b><\/span><\/p>\n<p><span style=\"font-weight: 400; color: #333333;\">&#8211; Se debe anexar Fotocopia de la c\u00e9dula de ciudadan\u00eda ampliada.<\/span><\/p>\n<p><span style=\"font-weight: 400; color: #333333;\">&#8211; Acta de grado original y copia.<\/span><\/p>\n<p><span style=\"font-weight: 400; color: #333333;\">&#8211; Fotocopia del diploma tama\u00f1o carta.<\/span><\/p>\n<p><span style=\"font-weight: 400; color: #333333;\">Adem\u00e1s se debe cancelar el valor estipulado por la Secretar\u00eda de Salud del Atl\u00e1ntico, el tiempo de entrega del documento es de aproximadamente 15 d\u00edas h\u00e1biles.<\/span><\/p>\n<p>[\/vc_column_text][\/vc_column][\/vc_row]<\/p>\n<\/div>","protected":false},"excerpt":{"rendered":"<p>[vc_row full_width=&#8221;stretch_row&#8221; gap=&#8221;30&#8243; css=&#8221;.vc_custom_1616100387346{margin-bottom: 42px !important;background-color: #ffffff !important;}&#8221;][vc_column width=&#8221;1\/2&#8243;][vc_custom_heading text=&#8221;Servicios a Egresados&#8221; font_container=&#8221;tag:h3|text_align:left&#8221; google_fonts=&#8221;font_family:Montserrat%3Aregular%2C700|font_style:700%20bold%20regular%3A700%3Anormal&#8221; css=&#8221;.vc_custom_1616516076610{margin-bottom: 39px !important;}&#8221;][stm_icon_box hide_title_line=&#8221;hide_title_line&#8221; icon=&#8221;fas fa-info&#8221; style=&#8221;icon_left&#8221; icon_size=&#8221;15&#8243; icon_color=&#8221;custom&#8221; icon_width=&#8221;70&#8243; title=&#8221;Tr\u00e1mites Institucionales&#8221; icon_color_custom=&#8221;#ffffff&#8221;]Egresados \/ Centro INCA[\/stm_icon_box][vc_column_text]Tenga en Cuenta La realizaci\u00f3n de los Tr\u00e1mites se realizan en los siguientes d\u00edas: &#8211; Recibo de solicitudes: Lunes, Mi\u00e9rcoles y Jueves. &#8211; Entrega de documentos:<\/p>\n","protected":false},"author":1,"featured_media":0,"parent":0,"menu_order":0,"comment_status":"closed","ping_status":"closed","template":"","meta":{"footnotes":""},"class_list":["post-7944","page","type-page","status-publish","hentry"],"yoast_head":"<!-- This site is optimized with the Yoast SEO plugin v27.5 - https:\/\/yoast.com\/product\/yoast-seo-wordpress\/ -->\n<title>Servicios a Egresados - Centro Inca<\/title>\n<meta name=\"robots\" content=\"index, follow, max-snippet:-1, max-image-preview:large, max-video-preview:-1\" \/>\n<link rel=\"canonical\" href=\"https:\/\/centroinca.com\/centroinca\/servicios-egresados\/\" \/>\n<meta property=\"og:locale\" content=\"es_ES\" \/>\n<meta property=\"og:type\" content=\"article\" \/>\n<meta property=\"og:title\" content=\"Servicios a Egresados - Centro Inca\" \/>\n<meta property=\"og:description\" content=\"[vc_row full_width=&#8221;stretch_row&#8221; gap=&#8221;30&#8243; css=&#8221;.vc_custom_1616100387346{margin-bottom: 42px !important;background-color: #ffffff !important;}&#8221;][vc_column width=&#8221;1\/2&#8243;][vc_custom_heading text=&#8221;Servicios a Egresados&#8221; font_container=&#8221;tag:h3|text_align:left&#8221; google_fonts=&#8221;font_family:Montserrat%3Aregular%2C700|font_style:700%20bold%20regular%3A700%3Anormal&#8221; css=&#8221;.vc_custom_1616516076610{margin-bottom: 39px !important;}&#8221;][stm_icon_box hide_title_line=&#8221;hide_title_line&#8221; icon=&#8221;fas fa-info&#8221; style=&#8221;icon_left&#8221; icon_size=&#8221;15&#8243; icon_color=&#8221;custom&#8221; icon_width=&#8221;70&#8243; title=&#8221;Tr\u00e1mites Institucionales&#8221; icon_color_custom=&#8221;#ffffff&#8221;]Egresados \/ Centro INCA[\/stm_icon_box][vc_column_text]Tenga en Cuenta La realizaci\u00f3n de los Tr\u00e1mites se realizan en los siguientes d\u00edas: &#8211; Recibo de solicitudes: Lunes, Mi\u00e9rcoles y Jueves. &#8211; Entrega de documentos:\" \/>\n<meta property=\"og:url\" content=\"https:\/\/centroinca.com\/centroinca\/servicios-egresados\/\" \/>\n<meta property=\"og:site_name\" content=\"Centro Inca\" \/>\n<meta property=\"article:modified_time\" content=\"2023-09-07T15:07:30+00:00\" \/>\n<meta name=\"twitter:card\" content=\"summary_large_image\" \/>\n<meta name=\"twitter:label1\" content=\"Tiempo de lectura\" \/>\n\t<meta name=\"twitter:data1\" content=\"2 minutos\" \/>\n<script type=\"application\/ld+json\" class=\"yoast-schema-graph\">{\"@context\":\"https:\\\/\\\/schema.org\",\"@graph\":[{\"@type\":\"WebPage\",\"@id\":\"https:\\\/\\\/centroinca.com\\\/centroinca\\\/servicios-egresados\\\/\",\"url\":\"https:\\\/\\\/centroinca.com\\\/centroinca\\\/servicios-egresados\\\/\",\"name\":\"Servicios a Egresados - Centro Inca\",\"isPartOf\":{\"@id\":\"https:\\\/\\\/centroinca.com\\\/centroinca\\\/#website\"},\"datePublished\":\"2021-03-23T16:14:23+00:00\",\"dateModified\":\"2023-09-07T15:07:30+00:00\",\"breadcrumb\":{\"@id\":\"https:\\\/\\\/centroinca.com\\\/centroinca\\\/servicios-egresados\\\/#breadcrumb\"},\"inLanguage\":\"es\",\"potentialAction\":[{\"@type\":\"ReadAction\",\"target\":[\"https:\\\/\\\/centroinca.com\\\/centroinca\\\/servicios-egresados\\\/\"]}]},{\"@type\":\"BreadcrumbList\",\"@id\":\"https:\\\/\\\/centroinca.com\\\/centroinca\\\/servicios-egresados\\\/#breadcrumb\",\"itemListElement\":[{\"@type\":\"ListItem\",\"position\":1,\"name\":\"Inicio\",\"item\":\"https:\\\/\\\/centroinca.com\\\/centroinca\\\/\"},{\"@type\":\"ListItem\",\"position\":2,\"name\":\"Servicios a Egresados\"}]},{\"@type\":\"WebSite\",\"@id\":\"https:\\\/\\\/centroinca.com\\\/centroinca\\\/#website\",\"url\":\"https:\\\/\\\/centroinca.com\\\/centroinca\\\/\",\"name\":\"Centro Inca\",\"description\":\"Tu camino al \u00e9xito - Estudia Programas T\u00e9cnicos Laborales en Barranquillla\",\"publisher\":{\"@id\":\"https:\\\/\\\/centroinca.com\\\/centroinca\\\/#organization\"},\"potentialAction\":[{\"@type\":\"SearchAction\",\"target\":{\"@type\":\"EntryPoint\",\"urlTemplate\":\"https:\\\/\\\/centroinca.com\\\/centroinca\\\/?s={search_term_string}\"},\"query-input\":{\"@type\":\"PropertyValueSpecification\",\"valueRequired\":true,\"valueName\":\"search_term_string\"}}],\"inLanguage\":\"es\"},{\"@type\":\"Organization\",\"@id\":\"https:\\\/\\\/centroinca.com\\\/centroinca\\\/#organization\",\"name\":\"Centro Inca\",\"url\":\"https:\\\/\\\/centroinca.com\\\/centroinca\\\/\",\"logo\":{\"@type\":\"ImageObject\",\"inLanguage\":\"es\",\"@id\":\"https:\\\/\\\/centroinca.com\\\/centroinca\\\/#\\\/schema\\\/logo\\\/image\\\/\",\"url\":\"https:\\\/\\\/centroinca.com\\\/centroinca\\\/wp-content\\\/uploads\\\/2019\\\/09\\\/LOGO-CENTRO-INCA-POSITIVO.png\",\"contentUrl\":\"https:\\\/\\\/centroinca.com\\\/centroinca\\\/wp-content\\\/uploads\\\/2019\\\/09\\\/LOGO-CENTRO-INCA-POSITIVO.png\",\"width\":1377,\"height\":546,\"caption\":\"Centro Inca\"},\"image\":{\"@id\":\"https:\\\/\\\/centroinca.com\\\/centroinca\\\/#\\\/schema\\\/logo\\\/image\\\/\"}}]}<\/script>\n<!-- \/ Yoast SEO plugin. -->","yoast_head_json":{"title":"Servicios a Egresados - Centro Inca","robots":{"index":"index","follow":"follow","max-snippet":"max-snippet:-1","max-image-preview":"max-image-preview:large","max-video-preview":"max-video-preview:-1"},"canonical":"https:\/\/centroinca.com\/centroinca\/servicios-egresados\/","og_locale":"es_ES","og_type":"article","og_title":"Servicios a Egresados - Centro Inca","og_description":"[vc_row full_width=&#8221;stretch_row&#8221; gap=&#8221;30&#8243; css=&#8221;.vc_custom_1616100387346{margin-bottom: 42px !important;background-color: #ffffff !important;}&#8221;][vc_column width=&#8221;1\/2&#8243;][vc_custom_heading text=&#8221;Servicios a Egresados&#8221; font_container=&#8221;tag:h3|text_align:left&#8221; google_fonts=&#8221;font_family:Montserrat%3Aregular%2C700|font_style:700%20bold%20regular%3A700%3Anormal&#8221; css=&#8221;.vc_custom_1616516076610{margin-bottom: 39px !important;}&#8221;][stm_icon_box hide_title_line=&#8221;hide_title_line&#8221; icon=&#8221;fas fa-info&#8221; style=&#8221;icon_left&#8221; icon_size=&#8221;15&#8243; icon_color=&#8221;custom&#8221; icon_width=&#8221;70&#8243; title=&#8221;Tr\u00e1mites Institucionales&#8221; icon_color_custom=&#8221;#ffffff&#8221;]Egresados \/ Centro INCA[\/stm_icon_box][vc_column_text]Tenga en Cuenta La realizaci\u00f3n de los Tr\u00e1mites se realizan en los siguientes d\u00edas: &#8211; Recibo de solicitudes: Lunes, Mi\u00e9rcoles y Jueves. &#8211; Entrega de documentos:","og_url":"https:\/\/centroinca.com\/centroinca\/servicios-egresados\/","og_site_name":"Centro Inca","article_modified_time":"2023-09-07T15:07:30+00:00","twitter_card":"summary_large_image","twitter_misc":{"Tiempo de lectura":"2 minutos"},"schema":{"@context":"https:\/\/schema.org","@graph":[{"@type":"WebPage","@id":"https:\/\/centroinca.com\/centroinca\/servicios-egresados\/","url":"https:\/\/centroinca.com\/centroinca\/servicios-egresados\/","name":"Servicios a Egresados - Centro Inca","isPartOf":{"@id":"https:\/\/centroinca.com\/centroinca\/#website"},"datePublished":"2021-03-23T16:14:23+00:00","dateModified":"2023-09-07T15:07:30+00:00","breadcrumb":{"@id":"https:\/\/centroinca.com\/centroinca\/servicios-egresados\/#breadcrumb"},"inLanguage":"es","potentialAction":[{"@type":"ReadAction","target":["https:\/\/centroinca.com\/centroinca\/servicios-egresados\/"]}]},{"@type":"BreadcrumbList","@id":"https:\/\/centroinca.com\/centroinca\/servicios-egresados\/#breadcrumb","itemListElement":[{"@type":"ListItem","position":1,"name":"Inicio","item":"https:\/\/centroinca.com\/centroinca\/"},{"@type":"ListItem","position":2,"name":"Servicios a Egresados"}]},{"@type":"WebSite","@id":"https:\/\/centroinca.com\/centroinca\/#website","url":"https:\/\/centroinca.com\/centroinca\/","name":"Centro Inca","description":"Tu camino al \u00e9xito - Estudia Programas T\u00e9cnicos Laborales en Barranquillla","publisher":{"@id":"https:\/\/centroinca.com\/centroinca\/#organization"},"potentialAction":[{"@type":"SearchAction","target":{"@type":"EntryPoint","urlTemplate":"https:\/\/centroinca.com\/centroinca\/?s={search_term_string}"},"query-input":{"@type":"PropertyValueSpecification","valueRequired":true,"valueName":"search_term_string"}}],"inLanguage":"es"},{"@type":"Organization","@id":"https:\/\/centroinca.com\/centroinca\/#organization","name":"Centro Inca","url":"https:\/\/centroinca.com\/centroinca\/","logo":{"@type":"ImageObject","inLanguage":"es","@id":"https:\/\/centroinca.com\/centroinca\/#\/schema\/logo\/image\/","url":"https:\/\/centroinca.com\/centroinca\/wp-content\/uploads\/2019\/09\/LOGO-CENTRO-INCA-POSITIVO.png","contentUrl":"https:\/\/centroinca.com\/centroinca\/wp-content\/uploads\/2019\/09\/LOGO-CENTRO-INCA-POSITIVO.png","width":1377,"height":546,"caption":"Centro Inca"},"image":{"@id":"https:\/\/centroinca.com\/centroinca\/#\/schema\/logo\/image\/"}}]}},"_links":{"self":[{"href":"https:\/\/centroinca.com\/centroinca\/wp-json\/wp\/v2\/pages\/7944","targetHints":{"allow":["GET"]}}],"collection":[{"href":"https:\/\/centroinca.com\/centroinca\/wp-json\/wp\/v2\/pages"}],"about":[{"href":"https:\/\/centroinca.com\/centroinca\/wp-json\/wp\/v2\/types\/page"}],"author":[{"embeddable":true,"href":"https:\/\/centroinca.com\/centroinca\/wp-json\/wp\/v2\/users\/1"}],"replies":[{"embeddable":true,"href":"https:\/\/centroinca.com\/centroinca\/wp-json\/wp\/v2\/comments?post=7944"}],"version-history":[{"count":4,"href":"https:\/\/centroinca.com\/centroinca\/wp-json\/wp\/v2\/pages\/7944\/revisions"}],"predecessor-version":[{"id":8019,"href":"https:\/\/centroinca.com\/centroinca\/wp-json\/wp\/v2\/pages\/7944\/revisions\/8019"}],"wp:attachment":[{"href":"https:\/\/centroinca.com\/centroinca\/wp-json\/wp\/v2\/media?parent=7944"}],"curies":[{"name":"wp","href":"https:\/\/api.w.org\/{rel}","templated":true}]}}