{"id":7769,"date":"2021-03-17T15:33:20","date_gmt":"2021-03-17T20:33:20","guid":{"rendered":"http:\/\/inca.com.co\/centro_inca_\/?page_id=7769"},"modified":"2025-01-22T17:10:44","modified_gmt":"2025-01-22T22:10:44","slug":"requisitos","status":"publish","type":"page","link":"https:\/\/centroinca.com\/centroinca\/requisitos\/","title":{"rendered":"Requisitos"},"content":{"rendered":"<div class=\"wpb-content-wrapper\"><p>[vc_row full_width=&#8221;stretch_row&#8221; equal_height=&#8221;yes&#8221; css=&#8221;.vc_custom_1614890998937{margin-bottom: 32px !important;background-color: #ffffff !important;}&#8221; el_class=&#8221;about-bg-right&#8221;][vc_column width=&#8221;1\/2&#8243;][vc_custom_heading text=&#8221;Requisitos para la Pr\u00e1ctica Laboral&#8221; font_container=&#8221;tag:h3|text_align:left&#8221; use_theme_fonts=&#8221;yes&#8221; css=&#8221;.vc_custom_1681512480260{margin-top: 50px !important;margin-bottom: 25px !important;}&#8221;][vc_column_text css=&#8221;.vc_custom_1694099417239{margin-bottom: 25px !important;}&#8221;]<strong>Proceso y Requisitos para la Pr\u00e1ctica Laboral Externa Diferente a los Programas de Salud:<\/strong><\/p>\n<p><span style=\"font-weight: 400;\">&#8211; Aprobar todos los m\u00f3dulos acad\u00e9micos acorde a su programa de formaci\u00f3n, se\u00f1alados en el Reglamento Institucional del programa respectivo y en ocasiones cuando la coordinaci\u00f3n de pr\u00e1cticas y el sector productivo requieran acorde a la demanda, se podr\u00e1 autorizar el ingreso a las pr\u00e1cticas laborales siempre y cuando haya cursado los m\u00f3dulos b\u00e1sicos requeridos.<\/span><\/p>\n<p><span style=\"font-weight: 400;\">&#8211; No tener antecedentes judiciales o estar en procesos jur\u00eddicos, debiendo presentar el certificado judicial u otros similares si es solicitado por la instituci\u00f3n o empresa.<\/span><\/p>\n<p><span style=\"font-weight: 400;\">&#8211; Haber culminado, aprobado y estar evaluado en las practicas laborales internas para los programas que lo requieren.<\/span>[\/vc_column_text][\/vc_column][vc_column width=&#8221;1\/2&#8243; css=&#8221;.vc_custom_1614890184989{padding-top: 52px !important;padding-bottom: 95px !important;background-position: center !important;background-repeat: no-repeat !important;background-size: cover !important;}&#8221; el_class=&#8221;about_full-right_width&#8221;][vc_empty_space height=&#8221;28px&#8221;][vc_column_text css=&#8221;.vc_custom_1737583827848{margin-bottom: 25px !important;}&#8221;]-Ingresar a la p\u00e1gina web www.centroinca.com Opci\u00f3n Pr\u00e1cticas laborales matricula de pr\u00e1cticas ( <a href=\"https:\/\/centroinca.com\/centroinca\/matricula-practica\/\">https:\/\/centroinca.com\/centroinca\/matricula-practica\/<\/a> ) para\u00a0 descargar su recibo de matr\u00edcula de pr\u00e1cticas.<\/p>\n<ul>\n<li>Documento de identidad en caso de ser menor de edad deber\u00e1 anexar el permiso de sus padres padres para realizar periodo de pr\u00e1cticas.<\/li>\n<li>Recibo de pago del uniforme o evidencia fotogr\u00e1fica ( cuando se presenta en f\u00edsico).<\/li>\n<li>Certificado de vinculaci\u00f3n a EPS (Contributivo o subsidiado).<\/li>\n<li>Certificado del curso de inform\u00e1tica (Programas de salud y dem\u00e1s programas que no tienen dentro su plan de estudio el \u00e1rea de sistemas).<\/li>\n<li>Antecedentes judiciales de la polic\u00eda<\/li>\n<li>En caso de no aportar algunos de los documentos exigidos deber\u00e1 aceptar los acuerdos necesarios para la legalizaci\u00f3n de su pr\u00e1ctica laboral.<\/li>\n<\/ul>\n<p>[\/vc_column_text][\/vc_column][\/vc_row][vc_row full_width=&#8221;stretch_row&#8221; css=&#8221;.vc_custom_1616015514944{padding-bottom: 40px !important;background-color: #efefef !important;}&#8221;][vc_column width=&#8221;1\/2&#8243;][vc_custom_heading text=&#8221;Proceso y Requisitos para la Pr\u00e1ctica Laboral Externa en los Programas de Salud&#8221; font_container=&#8221;tag:h3|text_align:left&#8221; use_theme_fonts=&#8221;yes&#8221; css=&#8221;.vc_custom_1681512530540{margin-top: 50px !important;margin-bottom: 25px !important;}&#8221;][vc_column_text css=&#8221;.vc_custom_1737583838935{margin-bottom: 25px !important;}&#8221;]<span style=\"color: #333333;\"><strong>Proceso y Requisitos para la Pr\u00e1ctica Laboral Externa en los Programas de Salud:<\/strong><\/span><\/p>\n<p><span style=\"font-weight: 400; color: #333333;\">&#8211; <\/span>Aprobar todos los m\u00f3dulos acad\u00e9micos acorde a su programa de formaci\u00f3n, se\u00f1alados en el Reglamento Institucional del programa respectivo y en ocasiones cuando la coordinaci\u00f3n de pr\u00e1cticas y el sector productivo requieran acorde a la demanda, se podr\u00e1 autorizar el ingreso a las pr\u00e1cticas laborales siempre y cuando haya cursado los m\u00f3dulos b\u00e1sicos requeridos. (Excepto programa de Enfermer\u00eda).<\/p>\n<p>&#8211; Haber realizado y aprobado el aprestamiento laboral (programa mec\u00e1nica dental).<\/p>\n<p>&#8211; Ingresar a la p\u00e1gina web www.centroinca.com opci\u00f3n Pr\u00e1cticas laborales \/ matricula de pr\u00e1cticas ( <a href=\"https:\/\/centroinca.com\/centroinca\/matricula-practica\/\">https:\/\/centroinca.com\/centroinca\/matricula-practica\/<\/a> ) para descargar su recibo de matr\u00edcula de pr\u00e1cticas:<\/p>\n<ul>\n<li>Documento de identidad en caso de ser menor de edad deber\u00e1<br \/>\nanexar el permiso de sus padres para realizar periodo de pr\u00e1cticas.(obligatorio)<\/li>\n<li>Recibo de pago del uniforme o evidencia fotogr\u00e1fica ( cuando se presenta en f\u00edsico).<\/li>\n<li>Certificado de vinculaci\u00f3n a EPS (Contributivo o subsidiado).<\/li>\n<li>Certificado del curso de inform\u00e1tica o TIC`S (Exceptuando programas que lo contemplen en su plan de estudio).<\/li>\n<li>Certificado de antecedente judiciales.<\/li>\n<li>Certificado M\u00e9dico general (Solo programas de enfermer\u00eda, Administrativo en salud, mec\u00e1nica dental).<\/li>\n<li>Esquema de vacunaci\u00f3n : 3 dosis de Hepatitis B, 3 dosis texoidetet\u00e1nico, 2 dosis de antimeningococcica o 1 dosis de Menacta (segun vacuna aplicada).<\/li>\n<li>3 dosis de Hepatitis B, 3 dosis texoidetet\u00e1nico (aplica para programa de veterinaria).<\/li>\n<\/ul>\n<p>[\/vc_column_text][\/vc_column][vc_column width=&#8221;1\/2&#8243;][vc_single_image image=&#8221;7775&#8243; img_size=&#8221;large&#8221;][vc_column_text css=&#8221;.vc_custom_1716497539984{margin-bottom: 25px !important;}&#8221;]<strong>Para los programas del \u00e1rea de Salud, deber\u00e1n presentar toda la <\/strong><strong>documentaci\u00f3n anterior y agregar los siguientes en la primera pr\u00e1ctica <\/strong><strong>(ambulatoria):<\/strong><\/p>\n<p><span style=\"font-weight: 400; color: #333333;\">\u00a0Fotocopia del carnet de Vacunaci\u00f3n con:<\/span><\/p>\n<p><span style=\"font-weight: 400; color: #333333;\">&#8211; 3 dosis de t\u00e9tano.<\/span><\/p>\n<p><span style=\"font-weight: 400; color: #333333;\">&#8211; 3 dosis de hepatitis B.<\/span><\/p>\n<p><span style=\"font-weight: 400; color: #333333;\">&#8211; 2 dosis de antimeningoc\u00f3ccica.<\/span><\/p>\n<p><span style=\"font-weight: 400; color: #333333;\">&#8211; Certificado m\u00e9dico general.<\/span>[\/vc_column_text][\/vc_column][\/vc_row][vc_row full_width=&#8221;stretch_row&#8221; equal_height=&#8221;yes&#8221; css=&#8221;.vc_custom_1616015538285{margin-top: 32px !important;margin-bottom: 32px !important;background-color: #ffffff !important;}&#8221; el_class=&#8221;about-bg-right&#8221;][vc_column width=&#8221;1\/2&#8243;][vc_column_text css=&#8221;.vc_custom_1694100067205{margin-bottom: 25px !important;}&#8221;]<strong>Matr\u00edcula:<\/strong><\/p>\n<p><span style=\"font-weight: 400;\">Los documentos y datos digitales registrados en la web, son verificados, autorizados y comunicados en correo electr\u00f3nico por la coordinaci\u00f3n de pr\u00e1ctica laboral. Para que el estudiante inicie su proceso de inducci\u00f3n y remisi\u00f3n a la pr\u00e1ctica laboral por convenio o contrato de aprendizaje deber\u00e1 cancelar la cuota inicial.<\/span><\/p>\n<p><span style=\"font-weight: 400;\">No se considera matriculado legalmente el estudiante en pr\u00e1ctica laboral sin el pago de esta cuota inicial.<\/span>[\/vc_column_text][vc_single_image image=&#8221;7556&#8243; img_size=&#8221;large&#8221;][\/vc_column][vc_column width=&#8221;1\/2&#8243; css=&#8221;.vc_custom_1616017741953{padding-bottom: 95px !important;background-position: center !important;background-repeat: no-repeat !important;background-size: cover !important;}&#8221; el_class=&#8221;about_full-right_width&#8221;][vc_column_text css=&#8221;.vc_custom_1694100242447{margin-bottom: 25px !important;}&#8221;]<strong>Pago:<\/strong><\/p>\n<p><span style=\"font-weight: 400;\">Una vez inicie el estudiante su pr\u00e1ctica laboral, cancelar\u00e1 las cinco cuotas restantes mensualmente, durante y antes de finalizar su pr\u00e1ctica laboral externa. Los volantes de pago, tanto de la cuota inicial como de las cuotas restantes podr\u00e1n ser descargados por el estudiante desde la p\u00e1gina <strong>www.centroinca.com &gt; Opci\u00f3n Solicitud de Matr\u00edcula y Cuotas &gt; Recibos de Pago de Cuota.<\/strong><\/span><\/p>\n<p><span style=\"font-weight: 400;\">&#8211; Asistir a las reuniones de inducci\u00f3n programadas por la Coordinaci\u00f3n de Pr\u00e1cticas Laborales.<\/span><\/p>\n<p><span style=\"font-weight: 400;\">&#8211; Asistir a las actividades de empalme con el grupo de practicantes salientes de la entidad donde realizar\u00e1 sus pr\u00e1cticas laborales externas.<\/span>[\/vc_column_text][vc_column_text css=&#8221;.vc_custom_1694100347156{margin-bottom: 25px !important;}&#8221;]<\/p>\n<blockquote>\n<p><span style=\"font-weight: 400;\">Importante: El incumplimiento en los pagos de las cuotas le restringe la asistencia en la instituci\u00f3n, actividades complementarias (Talleres de practicas), evaluaciones, entrega de certificados, clausura de programa, entre otras situaciones.<\/span><\/p>\n<\/blockquote>\n<p>[\/vc_column_text][\/vc_column][\/vc_row]<\/p>\n<\/div>","protected":false},"excerpt":{"rendered":"<p>[vc_row full_width=&#8221;stretch_row&#8221; equal_height=&#8221;yes&#8221; css=&#8221;.vc_custom_1614890998937{margin-bottom: 32px !important;background-color: #ffffff !important;}&#8221; el_class=&#8221;about-bg-right&#8221;][vc_column width=&#8221;1\/2&#8243;][vc_custom_heading text=&#8221;Requisitos para la Pr\u00e1ctica Laboral&#8221; font_container=&#8221;tag:h3|text_align:left&#8221; use_theme_fonts=&#8221;yes&#8221; css=&#8221;.vc_custom_1681512480260{margin-top: 50px !important;margin-bottom: 25px !important;}&#8221;][vc_column_text css=&#8221;.vc_custom_1694099417239{margin-bottom: 25px !important;}&#8221;]Proceso y Requisitos para la Pr\u00e1ctica Laboral Externa Diferente a los Programas de Salud: &#8211; Aprobar todos los m\u00f3dulos acad\u00e9micos acorde a su programa de formaci\u00f3n, se\u00f1alados en el Reglamento Institucional<\/p>\n","protected":false},"author":1,"featured_media":0,"parent":0,"menu_order":0,"comment_status":"closed","ping_status":"closed","template":"","meta":{"footnotes":""},"class_list":["post-7769","page","type-page","status-publish","hentry"],"yoast_head":"<!-- This site is optimized with the Yoast SEO plugin v27.5 - https:\/\/yoast.com\/product\/yoast-seo-wordpress\/ -->\n<title>Requisitos - Centro Inca<\/title>\n<meta name=\"robots\" content=\"index, follow, max-snippet:-1, max-image-preview:large, max-video-preview:-1\" \/>\n<link rel=\"canonical\" href=\"https:\/\/centroinca.com\/centroinca\/requisitos\/\" \/>\n<meta property=\"og:locale\" content=\"es_ES\" \/>\n<meta property=\"og:type\" content=\"article\" \/>\n<meta property=\"og:title\" content=\"Requisitos - Centro Inca\" \/>\n<meta property=\"og:description\" content=\"[vc_row full_width=&#8221;stretch_row&#8221; equal_height=&#8221;yes&#8221; css=&#8221;.vc_custom_1614890998937{margin-bottom: 32px !important;background-color: #ffffff !important;}&#8221; el_class=&#8221;about-bg-right&#8221;][vc_column width=&#8221;1\/2&#8243;][vc_custom_heading text=&#8221;Requisitos para la Pr\u00e1ctica Laboral&#8221; font_container=&#8221;tag:h3|text_align:left&#8221; use_theme_fonts=&#8221;yes&#8221; css=&#8221;.vc_custom_1681512480260{margin-top: 50px !important;margin-bottom: 25px !important;}&#8221;][vc_column_text css=&#8221;.vc_custom_1694099417239{margin-bottom: 25px !important;}&#8221;]Proceso y Requisitos para la Pr\u00e1ctica Laboral Externa Diferente a los Programas de Salud: &#8211; Aprobar todos los m\u00f3dulos acad\u00e9micos acorde a su programa de formaci\u00f3n, se\u00f1alados en el Reglamento Institucional\" \/>\n<meta property=\"og:url\" content=\"https:\/\/centroinca.com\/centroinca\/requisitos\/\" \/>\n<meta property=\"og:site_name\" content=\"Centro Inca\" \/>\n<meta property=\"article:modified_time\" content=\"2025-01-22T22:10:44+00:00\" \/>\n<meta name=\"twitter:card\" content=\"summary_large_image\" \/>\n<meta name=\"twitter:label1\" content=\"Tiempo de lectura\" \/>\n\t<meta name=\"twitter:data1\" content=\"5 minutos\" \/>\n<script type=\"application\/ld+json\" class=\"yoast-schema-graph\">{\"@context\":\"https:\\\/\\\/schema.org\",\"@graph\":[{\"@type\":\"WebPage\",\"@id\":\"https:\\\/\\\/centroinca.com\\\/centroinca\\\/requisitos\\\/\",\"url\":\"https:\\\/\\\/centroinca.com\\\/centroinca\\\/requisitos\\\/\",\"name\":\"Requisitos - Centro Inca\",\"isPartOf\":{\"@id\":\"https:\\\/\\\/centroinca.com\\\/centroinca\\\/#website\"},\"datePublished\":\"2021-03-17T20:33:20+00:00\",\"dateModified\":\"2025-01-22T22:10:44+00:00\",\"breadcrumb\":{\"@id\":\"https:\\\/\\\/centroinca.com\\\/centroinca\\\/requisitos\\\/#breadcrumb\"},\"inLanguage\":\"es\",\"potentialAction\":[{\"@type\":\"ReadAction\",\"target\":[\"https:\\\/\\\/centroinca.com\\\/centroinca\\\/requisitos\\\/\"]}]},{\"@type\":\"BreadcrumbList\",\"@id\":\"https:\\\/\\\/centroinca.com\\\/centroinca\\\/requisitos\\\/#breadcrumb\",\"itemListElement\":[{\"@type\":\"ListItem\",\"position\":1,\"name\":\"Inicio\",\"item\":\"https:\\\/\\\/centroinca.com\\\/centroinca\\\/\"},{\"@type\":\"ListItem\",\"position\":2,\"name\":\"Requisitos\"}]},{\"@type\":\"WebSite\",\"@id\":\"https:\\\/\\\/centroinca.com\\\/centroinca\\\/#website\",\"url\":\"https:\\\/\\\/centroinca.com\\\/centroinca\\\/\",\"name\":\"Centro Inca\",\"description\":\"Tu camino al \u00e9xito - Estudia Programas T\u00e9cnicos Laborales en Barranquillla\",\"publisher\":{\"@id\":\"https:\\\/\\\/centroinca.com\\\/centroinca\\\/#organization\"},\"potentialAction\":[{\"@type\":\"SearchAction\",\"target\":{\"@type\":\"EntryPoint\",\"urlTemplate\":\"https:\\\/\\\/centroinca.com\\\/centroinca\\\/?s={search_term_string}\"},\"query-input\":{\"@type\":\"PropertyValueSpecification\",\"valueRequired\":true,\"valueName\":\"search_term_string\"}}],\"inLanguage\":\"es\"},{\"@type\":\"Organization\",\"@id\":\"https:\\\/\\\/centroinca.com\\\/centroinca\\\/#organization\",\"name\":\"Centro Inca\",\"url\":\"https:\\\/\\\/centroinca.com\\\/centroinca\\\/\",\"logo\":{\"@type\":\"ImageObject\",\"inLanguage\":\"es\",\"@id\":\"https:\\\/\\\/centroinca.com\\\/centroinca\\\/#\\\/schema\\\/logo\\\/image\\\/\",\"url\":\"https:\\\/\\\/centroinca.com\\\/centroinca\\\/wp-content\\\/uploads\\\/2019\\\/09\\\/LOGO-CENTRO-INCA-POSITIVO.png\",\"contentUrl\":\"https:\\\/\\\/centroinca.com\\\/centroinca\\\/wp-content\\\/uploads\\\/2019\\\/09\\\/LOGO-CENTRO-INCA-POSITIVO.png\",\"width\":1377,\"height\":546,\"caption\":\"Centro Inca\"},\"image\":{\"@id\":\"https:\\\/\\\/centroinca.com\\\/centroinca\\\/#\\\/schema\\\/logo\\\/image\\\/\"}}]}<\/script>\n<!-- \/ Yoast SEO plugin. -->","yoast_head_json":{"title":"Requisitos - Centro Inca","robots":{"index":"index","follow":"follow","max-snippet":"max-snippet:-1","max-image-preview":"max-image-preview:large","max-video-preview":"max-video-preview:-1"},"canonical":"https:\/\/centroinca.com\/centroinca\/requisitos\/","og_locale":"es_ES","og_type":"article","og_title":"Requisitos - Centro Inca","og_description":"[vc_row full_width=&#8221;stretch_row&#8221; equal_height=&#8221;yes&#8221; css=&#8221;.vc_custom_1614890998937{margin-bottom: 32px !important;background-color: #ffffff !important;}&#8221; el_class=&#8221;about-bg-right&#8221;][vc_column width=&#8221;1\/2&#8243;][vc_custom_heading text=&#8221;Requisitos para la Pr\u00e1ctica Laboral&#8221; font_container=&#8221;tag:h3|text_align:left&#8221; use_theme_fonts=&#8221;yes&#8221; css=&#8221;.vc_custom_1681512480260{margin-top: 50px !important;margin-bottom: 25px !important;}&#8221;][vc_column_text css=&#8221;.vc_custom_1694099417239{margin-bottom: 25px !important;}&#8221;]Proceso y Requisitos para la Pr\u00e1ctica Laboral Externa Diferente a los Programas de Salud: &#8211; Aprobar todos los m\u00f3dulos acad\u00e9micos acorde a su programa de formaci\u00f3n, se\u00f1alados en el Reglamento Institucional","og_url":"https:\/\/centroinca.com\/centroinca\/requisitos\/","og_site_name":"Centro Inca","article_modified_time":"2025-01-22T22:10:44+00:00","twitter_card":"summary_large_image","twitter_misc":{"Tiempo de lectura":"5 minutos"},"schema":{"@context":"https:\/\/schema.org","@graph":[{"@type":"WebPage","@id":"https:\/\/centroinca.com\/centroinca\/requisitos\/","url":"https:\/\/centroinca.com\/centroinca\/requisitos\/","name":"Requisitos - Centro Inca","isPartOf":{"@id":"https:\/\/centroinca.com\/centroinca\/#website"},"datePublished":"2021-03-17T20:33:20+00:00","dateModified":"2025-01-22T22:10:44+00:00","breadcrumb":{"@id":"https:\/\/centroinca.com\/centroinca\/requisitos\/#breadcrumb"},"inLanguage":"es","potentialAction":[{"@type":"ReadAction","target":["https:\/\/centroinca.com\/centroinca\/requisitos\/"]}]},{"@type":"BreadcrumbList","@id":"https:\/\/centroinca.com\/centroinca\/requisitos\/#breadcrumb","itemListElement":[{"@type":"ListItem","position":1,"name":"Inicio","item":"https:\/\/centroinca.com\/centroinca\/"},{"@type":"ListItem","position":2,"name":"Requisitos"}]},{"@type":"WebSite","@id":"https:\/\/centroinca.com\/centroinca\/#website","url":"https:\/\/centroinca.com\/centroinca\/","name":"Centro Inca","description":"Tu camino al \u00e9xito - Estudia Programas T\u00e9cnicos Laborales en Barranquillla","publisher":{"@id":"https:\/\/centroinca.com\/centroinca\/#organization"},"potentialAction":[{"@type":"SearchAction","target":{"@type":"EntryPoint","urlTemplate":"https:\/\/centroinca.com\/centroinca\/?s={search_term_string}"},"query-input":{"@type":"PropertyValueSpecification","valueRequired":true,"valueName":"search_term_string"}}],"inLanguage":"es"},{"@type":"Organization","@id":"https:\/\/centroinca.com\/centroinca\/#organization","name":"Centro Inca","url":"https:\/\/centroinca.com\/centroinca\/","logo":{"@type":"ImageObject","inLanguage":"es","@id":"https:\/\/centroinca.com\/centroinca\/#\/schema\/logo\/image\/","url":"https:\/\/centroinca.com\/centroinca\/wp-content\/uploads\/2019\/09\/LOGO-CENTRO-INCA-POSITIVO.png","contentUrl":"https:\/\/centroinca.com\/centroinca\/wp-content\/uploads\/2019\/09\/LOGO-CENTRO-INCA-POSITIVO.png","width":1377,"height":546,"caption":"Centro Inca"},"image":{"@id":"https:\/\/centroinca.com\/centroinca\/#\/schema\/logo\/image\/"}}]}},"_links":{"self":[{"href":"https:\/\/centroinca.com\/centroinca\/wp-json\/wp\/v2\/pages\/7769","targetHints":{"allow":["GET"]}}],"collection":[{"href":"https:\/\/centroinca.com\/centroinca\/wp-json\/wp\/v2\/pages"}],"about":[{"href":"https:\/\/centroinca.com\/centroinca\/wp-json\/wp\/v2\/types\/page"}],"author":[{"embeddable":true,"href":"https:\/\/centroinca.com\/centroinca\/wp-json\/wp\/v2\/users\/1"}],"replies":[{"embeddable":true,"href":"https:\/\/centroinca.com\/centroinca\/wp-json\/wp\/v2\/comments?post=7769"}],"version-history":[{"count":18,"href":"https:\/\/centroinca.com\/centroinca\/wp-json\/wp\/v2\/pages\/7769\/revisions"}],"predecessor-version":[{"id":11999,"href":"https:\/\/centroinca.com\/centroinca\/wp-json\/wp\/v2\/pages\/7769\/revisions\/11999"}],"wp:attachment":[{"href":"https:\/\/centroinca.com\/centroinca\/wp-json\/wp\/v2\/media?parent=7769"}],"curies":[{"name":"wp","href":"https:\/\/api.w.org\/{rel}","templated":true}]}}