{"id":7750,"date":"2021-03-17T14:59:43","date_gmt":"2021-03-17T19:59:43","guid":{"rendered":"http:\/\/inca.com.co\/centro_inca_\/?page_id=7750"},"modified":"2026-01-16T10:58:20","modified_gmt":"2026-01-16T15:58:20","slug":"convenios-contratos","status":"publish","type":"page","link":"https:\/\/centroinca.com\/centroinca\/convenios-contratos\/","title":{"rendered":"Convenios y Contratos"},"content":{"rendered":"<div class=\"wpb-content-wrapper\"><p>[vc_row full_width=&#8221;stretch_row&#8221; css=&#8221;.vc_custom_1616011158731{margin-bottom: 52px !important;background-color: #ffffff !important;}&#8221;][vc_column width=&#8221;1\/2&#8243;][vc_custom_heading text=&#8221;Convenios y Contratos&#8221; font_container=&#8221;tag:h3|text_align:left&#8221; google_fonts=&#8221;font_family:Montserrat%3Aregular%2C700|font_style:700%20bold%20regular%3A700%3Anormal&#8221; css=&#8221;.vc_custom_1616009960411{margin-bottom: 39px !important;}&#8221;][vc_column_text]<strong>Convenio Interinstitucional<\/strong><\/p>\n<p><span style=\"font-weight: 400;\">Es un acuerdo entre las partes la cual facilita al estudiante, las instalaciones, recursos t\u00e9cnico-pedag\u00f3gicos y humanos para la continuidad de la capacitaci\u00f3n \u00f3 formaci\u00f3n de pr\u00e1ctica laboral de los estudiantes por las diferentes secciones de la empresa o entidad en convenio acorde a su perfil ocupacional (Decreto 2888\/07 de la Ley 115\/94).<\/span><\/p>\n<p><b>Modelos de Documentaci\u00f3n de Convenio Interinstitucional:<\/b><\/p>\n<ul>\n<li style=\"font-weight: 400;\" aria-level=\"1\"><a href=\"https:\/\/centroinca.com\/centroinca\/wp-content\/uploads\/2019\/09\/Modelo-convenio-4-firmas.docx\" target=\"_blank\" rel=\"noopener\"><span style=\"font-weight: 400;\">Modelo Convenio Pr\u00e1ctica Laboral Externa<\/span><\/a><\/li>\n<\/ul>\n<p><strong>Contratos de Aprendizaje<\/strong><\/p>\n<p><span style=\"font-weight: 400;\">El contrato de aprendizaje por reconocimiento SENA de este programa, no obliga a CENTRO INCA a otorg\u00e1rselo a todo estudiante que se matricule en el programa reconocido, depender\u00e1 de sus resultados acad\u00e9micos y la disponibilidad de cupo en las empresas y la duraci\u00f3n depender\u00e1 de las necesidades acordadas entre la empresa y CENTRO INCA.<\/span>[\/vc_column_text][\/vc_column][vc_column width=&#8221;1\/2&#8243; css=&#8221;.vc_custom_1615929621792{padding-top: 33px !important;}&#8221;][vc_empty_space height=&#8221;42px&#8221;][vc_single_image image=&#8221;7755&#8243; img_size=&#8221;large&#8221;][vc_column_text]<b> Modelos de Documentaci\u00f3n de Contrato de Aprendizaje:<\/b><\/p>\n<ul>\n<li style=\"font-weight: 400;\" aria-level=\"1\"><a href=\"https:\/\/centroinca.com\/centroinca\/wp-content\/uploads\/2019\/09\/Minuta_Contrato_Aprendizaje_modelo-2025.docx\" target=\"_blank\" rel=\"noopener\"><span style=\"font-weight: 400;\">Modelo Contrato de Aprendizaje<\/span><\/a><\/li>\n<\/ul>\n<p>[\/vc_column_text][\/vc_column][\/vc_row]<\/p>\n<\/div>","protected":false},"excerpt":{"rendered":"<p>[vc_row full_width=&#8221;stretch_row&#8221; css=&#8221;.vc_custom_1616011158731{margin-bottom: 52px !important;background-color: #ffffff !important;}&#8221;][vc_column width=&#8221;1\/2&#8243;][vc_custom_heading text=&#8221;Convenios y Contratos&#8221; font_container=&#8221;tag:h3|text_align:left&#8221; google_fonts=&#8221;font_family:Montserrat%3Aregular%2C700|font_style:700%20bold%20regular%3A700%3Anormal&#8221; css=&#8221;.vc_custom_1616009960411{margin-bottom: 39px !important;}&#8221;][vc_column_text]Convenio Interinstitucional Es un acuerdo entre las partes la cual facilita al estudiante, las instalaciones, recursos t\u00e9cnico-pedag\u00f3gicos y humanos para la continuidad de la capacitaci\u00f3n \u00f3 formaci\u00f3n de pr\u00e1ctica laboral de los estudiantes por las diferentes secciones de la empresa<\/p>\n","protected":false},"author":1,"featured_media":0,"parent":0,"menu_order":0,"comment_status":"closed","ping_status":"closed","template":"","meta":{"footnotes":""},"class_list":["post-7750","page","type-page","status-publish","hentry"],"yoast_head":"<!-- This site is optimized with the Yoast SEO plugin v27.3 - https:\/\/yoast.com\/product\/yoast-seo-wordpress\/ -->\n<title>Convenios y Contratos - Centro Inca<\/title>\n<meta name=\"robots\" content=\"index, follow, max-snippet:-1, max-image-preview:large, max-video-preview:-1\" \/>\n<link rel=\"canonical\" href=\"https:\/\/centroinca.com\/centroinca\/convenios-contratos\/\" \/>\n<meta property=\"og:locale\" content=\"es_ES\" \/>\n<meta property=\"og:type\" content=\"article\" \/>\n<meta property=\"og:title\" content=\"Convenios y Contratos - Centro Inca\" \/>\n<meta property=\"og:description\" content=\"[vc_row full_width=&#8221;stretch_row&#8221; css=&#8221;.vc_custom_1616011158731{margin-bottom: 52px !important;background-color: #ffffff !important;}&#8221;][vc_column width=&#8221;1\/2&#8243;][vc_custom_heading text=&#8221;Convenios y Contratos&#8221; font_container=&#8221;tag:h3|text_align:left&#8221; google_fonts=&#8221;font_family:Montserrat%3Aregular%2C700|font_style:700%20bold%20regular%3A700%3Anormal&#8221; css=&#8221;.vc_custom_1616009960411{margin-bottom: 39px !important;}&#8221;][vc_column_text]Convenio Interinstitucional Es un acuerdo entre las partes la cual facilita al estudiante, las instalaciones, recursos t\u00e9cnico-pedag\u00f3gicos y humanos para la continuidad de la capacitaci\u00f3n \u00f3 formaci\u00f3n de pr\u00e1ctica laboral de los estudiantes por las diferentes secciones de la empresa\" \/>\n<meta property=\"og:url\" content=\"https:\/\/centroinca.com\/centroinca\/convenios-contratos\/\" \/>\n<meta property=\"og:site_name\" content=\"Centro Inca\" \/>\n<meta property=\"article:modified_time\" content=\"2026-01-16T15:58:20+00:00\" \/>\n<meta name=\"twitter:card\" content=\"summary_large_image\" \/>\n<meta name=\"twitter:label1\" content=\"Tiempo de lectura\" \/>\n\t<meta name=\"twitter:data1\" content=\"1 minuto\" \/>\n<script type=\"application\/ld+json\" class=\"yoast-schema-graph\">{\"@context\":\"https:\\\/\\\/schema.org\",\"@graph\":[{\"@type\":\"WebPage\",\"@id\":\"https:\\\/\\\/centroinca.com\\\/centroinca\\\/convenios-contratos\\\/\",\"url\":\"https:\\\/\\\/centroinca.com\\\/centroinca\\\/convenios-contratos\\\/\",\"name\":\"Convenios y Contratos - Centro Inca\",\"isPartOf\":{\"@id\":\"https:\\\/\\\/centroinca.com\\\/centroinca\\\/#website\"},\"datePublished\":\"2021-03-17T19:59:43+00:00\",\"dateModified\":\"2026-01-16T15:58:20+00:00\",\"breadcrumb\":{\"@id\":\"https:\\\/\\\/centroinca.com\\\/centroinca\\\/convenios-contratos\\\/#breadcrumb\"},\"inLanguage\":\"es\",\"potentialAction\":[{\"@type\":\"ReadAction\",\"target\":[\"https:\\\/\\\/centroinca.com\\\/centroinca\\\/convenios-contratos\\\/\"]}]},{\"@type\":\"BreadcrumbList\",\"@id\":\"https:\\\/\\\/centroinca.com\\\/centroinca\\\/convenios-contratos\\\/#breadcrumb\",\"itemListElement\":[{\"@type\":\"ListItem\",\"position\":1,\"name\":\"Inicio\",\"item\":\"https:\\\/\\\/centroinca.com\\\/centroinca\\\/\"},{\"@type\":\"ListItem\",\"position\":2,\"name\":\"Convenios y Contratos\"}]},{\"@type\":\"WebSite\",\"@id\":\"https:\\\/\\\/centroinca.com\\\/centroinca\\\/#website\",\"url\":\"https:\\\/\\\/centroinca.com\\\/centroinca\\\/\",\"name\":\"Centro Inca\",\"description\":\"Tu camino al \u00e9xito - Estudia Programas T\u00e9cnicos Laborales en Barranquillla\",\"publisher\":{\"@id\":\"https:\\\/\\\/centroinca.com\\\/centroinca\\\/#organization\"},\"potentialAction\":[{\"@type\":\"SearchAction\",\"target\":{\"@type\":\"EntryPoint\",\"urlTemplate\":\"https:\\\/\\\/centroinca.com\\\/centroinca\\\/?s={search_term_string}\"},\"query-input\":{\"@type\":\"PropertyValueSpecification\",\"valueRequired\":true,\"valueName\":\"search_term_string\"}}],\"inLanguage\":\"es\"},{\"@type\":\"Organization\",\"@id\":\"https:\\\/\\\/centroinca.com\\\/centroinca\\\/#organization\",\"name\":\"Centro Inca\",\"url\":\"https:\\\/\\\/centroinca.com\\\/centroinca\\\/\",\"logo\":{\"@type\":\"ImageObject\",\"inLanguage\":\"es\",\"@id\":\"https:\\\/\\\/centroinca.com\\\/centroinca\\\/#\\\/schema\\\/logo\\\/image\\\/\",\"url\":\"https:\\\/\\\/centroinca.com\\\/centroinca\\\/wp-content\\\/uploads\\\/2019\\\/09\\\/LOGO-CENTRO-INCA-POSITIVO.png\",\"contentUrl\":\"https:\\\/\\\/centroinca.com\\\/centroinca\\\/wp-content\\\/uploads\\\/2019\\\/09\\\/LOGO-CENTRO-INCA-POSITIVO.png\",\"width\":1377,\"height\":546,\"caption\":\"Centro Inca\"},\"image\":{\"@id\":\"https:\\\/\\\/centroinca.com\\\/centroinca\\\/#\\\/schema\\\/logo\\\/image\\\/\"}}]}<\/script>\n<!-- \/ Yoast SEO plugin. -->","yoast_head_json":{"title":"Convenios y Contratos - Centro Inca","robots":{"index":"index","follow":"follow","max-snippet":"max-snippet:-1","max-image-preview":"max-image-preview:large","max-video-preview":"max-video-preview:-1"},"canonical":"https:\/\/centroinca.com\/centroinca\/convenios-contratos\/","og_locale":"es_ES","og_type":"article","og_title":"Convenios y Contratos - Centro Inca","og_description":"[vc_row full_width=&#8221;stretch_row&#8221; css=&#8221;.vc_custom_1616011158731{margin-bottom: 52px !important;background-color: #ffffff !important;}&#8221;][vc_column width=&#8221;1\/2&#8243;][vc_custom_heading text=&#8221;Convenios y Contratos&#8221; font_container=&#8221;tag:h3|text_align:left&#8221; google_fonts=&#8221;font_family:Montserrat%3Aregular%2C700|font_style:700%20bold%20regular%3A700%3Anormal&#8221; css=&#8221;.vc_custom_1616009960411{margin-bottom: 39px !important;}&#8221;][vc_column_text]Convenio Interinstitucional Es un acuerdo entre las partes la cual facilita al estudiante, las instalaciones, recursos t\u00e9cnico-pedag\u00f3gicos y humanos para la continuidad de la capacitaci\u00f3n \u00f3 formaci\u00f3n de pr\u00e1ctica laboral de los estudiantes por las diferentes secciones de la empresa","og_url":"https:\/\/centroinca.com\/centroinca\/convenios-contratos\/","og_site_name":"Centro Inca","article_modified_time":"2026-01-16T15:58:20+00:00","twitter_card":"summary_large_image","twitter_misc":{"Tiempo de lectura":"1 minuto"},"schema":{"@context":"https:\/\/schema.org","@graph":[{"@type":"WebPage","@id":"https:\/\/centroinca.com\/centroinca\/convenios-contratos\/","url":"https:\/\/centroinca.com\/centroinca\/convenios-contratos\/","name":"Convenios y Contratos - Centro Inca","isPartOf":{"@id":"https:\/\/centroinca.com\/centroinca\/#website"},"datePublished":"2021-03-17T19:59:43+00:00","dateModified":"2026-01-16T15:58:20+00:00","breadcrumb":{"@id":"https:\/\/centroinca.com\/centroinca\/convenios-contratos\/#breadcrumb"},"inLanguage":"es","potentialAction":[{"@type":"ReadAction","target":["https:\/\/centroinca.com\/centroinca\/convenios-contratos\/"]}]},{"@type":"BreadcrumbList","@id":"https:\/\/centroinca.com\/centroinca\/convenios-contratos\/#breadcrumb","itemListElement":[{"@type":"ListItem","position":1,"name":"Inicio","item":"https:\/\/centroinca.com\/centroinca\/"},{"@type":"ListItem","position":2,"name":"Convenios y Contratos"}]},{"@type":"WebSite","@id":"https:\/\/centroinca.com\/centroinca\/#website","url":"https:\/\/centroinca.com\/centroinca\/","name":"Centro Inca","description":"Tu camino al \u00e9xito - Estudia Programas T\u00e9cnicos Laborales en Barranquillla","publisher":{"@id":"https:\/\/centroinca.com\/centroinca\/#organization"},"potentialAction":[{"@type":"SearchAction","target":{"@type":"EntryPoint","urlTemplate":"https:\/\/centroinca.com\/centroinca\/?s={search_term_string}"},"query-input":{"@type":"PropertyValueSpecification","valueRequired":true,"valueName":"search_term_string"}}],"inLanguage":"es"},{"@type":"Organization","@id":"https:\/\/centroinca.com\/centroinca\/#organization","name":"Centro Inca","url":"https:\/\/centroinca.com\/centroinca\/","logo":{"@type":"ImageObject","inLanguage":"es","@id":"https:\/\/centroinca.com\/centroinca\/#\/schema\/logo\/image\/","url":"https:\/\/centroinca.com\/centroinca\/wp-content\/uploads\/2019\/09\/LOGO-CENTRO-INCA-POSITIVO.png","contentUrl":"https:\/\/centroinca.com\/centroinca\/wp-content\/uploads\/2019\/09\/LOGO-CENTRO-INCA-POSITIVO.png","width":1377,"height":546,"caption":"Centro Inca"},"image":{"@id":"https:\/\/centroinca.com\/centroinca\/#\/schema\/logo\/image\/"}}]}},"_links":{"self":[{"href":"https:\/\/centroinca.com\/centroinca\/wp-json\/wp\/v2\/pages\/7750","targetHints":{"allow":["GET"]}}],"collection":[{"href":"https:\/\/centroinca.com\/centroinca\/wp-json\/wp\/v2\/pages"}],"about":[{"href":"https:\/\/centroinca.com\/centroinca\/wp-json\/wp\/v2\/types\/page"}],"author":[{"embeddable":true,"href":"https:\/\/centroinca.com\/centroinca\/wp-json\/wp\/v2\/users\/1"}],"replies":[{"embeddable":true,"href":"https:\/\/centroinca.com\/centroinca\/wp-json\/wp\/v2\/comments?post=7750"}],"version-history":[{"count":14,"href":"https:\/\/centroinca.com\/centroinca\/wp-json\/wp\/v2\/pages\/7750\/revisions"}],"predecessor-version":[{"id":12522,"href":"https:\/\/centroinca.com\/centroinca\/wp-json\/wp\/v2\/pages\/7750\/revisions\/12522"}],"wp:attachment":[{"href":"https:\/\/centroinca.com\/centroinca\/wp-json\/wp\/v2\/media?parent=7750"}],"curies":[{"name":"wp","href":"https:\/\/api.w.org\/{rel}","templated":true}]}}