{"id":7678,"date":"2021-03-12T09:27:29","date_gmt":"2021-03-12T14:27:29","guid":{"rendered":"http:\/\/inca.com.co\/centro_inca_\/?page_id=7678"},"modified":"2023-09-07T10:06:09","modified_gmt":"2023-09-07T15:06:09","slug":"infraestructura","status":"publish","type":"page","link":"https:\/\/centroinca.com\/centroinca\/infraestructura\/","title":{"rendered":"Infraestructura"},"content":{"rendered":"<div class=\"wpb-content-wrapper\"><p>[vc_row full_width=&#8221;stretch_row&#8221; css=&#8221;.vc_custom_1616514628090{margin-top: -75px !important;padding-top: 81px !important;background-color: #ffffff !important;}&#8221;][vc_column offset=&#8221;vc_col-lg-7 vc_col-md-7&#8243;][vc_custom_heading text=&#8221;Infraestructura&#8221; font_container=&#8221;tag:h3|text_align:left&#8221; use_theme_fonts=&#8221;yes&#8221; css=&#8221;.vc_custom_1615558284496{margin-top: 50px !important;margin-bottom: 25px !important;}&#8221;][vc_column_text]<span style=\"color: #333333;\">Moderna Infraestructura de m\u00e1s de 60.000 m2 de espacios confortables para el aprendizaje, entrenamiento, pr\u00e1ctica, actividades deportivas y entretenimiento.<\/span><\/p>\n<div><span style=\"color: #333333;\">&#8211; Puntos de Informaci\u00f3n Digital<\/span><\/div>\n<div><span style=\"color: #333333;\">&#8211; Salas de Sistemas<\/span><\/div>\n<div><span style=\"color: #333333;\">&#8211; Salas Especializadas<\/span><\/div>\n<div><span style=\"color: #333333;\">&#8211; Auditorio<\/span><\/div>\n<div><span style=\"color: #333333;\">&#8211; Laboratorios de Simulaci\u00f3n<\/span><\/div>\n<div><span style=\"color: #333333;\">&#8211; Talleres<\/span><\/div>\n<div><span style=\"color: #333333;\">&#8211; Internet Dedicado<\/span><\/div>\n<div><span style=\"color: #333333;\">&#8211; Wifi<\/span><\/div>\n<div><span style=\"color: #333333;\">&#8211; Zona Deportiva Game Center<\/span><\/div>\n<p>[\/vc_column_text][\/vc_column][vc_column offset=&#8221;vc_col-lg-5 vc_col-md-5&#8243; css=&#8221;.vc_custom_1614890405694{margin-top: 70px !important;}&#8221;][vc_empty_space height=&#8221;50px&#8221;][vc_raw_html]JTNDaWZyYW1lJTIwd2lkdGglM0QlMjI1NjAlMjIlMjBoZWlnaHQlM0QlMjIzMTUlMjIlMjBzcmMlM0QlMjJodHRwcyUzQSUyRiUyRnd3dy55b3V0dWJlLmNvbSUyRmVtYmVkJTJGUWQya3ZnM1N6QjQlMjIlMjBmcmFtZWJvcmRlciUzRCUyMjAlMjIlMjBhbGxvdyUzRCUyMmFjY2VsZXJvbWV0ZXIlM0IlMjBhdXRvcGxheSUzQiUyMGNsaXBib2FyZC13cml0ZSUzQiUyMGVuY3J5cHRlZC1tZWRpYSUzQiUyMGd5cm9zY29wZSUzQiUyMHBpY3R1cmUtaW4tcGljdHVyZSUyMiUyMGFsbG93ZnVsbHNjcmVlbiUzRSUzQyUyRmlmcmFtZSUzRQ==[\/vc_raw_html][\/vc_column][\/vc_row][vc_row css=&#8221;.vc_custom_1616514666341{margin-bottom: 25px !important;}&#8221;][vc_column][vc_row_inner css=&#8221;.vc_custom_1615559931841{margin-top: 30px !important;}&#8221;][vc_column_inner width=&#8221;1\/3&#8243;][vc_icon icon_fontawesome=&#8221;fas fa-user-graduate&#8221; color=&#8221;custom&#8221; size=&#8221;lg&#8221; align=&#8221;center&#8221; custom_color=&#8221;#afafaf&#8221; css=&#8221;.vc_custom_1615559104070{margin-bottom: -15px !important;}&#8221;][stm_stats_counter stat_counter_style=&#8221;style_3&#8243; counter_value=&#8221;8200&#8243; alignment=&#8221;center&#8221; title=&#8221;Estudiantes&#8221;][vc_empty_space][\/vc_column_inner][vc_column_inner width=&#8221;1\/3&#8243;][vc_icon icon_fontawesome=&#8221;fas fa-chalkboard-teacher&#8221; color=&#8221;custom&#8221; size=&#8221;lg&#8221; align=&#8221;center&#8221; custom_color=&#8221;#afafaf&#8221; css=&#8221;.vc_custom_1615559194059{margin-bottom: -15px !important;}&#8221;][stm_stats_counter stat_counter_style=&#8221;style_3&#8243; counter_value=&#8221;76&#8243; alignment=&#8221;center&#8221; title=&#8221;Instructores&#8221;][vc_empty_space][\/vc_column_inner][vc_column_inner width=&#8221;1\/3&#8243;][vc_icon icon_fontawesome=&#8221;fas fa-book-reader&#8221; color=&#8221;custom&#8221; size=&#8221;lg&#8221; align=&#8221;center&#8221; custom_color=&#8221;#afafaf&#8221; css=&#8221;.vc_custom_1615559755564{margin-bottom: -15px !important;}&#8221;][stm_stats_counter stat_counter_style=&#8221;style_3&#8243; counter_value=&#8221;58&#8243; alignment=&#8221;center&#8221; title=&#8221;Ofertas Acad\u00e9micas&#8221;][vc_empty_space][\/vc_column_inner][\/vc_row_inner][\/vc_column][\/vc_row]<\/p>\n<\/div>","protected":false},"excerpt":{"rendered":"<p>[vc_row full_width=&#8221;stretch_row&#8221; css=&#8221;.vc_custom_1616514628090{margin-top: -75px !important;padding-top: 81px !important;background-color: #ffffff !important;}&#8221;][vc_column offset=&#8221;vc_col-lg-7 vc_col-md-7&#8243;][vc_custom_heading text=&#8221;Infraestructura&#8221; font_container=&#8221;tag:h3|text_align:left&#8221; use_theme_fonts=&#8221;yes&#8221; css=&#8221;.vc_custom_1615558284496{margin-top: 50px !important;margin-bottom: 25px !important;}&#8221;][vc_column_text]Moderna Infraestructura de m\u00e1s de 60.000 m2 de espacios confortables para el aprendizaje, entrenamiento, pr\u00e1ctica, actividades deportivas y entretenimiento. &#8211; Puntos de Informaci\u00f3n Digital &#8211; Salas de Sistemas &#8211; Salas Especializadas &#8211; Auditorio &#8211; Laboratorios de Simulaci\u00f3n<\/p>\n","protected":false},"author":1,"featured_media":0,"parent":0,"menu_order":0,"comment_status":"closed","ping_status":"closed","template":"","meta":{"footnotes":""},"class_list":["post-7678","page","type-page","status-publish","hentry"],"yoast_head":"<!-- This site is optimized with the Yoast SEO plugin v27.4 - https:\/\/yoast.com\/product\/yoast-seo-wordpress\/ -->\n<title>Infraestructura - Centro Inca<\/title>\n<meta name=\"robots\" content=\"index, follow, max-snippet:-1, max-image-preview:large, max-video-preview:-1\" \/>\n<link rel=\"canonical\" href=\"https:\/\/centroinca.com\/centroinca\/infraestructura\/\" \/>\n<meta property=\"og:locale\" content=\"es_ES\" \/>\n<meta property=\"og:type\" content=\"article\" \/>\n<meta property=\"og:title\" content=\"Infraestructura - Centro Inca\" \/>\n<meta property=\"og:description\" content=\"[vc_row full_width=&#8221;stretch_row&#8221; css=&#8221;.vc_custom_1616514628090{margin-top: -75px !important;padding-top: 81px !important;background-color: #ffffff !important;}&#8221;][vc_column offset=&#8221;vc_col-lg-7 vc_col-md-7&#8243;][vc_custom_heading text=&#8221;Infraestructura&#8221; font_container=&#8221;tag:h3|text_align:left&#8221; use_theme_fonts=&#8221;yes&#8221; css=&#8221;.vc_custom_1615558284496{margin-top: 50px !important;margin-bottom: 25px !important;}&#8221;][vc_column_text]Moderna Infraestructura de m\u00e1s de 60.000 m2 de espacios confortables para el aprendizaje, entrenamiento, pr\u00e1ctica, actividades deportivas y entretenimiento. &#8211; Puntos de Informaci\u00f3n Digital &#8211; Salas de Sistemas &#8211; Salas Especializadas &#8211; Auditorio &#8211; Laboratorios de Simulaci\u00f3n\" \/>\n<meta property=\"og:url\" content=\"https:\/\/centroinca.com\/centroinca\/infraestructura\/\" \/>\n<meta property=\"og:site_name\" content=\"Centro Inca\" \/>\n<meta property=\"article:modified_time\" content=\"2023-09-07T15:06:09+00:00\" \/>\n<meta name=\"twitter:card\" content=\"summary_large_image\" \/>\n<meta name=\"twitter:label1\" content=\"Tiempo de lectura\" \/>\n\t<meta name=\"twitter:data1\" content=\"2 minutos\" \/>\n<script type=\"application\/ld+json\" class=\"yoast-schema-graph\">{\"@context\":\"https:\\\/\\\/schema.org\",\"@graph\":[{\"@type\":\"WebPage\",\"@id\":\"https:\\\/\\\/centroinca.com\\\/centroinca\\\/infraestructura\\\/\",\"url\":\"https:\\\/\\\/centroinca.com\\\/centroinca\\\/infraestructura\\\/\",\"name\":\"Infraestructura - Centro Inca\",\"isPartOf\":{\"@id\":\"https:\\\/\\\/centroinca.com\\\/centroinca\\\/#website\"},\"datePublished\":\"2021-03-12T14:27:29+00:00\",\"dateModified\":\"2023-09-07T15:06:09+00:00\",\"breadcrumb\":{\"@id\":\"https:\\\/\\\/centroinca.com\\\/centroinca\\\/infraestructura\\\/#breadcrumb\"},\"inLanguage\":\"es\",\"potentialAction\":[{\"@type\":\"ReadAction\",\"target\":[\"https:\\\/\\\/centroinca.com\\\/centroinca\\\/infraestructura\\\/\"]}]},{\"@type\":\"BreadcrumbList\",\"@id\":\"https:\\\/\\\/centroinca.com\\\/centroinca\\\/infraestructura\\\/#breadcrumb\",\"itemListElement\":[{\"@type\":\"ListItem\",\"position\":1,\"name\":\"Inicio\",\"item\":\"https:\\\/\\\/centroinca.com\\\/centroinca\\\/\"},{\"@type\":\"ListItem\",\"position\":2,\"name\":\"Infraestructura\"}]},{\"@type\":\"WebSite\",\"@id\":\"https:\\\/\\\/centroinca.com\\\/centroinca\\\/#website\",\"url\":\"https:\\\/\\\/centroinca.com\\\/centroinca\\\/\",\"name\":\"Centro Inca\",\"description\":\"Tu camino al \u00e9xito - Estudia Programas T\u00e9cnicos Laborales en Barranquillla\",\"publisher\":{\"@id\":\"https:\\\/\\\/centroinca.com\\\/centroinca\\\/#organization\"},\"potentialAction\":[{\"@type\":\"SearchAction\",\"target\":{\"@type\":\"EntryPoint\",\"urlTemplate\":\"https:\\\/\\\/centroinca.com\\\/centroinca\\\/?s={search_term_string}\"},\"query-input\":{\"@type\":\"PropertyValueSpecification\",\"valueRequired\":true,\"valueName\":\"search_term_string\"}}],\"inLanguage\":\"es\"},{\"@type\":\"Organization\",\"@id\":\"https:\\\/\\\/centroinca.com\\\/centroinca\\\/#organization\",\"name\":\"Centro Inca\",\"url\":\"https:\\\/\\\/centroinca.com\\\/centroinca\\\/\",\"logo\":{\"@type\":\"ImageObject\",\"inLanguage\":\"es\",\"@id\":\"https:\\\/\\\/centroinca.com\\\/centroinca\\\/#\\\/schema\\\/logo\\\/image\\\/\",\"url\":\"https:\\\/\\\/centroinca.com\\\/centroinca\\\/wp-content\\\/uploads\\\/2019\\\/09\\\/LOGO-CENTRO-INCA-POSITIVO.png\",\"contentUrl\":\"https:\\\/\\\/centroinca.com\\\/centroinca\\\/wp-content\\\/uploads\\\/2019\\\/09\\\/LOGO-CENTRO-INCA-POSITIVO.png\",\"width\":1377,\"height\":546,\"caption\":\"Centro Inca\"},\"image\":{\"@id\":\"https:\\\/\\\/centroinca.com\\\/centroinca\\\/#\\\/schema\\\/logo\\\/image\\\/\"}}]}<\/script>\n<!-- \/ Yoast SEO plugin. -->","yoast_head_json":{"title":"Infraestructura - Centro Inca","robots":{"index":"index","follow":"follow","max-snippet":"max-snippet:-1","max-image-preview":"max-image-preview:large","max-video-preview":"max-video-preview:-1"},"canonical":"https:\/\/centroinca.com\/centroinca\/infraestructura\/","og_locale":"es_ES","og_type":"article","og_title":"Infraestructura - Centro Inca","og_description":"[vc_row full_width=&#8221;stretch_row&#8221; css=&#8221;.vc_custom_1616514628090{margin-top: -75px !important;padding-top: 81px !important;background-color: #ffffff !important;}&#8221;][vc_column offset=&#8221;vc_col-lg-7 vc_col-md-7&#8243;][vc_custom_heading text=&#8221;Infraestructura&#8221; font_container=&#8221;tag:h3|text_align:left&#8221; use_theme_fonts=&#8221;yes&#8221; css=&#8221;.vc_custom_1615558284496{margin-top: 50px !important;margin-bottom: 25px !important;}&#8221;][vc_column_text]Moderna Infraestructura de m\u00e1s de 60.000 m2 de espacios confortables para el aprendizaje, entrenamiento, pr\u00e1ctica, actividades deportivas y entretenimiento. &#8211; Puntos de Informaci\u00f3n Digital &#8211; Salas de Sistemas &#8211; Salas Especializadas &#8211; Auditorio &#8211; Laboratorios de Simulaci\u00f3n","og_url":"https:\/\/centroinca.com\/centroinca\/infraestructura\/","og_site_name":"Centro Inca","article_modified_time":"2023-09-07T15:06:09+00:00","twitter_card":"summary_large_image","twitter_misc":{"Tiempo de lectura":"2 minutos"},"schema":{"@context":"https:\/\/schema.org","@graph":[{"@type":"WebPage","@id":"https:\/\/centroinca.com\/centroinca\/infraestructura\/","url":"https:\/\/centroinca.com\/centroinca\/infraestructura\/","name":"Infraestructura - Centro Inca","isPartOf":{"@id":"https:\/\/centroinca.com\/centroinca\/#website"},"datePublished":"2021-03-12T14:27:29+00:00","dateModified":"2023-09-07T15:06:09+00:00","breadcrumb":{"@id":"https:\/\/centroinca.com\/centroinca\/infraestructura\/#breadcrumb"},"inLanguage":"es","potentialAction":[{"@type":"ReadAction","target":["https:\/\/centroinca.com\/centroinca\/infraestructura\/"]}]},{"@type":"BreadcrumbList","@id":"https:\/\/centroinca.com\/centroinca\/infraestructura\/#breadcrumb","itemListElement":[{"@type":"ListItem","position":1,"name":"Inicio","item":"https:\/\/centroinca.com\/centroinca\/"},{"@type":"ListItem","position":2,"name":"Infraestructura"}]},{"@type":"WebSite","@id":"https:\/\/centroinca.com\/centroinca\/#website","url":"https:\/\/centroinca.com\/centroinca\/","name":"Centro Inca","description":"Tu camino al \u00e9xito - Estudia Programas T\u00e9cnicos Laborales en Barranquillla","publisher":{"@id":"https:\/\/centroinca.com\/centroinca\/#organization"},"potentialAction":[{"@type":"SearchAction","target":{"@type":"EntryPoint","urlTemplate":"https:\/\/centroinca.com\/centroinca\/?s={search_term_string}"},"query-input":{"@type":"PropertyValueSpecification","valueRequired":true,"valueName":"search_term_string"}}],"inLanguage":"es"},{"@type":"Organization","@id":"https:\/\/centroinca.com\/centroinca\/#organization","name":"Centro Inca","url":"https:\/\/centroinca.com\/centroinca\/","logo":{"@type":"ImageObject","inLanguage":"es","@id":"https:\/\/centroinca.com\/centroinca\/#\/schema\/logo\/image\/","url":"https:\/\/centroinca.com\/centroinca\/wp-content\/uploads\/2019\/09\/LOGO-CENTRO-INCA-POSITIVO.png","contentUrl":"https:\/\/centroinca.com\/centroinca\/wp-content\/uploads\/2019\/09\/LOGO-CENTRO-INCA-POSITIVO.png","width":1377,"height":546,"caption":"Centro Inca"},"image":{"@id":"https:\/\/centroinca.com\/centroinca\/#\/schema\/logo\/image\/"}}]}},"_links":{"self":[{"href":"https:\/\/centroinca.com\/centroinca\/wp-json\/wp\/v2\/pages\/7678","targetHints":{"allow":["GET"]}}],"collection":[{"href":"https:\/\/centroinca.com\/centroinca\/wp-json\/wp\/v2\/pages"}],"about":[{"href":"https:\/\/centroinca.com\/centroinca\/wp-json\/wp\/v2\/types\/page"}],"author":[{"embeddable":true,"href":"https:\/\/centroinca.com\/centroinca\/wp-json\/wp\/v2\/users\/1"}],"replies":[{"embeddable":true,"href":"https:\/\/centroinca.com\/centroinca\/wp-json\/wp\/v2\/comments?post=7678"}],"version-history":[{"count":15,"href":"https:\/\/centroinca.com\/centroinca\/wp-json\/wp\/v2\/pages\/7678\/revisions"}],"predecessor-version":[{"id":9644,"href":"https:\/\/centroinca.com\/centroinca\/wp-json\/wp\/v2\/pages\/7678\/revisions\/9644"}],"wp:attachment":[{"href":"https:\/\/centroinca.com\/centroinca\/wp-json\/wp\/v2\/media?parent=7678"}],"curies":[{"name":"wp","href":"https:\/\/api.w.org\/{rel}","templated":true}]}}