{"id":7611,"date":"2021-03-08T10:42:33","date_gmt":"2021-03-08T15:42:33","guid":{"rendered":"http:\/\/inca.com.co\/centro_inca_\/?page_id=7611"},"modified":"2026-01-23T10:54:36","modified_gmt":"2026-01-23T15:54:36","slug":"ingles","status":"publish","type":"page","link":"https:\/\/centroinca.com\/centroinca\/ingles\/","title":{"rendered":"Estudiar Ingl\u00e9s"},"content":{"rendered":"<div class=\"wpb-content-wrapper\"><p>[vc_row css=&#8221;.vc_custom_1614895899690{margin-top: 50px !important;margin-bottom: 20px !important;}&#8221;][vc_column][vc_custom_heading stm_title_font_weight=&#8221;700&#8243; text=&#8221;Estudia Ingl\u00e9s&#8221; font_container=&#8221;tag:h2|text_align:center&#8221; use_theme_fonts=&#8221;yes&#8221; css=&#8221;.vc_custom_1768576824016{margin-bottom: 40px !important;}&#8221;][\/vc_column][\/vc_row][vc_row full_width=&#8221;stretch_row_content_no_spaces&#8221; css=&#8221;.vc_custom_1699396205118{margin-top: 50px !important;margin-bottom: 20px !important;}&#8221;][vc_column][vc_single_image image=&#8221;12509&#8243; img_size=&#8221;full&#8221;][\/vc_column][\/vc_row][vc_row disable_element=&#8221;yes&#8221; css=&#8221;.vc_custom_1743773935697{margin-top: 50px !important;margin-bottom: 20px !important;}&#8221;][vc_column][vc_column_text]<\/p>\n<blockquote>\n<p style=\"text-align: center;\"><b>AUTORIZADO SENA CERTIFICADO DE CALIDAD ICONTEC:<\/b><\/p>\n<p style=\"text-align: center;\"><b> CS-CER521335 NTC 5580:2011<\/b><\/p>\n<p style=\"text-align: center;\"><b>Res.08431\/2017-Secretar\u00eda de Educaci\u00f3n Distrital<\/b><\/p>\n<\/blockquote>\n<p>[\/vc_column_text][\/vc_column][\/vc_row][vc_row css=&#8221;.vc_custom_1614895899690{margin-top: 50px !important;margin-bottom: 20px !important;}&#8221;][vc_column][vc_column_text]<\/p>\n<blockquote>\n<p style=\"text-align: center;\"><b>AUTORIZADO SENA CERTIFICADO DE CALIDAD ICONTEC:<\/b><\/p>\n<p style=\"text-align: center;\"><b> CS-CER521335 NTC 5580:2011<\/b><\/p>\n<p style=\"text-align: center;\"><b>Res.02331 mayo 2024\/Secretar\u00eda de Educaci\u00f3n Distrital<\/b><\/p>\n<\/blockquote>\n<p>[\/vc_column_text][\/vc_column][\/vc_row][vc_row css=&#8221;.vc_custom_1743437495300{margin-top: 50px !important;margin-bottom: 20px !important;}&#8221;][vc_column width=&#8221;1\/2&#8243;][vc_column_text]<b>Duraci\u00f3n<\/b>[\/vc_column_text][vc_column_text]Ocho (8) M\u00f3dulos Acad\u00e9micos de 94 horas acad\u00e9micas por m\u00f3dulo.\u00a0Total intensidad horas del programa: <strong>876 Horas<\/strong>[\/vc_column_text][vc_column_text]<b>Tipo de certificado<\/b>[\/vc_column_text][vc_column_text]Conocimiento Acad\u00e9mico en Ingl\u00e9s, Niveles A1, A2, B1, B2.[\/vc_column_text][vc_column_text]<b>Metodolog\u00eda<\/b>[\/vc_column_text][vc_column_text]Teor\u00eda &#8211; Demostraci\u00f3n &#8211; Pr\u00e1ctica.[\/vc_column_text][vc_column_text]<b>M\u00e9todo<\/b>[\/vc_column_text][vc_column_text]EAGLE (9 pasos).[\/vc_column_text][\/vc_column][vc_column width=&#8221;1\/2&#8243;][vc_column_text]<b>Financia tu Matr\u00edcula<\/b>[\/vc_column_text][vc_column_text]Paga de contado con cr\u00e9dito educativo y gana un gran descuento[\/vc_column_text][vc_single_image image=&#8221;10342&#8243; img_size=&#8221;full&#8221;][vc_btn title=&#8221;Conocer Costos&#8221; color=&#8221;primary&#8221; align=&#8221;center&#8221; link=&#8221;url:https%3A%2F%2Fonline.fliphtml5.com%2Ftemf%2Fqgmq%2F%23p%3D1|target:_blank&#8221;][\/vc_column][\/vc_row][vc_row][vc_column][vc_column_text][\/vc_column_text][\/vc_column][\/vc_row][vc_row full_width=&#8221;stretch_row&#8221; css=&#8221;.vc_custom_1632585424396{padding-top: 40px !important;padding-bottom: 33px !important;background-color: #c10000 !important;}&#8221;][vc_column width=&#8221;2\/3&#8243;][vc_custom_heading stripe_pos=&#8221;hide&#8221; text=&#8221;Solicita tu Recibo de Matr\u00edcula Aqu\u00ed&#8221; font_container=&#8221;tag:h3|font_size:19px|text_align:left|color:%23ffffff|line_height:22px&#8221; use_theme_fonts=&#8221;yes&#8221; css=&#8221;.vc_custom_1614897789820{margin-bottom: 20px !important;}&#8221;][\/vc_column][vc_column width=&#8221;1\/3&#8243;][vc_btn title=&#8221;Solicitar Recibo&#8221; style=&#8221;custom&#8221; custom_background=&#8221;#ffffff&#8221; custom_text=&#8221;#1940aa&#8221; size=&#8221;sm&#8221; i_align=&#8221;right&#8221; i_icon_fontawesome=&#8221;fas fa-chevron-right&#8221; add_icon=&#8221;true&#8221; link=&#8221;url:http%3A%2F%2Fwww.centroinca.net%2Fpattern.php%3Fform%3Dadmisiones_informacion_ingles.php&#8221;][\/vc_column][\/vc_row][vc_row][vc_column][vc_column_text]&nbsp;[\/vc_column_text][\/vc_column][\/vc_row][vc_row css=&#8221;.vc_custom_1614895899690{margin-top: 50px !important;margin-bottom: 20px !important;}&#8221;][vc_column width=&#8221;1\/2&#8243;][vc_column_text]<strong>Objetivo<\/strong><\/p>\n<p>Desarrollar en los estudiantes las habilidades comunicativas a trav\u00e9s de la m\u00e1s moderna metodolog\u00eda en la ense\u00f1anza del idioma ingl\u00e9s como lengua extranjera permitiendo que el proceso comunicativo sea motivador, f\u00e1cil e interesante y de esa forma pueda ser utilizado en la vida cotidiana.<\/p>\n<p>El programa consta de dos niveles (b\u00e1sico e intermedio) que se desarrollan en ocho m\u00f3dulos, dise\u00f1ado por un nativo de lengua inglesa y desarrollado con referencia al Marco Com\u00fan Europeo en los niveles de aprendizaje A1, A2, B1 y B2, ofrece una gran variedad de herramientas y recursos en l\u00ednea para que sea el mejor programa de ingl\u00e9s en el mercado.[\/vc_column_text][\/vc_column][vc_column width=&#8221;1\/2&#8243;][vc_column_text]<b>Perf\u00edl ocupacional<\/b>[\/vc_column_text][vc_column_text]El egresado tendr\u00e1 el manejo de las habilidades comunicativas del idioma extranjero que le permitir\u00e1 interactuar con un grado suficiente de fluidez y espontaneidad.[\/vc_column_text][vc_single_image image=&#8221;12510&#8243; img_size=&#8221;large&#8221;][\/vc_column][\/vc_row][vc_row full_width=&#8221;stretch_row&#8221; css=&#8221;.vc_custom_1615218168335{padding-top: 40px !important;padding-bottom: 33px !important;background-color: #0040c1 !important;}&#8221;][vc_column width=&#8221;1\/2&#8243;][vc_single_image image=&#8221;12511&#8243; img_size=&#8221;full&#8221; css=&#8221;.vc_custom_1768576783565{padding-bottom: -35px !important;}&#8221;][\/vc_column][vc_column width=&#8221;1\/2&#8243;][vc_tta_accordion][vc_tta_section i_icon_fontawesome=&#8221;fas fa-graduation-cap&#8221; add_icon=&#8221;true&#8221; title=&#8221;Plan de estudio&#8221; tab_id=&#8221;1615217505579-6bbc0898-ebf6&#8243;][vc_column_text]Module 1: Beginner<br \/>\nModule 2: Basic<br \/>\nModule 3: Pre-Intermediate One<br \/>\nModule 4: Pre-Intermediate Senior<br \/>\nM\u00f3dulo 5: Intermediate One<br \/>\nM\u00f3dulo 6: Intermediate Senior<br \/>\nM\u00f3dulo 7: Upper Intermediate<br \/>\nM\u00f3dulo 8: Upper Intermediate Senior[\/vc_column_text][\/vc_tta_section][vc_tta_section i_icon_fontawesome=&#8221;fas fa-clock&#8221; add_icon=&#8221;true&#8221; title=&#8221;Horarios disponibles&#8221; tab_id=&#8221;1615217621040-29ee11e1-bdb9&#8243;][vc_column_text]Los horarios disponibles para estudiar este programa son:<\/p>\n<p><strong>Lunes a Jueves<\/strong><\/p>\n<p>&#8211; 8:00 a.m. a 10:00 a.m.<\/p>\n<p>&#8211; 10:00 a.m. a 12:00 p.m.<\/p>\n<p><strong>S\u00e1bados<\/strong><br \/>\nAhora puedes estudiar una vez a la semana, los d\u00edas S\u00c1BADOS exclusivamente; igual intensidad de horas, costos y contenido curricular.<\/p>\n<p>&#8211; 7:00 a.m. a 1:45 p.m.[\/vc_column_text][\/vc_tta_section][\/vc_tta_accordion][\/vc_column][\/vc_row]<\/p>\n<\/div>","protected":false},"excerpt":{"rendered":"<p>[vc_row css=&#8221;.vc_custom_1614895899690{margin-top: 50px !important;margin-bottom: 20px !important;}&#8221;][vc_column][vc_custom_heading stm_title_font_weight=&#8221;700&#8243; text=&#8221;Estudia Ingl\u00e9s&#8221; font_container=&#8221;tag:h2|text_align:center&#8221; use_theme_fonts=&#8221;yes&#8221; css=&#8221;.vc_custom_1768576824016{margin-bottom: 40px !important;}&#8221;][\/vc_column][\/vc_row][vc_row full_width=&#8221;stretch_row_content_no_spaces&#8221; css=&#8221;.vc_custom_1699396205118{margin-top: 50px !important;margin-bottom: 20px !important;}&#8221;][vc_column][vc_single_image image=&#8221;12509&#8243; img_size=&#8221;full&#8221;][\/vc_column][\/vc_row][vc_row disable_element=&#8221;yes&#8221; css=&#8221;.vc_custom_1743773935697{margin-top: 50px !important;margin-bottom: 20px !important;}&#8221;][vc_column][vc_column_text] AUTORIZADO SENA CERTIFICADO DE CALIDAD ICONTEC: CS-CER521335 NTC 5580:2011 Res.08431\/2017-Secretar\u00eda de Educaci\u00f3n Distrital [\/vc_column_text][\/vc_column][\/vc_row][vc_row css=&#8221;.vc_custom_1614895899690{margin-top: 50px !important;margin-bottom: 20px !important;}&#8221;][vc_column][vc_column_text] AUTORIZADO SENA CERTIFICADO DE CALIDAD ICONTEC: CS-CER521335 NTC<\/p>\n","protected":false},"author":1,"featured_media":0,"parent":0,"menu_order":0,"comment_status":"closed","ping_status":"closed","template":"","meta":{"footnotes":""},"class_list":["post-7611","page","type-page","status-publish","hentry"],"yoast_head":"<!-- This site is optimized with the Yoast SEO plugin v27.4 - https:\/\/yoast.com\/product\/yoast-seo-wordpress\/ -->\n<title>Estudiar Ingl\u00e9s - Centro Inca<\/title>\n<meta name=\"robots\" content=\"index, follow, max-snippet:-1, max-image-preview:large, max-video-preview:-1\" \/>\n<link rel=\"canonical\" href=\"https:\/\/centroinca.com\/centroinca\/ingles\/\" \/>\n<meta property=\"og:locale\" content=\"es_ES\" \/>\n<meta property=\"og:type\" content=\"article\" \/>\n<meta property=\"og:title\" content=\"Estudiar Ingl\u00e9s - Centro Inca\" \/>\n<meta property=\"og:description\" content=\"[vc_row css=&#8221;.vc_custom_1614895899690{margin-top: 50px !important;margin-bottom: 20px !important;}&#8221;][vc_column][vc_custom_heading stm_title_font_weight=&#8221;700&#8243; text=&#8221;Estudia Ingl\u00e9s&#8221; font_container=&#8221;tag:h2|text_align:center&#8221; use_theme_fonts=&#8221;yes&#8221; css=&#8221;.vc_custom_1768576824016{margin-bottom: 40px !important;}&#8221;][\/vc_column][\/vc_row][vc_row full_width=&#8221;stretch_row_content_no_spaces&#8221; css=&#8221;.vc_custom_1699396205118{margin-top: 50px !important;margin-bottom: 20px !important;}&#8221;][vc_column][vc_single_image image=&#8221;12509&#8243; img_size=&#8221;full&#8221;][\/vc_column][\/vc_row][vc_row disable_element=&#8221;yes&#8221; css=&#8221;.vc_custom_1743773935697{margin-top: 50px !important;margin-bottom: 20px !important;}&#8221;][vc_column][vc_column_text] AUTORIZADO SENA CERTIFICADO DE CALIDAD ICONTEC: CS-CER521335 NTC 5580:2011 Res.08431\/2017-Secretar\u00eda de Educaci\u00f3n Distrital [\/vc_column_text][\/vc_column][\/vc_row][vc_row css=&#8221;.vc_custom_1614895899690{margin-top: 50px !important;margin-bottom: 20px !important;}&#8221;][vc_column][vc_column_text] AUTORIZADO SENA CERTIFICADO DE CALIDAD ICONTEC: CS-CER521335 NTC\" \/>\n<meta property=\"og:url\" content=\"https:\/\/centroinca.com\/centroinca\/ingles\/\" \/>\n<meta property=\"og:site_name\" content=\"Centro Inca\" \/>\n<meta property=\"article:modified_time\" content=\"2026-01-23T15:54:36+00:00\" \/>\n<meta name=\"twitter:card\" content=\"summary_large_image\" \/>\n<meta name=\"twitter:label1\" content=\"Tiempo de lectura\" \/>\n\t<meta name=\"twitter:data1\" content=\"4 minutos\" \/>\n<script type=\"application\/ld+json\" class=\"yoast-schema-graph\">{\"@context\":\"https:\\\/\\\/schema.org\",\"@graph\":[{\"@type\":\"WebPage\",\"@id\":\"https:\\\/\\\/centroinca.com\\\/centroinca\\\/ingles\\\/\",\"url\":\"https:\\\/\\\/centroinca.com\\\/centroinca\\\/ingles\\\/\",\"name\":\"Estudiar Ingl\u00e9s - Centro Inca\",\"isPartOf\":{\"@id\":\"https:\\\/\\\/centroinca.com\\\/centroinca\\\/#website\"},\"datePublished\":\"2021-03-08T15:42:33+00:00\",\"dateModified\":\"2026-01-23T15:54:36+00:00\",\"breadcrumb\":{\"@id\":\"https:\\\/\\\/centroinca.com\\\/centroinca\\\/ingles\\\/#breadcrumb\"},\"inLanguage\":\"es\",\"potentialAction\":[{\"@type\":\"ReadAction\",\"target\":[\"https:\\\/\\\/centroinca.com\\\/centroinca\\\/ingles\\\/\"]}]},{\"@type\":\"BreadcrumbList\",\"@id\":\"https:\\\/\\\/centroinca.com\\\/centroinca\\\/ingles\\\/#breadcrumb\",\"itemListElement\":[{\"@type\":\"ListItem\",\"position\":1,\"name\":\"Inicio\",\"item\":\"https:\\\/\\\/centroinca.com\\\/centroinca\\\/\"},{\"@type\":\"ListItem\",\"position\":2,\"name\":\"Estudiar Ingl\u00e9s\"}]},{\"@type\":\"WebSite\",\"@id\":\"https:\\\/\\\/centroinca.com\\\/centroinca\\\/#website\",\"url\":\"https:\\\/\\\/centroinca.com\\\/centroinca\\\/\",\"name\":\"Centro Inca\",\"description\":\"Tu camino al \u00e9xito - Estudia Programas T\u00e9cnicos Laborales en Barranquillla\",\"publisher\":{\"@id\":\"https:\\\/\\\/centroinca.com\\\/centroinca\\\/#organization\"},\"potentialAction\":[{\"@type\":\"SearchAction\",\"target\":{\"@type\":\"EntryPoint\",\"urlTemplate\":\"https:\\\/\\\/centroinca.com\\\/centroinca\\\/?s={search_term_string}\"},\"query-input\":{\"@type\":\"PropertyValueSpecification\",\"valueRequired\":true,\"valueName\":\"search_term_string\"}}],\"inLanguage\":\"es\"},{\"@type\":\"Organization\",\"@id\":\"https:\\\/\\\/centroinca.com\\\/centroinca\\\/#organization\",\"name\":\"Centro Inca\",\"url\":\"https:\\\/\\\/centroinca.com\\\/centroinca\\\/\",\"logo\":{\"@type\":\"ImageObject\",\"inLanguage\":\"es\",\"@id\":\"https:\\\/\\\/centroinca.com\\\/centroinca\\\/#\\\/schema\\\/logo\\\/image\\\/\",\"url\":\"https:\\\/\\\/centroinca.com\\\/centroinca\\\/wp-content\\\/uploads\\\/2019\\\/09\\\/LOGO-CENTRO-INCA-POSITIVO.png\",\"contentUrl\":\"https:\\\/\\\/centroinca.com\\\/centroinca\\\/wp-content\\\/uploads\\\/2019\\\/09\\\/LOGO-CENTRO-INCA-POSITIVO.png\",\"width\":1377,\"height\":546,\"caption\":\"Centro Inca\"},\"image\":{\"@id\":\"https:\\\/\\\/centroinca.com\\\/centroinca\\\/#\\\/schema\\\/logo\\\/image\\\/\"}}]}<\/script>\n<!-- \/ Yoast SEO plugin. -->","yoast_head_json":{"title":"Estudiar Ingl\u00e9s - Centro Inca","robots":{"index":"index","follow":"follow","max-snippet":"max-snippet:-1","max-image-preview":"max-image-preview:large","max-video-preview":"max-video-preview:-1"},"canonical":"https:\/\/centroinca.com\/centroinca\/ingles\/","og_locale":"es_ES","og_type":"article","og_title":"Estudiar Ingl\u00e9s - Centro Inca","og_description":"[vc_row css=&#8221;.vc_custom_1614895899690{margin-top: 50px !important;margin-bottom: 20px !important;}&#8221;][vc_column][vc_custom_heading stm_title_font_weight=&#8221;700&#8243; text=&#8221;Estudia Ingl\u00e9s&#8221; font_container=&#8221;tag:h2|text_align:center&#8221; use_theme_fonts=&#8221;yes&#8221; css=&#8221;.vc_custom_1768576824016{margin-bottom: 40px !important;}&#8221;][\/vc_column][\/vc_row][vc_row full_width=&#8221;stretch_row_content_no_spaces&#8221; css=&#8221;.vc_custom_1699396205118{margin-top: 50px !important;margin-bottom: 20px !important;}&#8221;][vc_column][vc_single_image image=&#8221;12509&#8243; img_size=&#8221;full&#8221;][\/vc_column][\/vc_row][vc_row disable_element=&#8221;yes&#8221; css=&#8221;.vc_custom_1743773935697{margin-top: 50px !important;margin-bottom: 20px !important;}&#8221;][vc_column][vc_column_text] AUTORIZADO SENA CERTIFICADO DE CALIDAD ICONTEC: CS-CER521335 NTC 5580:2011 Res.08431\/2017-Secretar\u00eda de Educaci\u00f3n Distrital [\/vc_column_text][\/vc_column][\/vc_row][vc_row css=&#8221;.vc_custom_1614895899690{margin-top: 50px !important;margin-bottom: 20px !important;}&#8221;][vc_column][vc_column_text] AUTORIZADO SENA CERTIFICADO DE CALIDAD ICONTEC: CS-CER521335 NTC","og_url":"https:\/\/centroinca.com\/centroinca\/ingles\/","og_site_name":"Centro Inca","article_modified_time":"2026-01-23T15:54:36+00:00","twitter_card":"summary_large_image","twitter_misc":{"Tiempo de lectura":"4 minutos"},"schema":{"@context":"https:\/\/schema.org","@graph":[{"@type":"WebPage","@id":"https:\/\/centroinca.com\/centroinca\/ingles\/","url":"https:\/\/centroinca.com\/centroinca\/ingles\/","name":"Estudiar Ingl\u00e9s - Centro Inca","isPartOf":{"@id":"https:\/\/centroinca.com\/centroinca\/#website"},"datePublished":"2021-03-08T15:42:33+00:00","dateModified":"2026-01-23T15:54:36+00:00","breadcrumb":{"@id":"https:\/\/centroinca.com\/centroinca\/ingles\/#breadcrumb"},"inLanguage":"es","potentialAction":[{"@type":"ReadAction","target":["https:\/\/centroinca.com\/centroinca\/ingles\/"]}]},{"@type":"BreadcrumbList","@id":"https:\/\/centroinca.com\/centroinca\/ingles\/#breadcrumb","itemListElement":[{"@type":"ListItem","position":1,"name":"Inicio","item":"https:\/\/centroinca.com\/centroinca\/"},{"@type":"ListItem","position":2,"name":"Estudiar Ingl\u00e9s"}]},{"@type":"WebSite","@id":"https:\/\/centroinca.com\/centroinca\/#website","url":"https:\/\/centroinca.com\/centroinca\/","name":"Centro Inca","description":"Tu camino al \u00e9xito - Estudia Programas T\u00e9cnicos Laborales en Barranquillla","publisher":{"@id":"https:\/\/centroinca.com\/centroinca\/#organization"},"potentialAction":[{"@type":"SearchAction","target":{"@type":"EntryPoint","urlTemplate":"https:\/\/centroinca.com\/centroinca\/?s={search_term_string}"},"query-input":{"@type":"PropertyValueSpecification","valueRequired":true,"valueName":"search_term_string"}}],"inLanguage":"es"},{"@type":"Organization","@id":"https:\/\/centroinca.com\/centroinca\/#organization","name":"Centro Inca","url":"https:\/\/centroinca.com\/centroinca\/","logo":{"@type":"ImageObject","inLanguage":"es","@id":"https:\/\/centroinca.com\/centroinca\/#\/schema\/logo\/image\/","url":"https:\/\/centroinca.com\/centroinca\/wp-content\/uploads\/2019\/09\/LOGO-CENTRO-INCA-POSITIVO.png","contentUrl":"https:\/\/centroinca.com\/centroinca\/wp-content\/uploads\/2019\/09\/LOGO-CENTRO-INCA-POSITIVO.png","width":1377,"height":546,"caption":"Centro Inca"},"image":{"@id":"https:\/\/centroinca.com\/centroinca\/#\/schema\/logo\/image\/"}}]}},"_links":{"self":[{"href":"https:\/\/centroinca.com\/centroinca\/wp-json\/wp\/v2\/pages\/7611","targetHints":{"allow":["GET"]}}],"collection":[{"href":"https:\/\/centroinca.com\/centroinca\/wp-json\/wp\/v2\/pages"}],"about":[{"href":"https:\/\/centroinca.com\/centroinca\/wp-json\/wp\/v2\/types\/page"}],"author":[{"embeddable":true,"href":"https:\/\/centroinca.com\/centroinca\/wp-json\/wp\/v2\/users\/1"}],"replies":[{"embeddable":true,"href":"https:\/\/centroinca.com\/centroinca\/wp-json\/wp\/v2\/comments?post=7611"}],"version-history":[{"count":42,"href":"https:\/\/centroinca.com\/centroinca\/wp-json\/wp\/v2\/pages\/7611\/revisions"}],"predecessor-version":[{"id":12541,"href":"https:\/\/centroinca.com\/centroinca\/wp-json\/wp\/v2\/pages\/7611\/revisions\/12541"}],"wp:attachment":[{"href":"https:\/\/centroinca.com\/centroinca\/wp-json\/wp\/v2\/media?parent=7611"}],"curies":[{"name":"wp","href":"https:\/\/api.w.org\/{rel}","templated":true}]}}