{"id":12526,"date":"2026-01-17T11:50:31","date_gmt":"2026-01-17T16:50:31","guid":{"rendered":"https:\/\/centroinca.com\/centroinca\/?page_id=12526"},"modified":"2026-01-17T11:55:13","modified_gmt":"2026-01-17T16:55:13","slug":"area-idiomas","status":"publish","type":"page","link":"https:\/\/centroinca.com\/centroinca\/area-idiomas\/","title":{"rendered":"Area Idiomas"},"content":{"rendered":"<div class=\"wpb-content-wrapper\"><p>[vc_row css=&#8221;.vc_custom_1768666244185{margin-top: 50px !important;margin-bottom: 60px !important;}&#8221;][vc_column width=&#8221;1\/6&#8243; el_class=&#8221;icono-area&#8221; css=&#8221;.vc_custom_1768666383462{border-right-width: 1px !important;border-right-color: #dddddd !important;border-right-style: solid !important;}&#8221;][vc_single_image image=&#8221;7259&#8243; alignment=&#8221;center&#8221; onclick=&#8221;custom_link&#8221; css_animation=&#8221;none&#8221; css=&#8221;.vc_custom_1768666360174{padding-right: 40px !important;padding-left: 40px !important;}&#8221; link=&#8221;https:\/\/centroinca.com\/centroinca\/area-salud&#8221;][vc_column_text]<\/p>\n<p style=\"text-align: center;\"><strong>SALUD<\/strong><\/p>\n<p>[\/vc_column_text][\/vc_column][vc_column width=&#8221;1\/6&#8243; el_class=&#8221;icono-area&#8221; css=&#8221;.vc_custom_1768666422378{border-right-width: 1px !important;border-right-color: #dddddd !important;border-right-style: solid !important;}&#8221;][vc_single_image image=&#8221;7253&#8243; alignment=&#8221;center&#8221; onclick=&#8221;custom_link&#8221; css=&#8221;.vc_custom_1768666572461{padding-right: 40px !important;padding-left: 40px !important;}&#8221; link=&#8221;https:\/\/centroinca.com\/centroinca\/area-informatica\/&#8221;][vc_column_text]<\/p>\n<p style=\"text-align: center;\"><strong>INFORM\u00c1TICA<\/strong><\/p>\n<p>[\/vc_column_text][\/vc_column][vc_column width=&#8221;1\/6&#8243; el_class=&#8221;icono-area&#8221; css=&#8221;.vc_custom_1768666502951{border-right-width: 1px !important;border-right-color: #dddddd !important;border-right-style: solid !important;}&#8221;][vc_single_image image=&#8221;7255&#8243; alignment=&#8221;center&#8221; onclick=&#8221;custom_link&#8221; link=&#8221;https:\/\/centroinca.com\/centroinca\/area-comercial\/&#8221; css=&#8221;.vc_custom_1768666582654{padding-right: 40px !important;padding-left: 40px !important;}&#8221;][vc_column_text]<\/p>\n<p style=\"text-align: center;\"><strong>COMERCIAL<\/strong><\/p>\n<p>[\/vc_column_text][\/vc_column][vc_column width=&#8221;1\/6&#8243; el_class=&#8221;icono-area&#8221; css=&#8221;.vc_custom_1768666482905{border-right-width: 1px !important;border-right-color: #dddddd !important;border-right-style: solid !important;}&#8221;][vc_single_image image=&#8221;7260&#8243; alignment=&#8221;center&#8221; onclick=&#8221;custom_link&#8221; css=&#8221;.vc_custom_1768666676715{padding-right: 40px !important;padding-left: 40px !important;}&#8221; link=&#8221;https:\/\/centroinca.com\/centroinca\/area-industrial\/&#8221;][vc_column_text]<\/p>\n<p style=\"text-align: center;\"><strong>INDUSTRIAL<\/strong><\/p>\n<p>[\/vc_column_text][\/vc_column][vc_column width=&#8221;1\/6&#8243; el_class=&#8221;icono-area&#8221; css=&#8221;.vc_custom_1768666441787{border-right-width: 1px !important;border-right-color: #dddddd !important;border-right-style: solid !important;}&#8221;][vc_single_image image=&#8221;7261&#8243; alignment=&#8221;center&#8221; onclick=&#8221;custom_link&#8221; link=&#8221;https:\/\/centroinca.com\/centroinca\/areas\/&#8221; css=&#8221;.vc_custom_1768666697671{padding-right: 40px !important;padding-left: 40px !important;}&#8221;][vc_column_text]<\/p>\n<p style=\"text-align: center;\"><strong>SERVICIOS<\/strong><\/p>\n<p>[\/vc_column_text][\/vc_column][vc_column width=&#8221;1\/6&#8243;][vc_single_image image=&#8221;12525&#8243; alignment=&#8221;center&#8221; onclick=&#8221;custom_link&#8221; link=&#8221;https:\/\/centroinca.com\/centroinca\/area-idiomas\/&#8221; css=&#8221;.vc_custom_1768666943991{padding-right: 26px !important;padding-left: 26px !important;}&#8221;][vc_column_text]<\/p>\n<p style=\"text-align: center;\"><strong>IDIOMAS<\/strong><\/p>\n<p>[\/vc_column_text][\/vc_column][\/vc_row][vc_row full_width=&#8221;stretch_row&#8221; content_placement=&#8221;middle&#8221; css=&#8221;.vc_custom_1768668032831{padding-top: 50px !important;padding-bottom: 40px !important;background-image: url(https:\/\/centroinca.com\/centroinca\/wp-content\/uploads\/2026\/01\/image-1-1.png?id=12529) !important;}&#8221; el_class=&#8221;video_overlay&#8221;][vc_column width=&#8221;1\/3&#8243;][\/vc_column][vc_column width=&#8221;1\/12&#8243; css=&#8221;.vc_custom_1614349027926{padding-left: 20px !important;}&#8221; offset=&#8221;vc_hidden-sm vc_hidden-xs&#8221;][vc_single_image image=&#8221;12530&#8243; img_size=&#8221;50&#215;50&#8243;][\/vc_column][vc_column width=&#8221;1\/6&#8243;][vc_column_text css=&#8221;.vc_custom_1614348969593{margin-bottom: -15px !important;}&#8221;]<\/p>\n<p style=\"color: #ffffff; text-align: center;\">\u00c1REA<\/p>\n<p>[\/vc_column_text][vc_custom_heading text=&#8221;IDIOMAS&#8221; font_container=&#8221;tag:h3|text_align:center|color:%23ffffff&#8221; use_theme_fonts=&#8221;yes&#8221; css=&#8221;.vc_custom_1768667158876{margin-bottom: 40px !important;}&#8221;][\/vc_column][vc_column width=&#8221;1\/3&#8243;][\/vc_column][\/vc_row][vc_row css=&#8221;.vc_custom_1768668756059{margin-top: 50px !important;}&#8221; el_class=&#8221;idiomas-color&#8221;][vc_column width=&#8221;1\/3&#8243;][stm_animation_block animation=&#8221;fadeInUp&#8221; animation_duration=&#8221;1&#8243; animation_delay=&#8221;0&#8243;][stm_info_box style=&#8221;style_3&#8243; title_icon=&#8221;fas fa-globe&#8221; icon=&#8221;fas fa-chevron-right&#8221; title=&#8221;Estudia Ingl\u00e9s&#8221; link=&#8221;url:https%3A%2F%2Fcentroinca.com%2Fcentroinca%2Fingles%2F|title:leer%20m%C3%A1s&#8221; css=&#8221;.vc_custom_1768668592294{background-color: #d10643 !important;background-position: center !important;background-repeat: no-repeat !important;background-size: cover !important;border-radius: 10px !important;}&#8221; image=&#8221;12510&#8243;]Resoluci\u00f3n 02331 Secretar\u00eda de Educaci\u00f3n Distrital.[\/stm_info_box][\/stm_animation_block][\/vc_column][vc_column width=&#8221;1\/3&#8243;][stm_animation_block animation=&#8221;fadeInUp&#8221; animation_duration=&#8221;1&#8243; animation_delay=&#8221;0&#8243;][\/stm_animation_block][\/vc_column][vc_column width=&#8221;1\/3&#8243;][stm_animation_block animation=&#8221;fadeInUp&#8221; animation_duration=&#8221;1&#8243; animation_delay=&#8221;0&#8243;][\/stm_animation_block][\/vc_column][\/vc_row][vc_row css=&#8221;.vc_custom_1614716639805{margin-top: 50px !important;}&#8221; el_class=&#8221;servicios-color&#8221;][vc_column width=&#8221;1\/3&#8243;][stm_animation_block animation=&#8221;fadeInUp&#8221; animation_duration=&#8221;1&#8243; animation_delay=&#8221;0&#8243;][\/stm_animation_block][\/vc_column][vc_column width=&#8221;1\/3&#8243;][\/vc_column][vc_column width=&#8221;1\/3&#8243;][\/vc_column][\/vc_row][vc_row full_width=&#8221;stretch_row&#8221; content_placement=&#8221;middle&#8221; disable_element=&#8221;yes&#8221; css=&#8221;.vc_custom_1674666888240{margin-top: 50px !important;background-color: #dd1111 !important;}&#8221; el_class=&#8221;video_overlay&#8221;][vc_column width=&#8221;1\/12&#8243;][\/vc_column][vc_column width=&#8221;5\/12&#8243;][vc_empty_space height=&#8221;40px&#8221;][vc_custom_heading text=&#8221;Conoce las razones para estudiar en el centro INCA&#8221; font_container=&#8221;tag:h3|text_align:left|color:%23ffffff&#8221; use_theme_fonts=&#8221;yes&#8221; css=&#8221;.vc_custom_1614697840842{margin-bottom: 40px !important;}&#8221;][vc_btn title=&#8221;Quiero ver m\u00e1s&#8221; style=&#8221;custom&#8221; custom_background=&#8221;#ffffff&#8221; custom_text=&#8221;#1940aa&#8221; shape=&#8221;square&#8221; size=&#8221;sm&#8221; align=&#8221;left&#8221; i_align=&#8221;right&#8221; i_icon_fontawesome=&#8221;fas fa-chevron-right&#8221; css_animation=&#8221;fadeIn&#8221; add_icon=&#8221;true&#8221;][vc_empty_space height=&#8221;40px&#8221;][\/vc_column][vc_column width=&#8221;1\/12&#8243; offset=&#8221;vc_hidden-sm vc_hidden-xs&#8221;][\/vc_column][vc_column width=&#8221;5\/12&#8243;][vc_single_image image=&#8221;7319&#8243; img_size=&#8221;medium&#8221; css=&#8221;.vc_custom_1614698834281{margin-bottom: -10px !important;}&#8221;][\/vc_column][\/vc_row]<\/p>\n<\/div>","protected":false},"excerpt":{"rendered":"<p>[vc_row css=&#8221;.vc_custom_1768666244185{margin-top: 50px !important;margin-bottom: 60px !important;}&#8221;][vc_column width=&#8221;1\/6&#8243; el_class=&#8221;icono-area&#8221; css=&#8221;.vc_custom_1768666383462{border-right-width: 1px !important;border-right-color: #dddddd !important;border-right-style: solid !important;}&#8221;][vc_single_image image=&#8221;7259&#8243; alignment=&#8221;center&#8221; onclick=&#8221;custom_link&#8221; css_animation=&#8221;none&#8221; css=&#8221;.vc_custom_1768666360174{padding-right: 40px !important;padding-left: 40px !important;}&#8221; link=&#8221;https:\/\/centroinca.com\/centroinca\/area-salud&#8221;][vc_column_text] SALUD [\/vc_column_text][\/vc_column][vc_column width=&#8221;1\/6&#8243; el_class=&#8221;icono-area&#8221; css=&#8221;.vc_custom_1768666422378{border-right-width: 1px !important;border-right-color: #dddddd !important;border-right-style: solid !important;}&#8221;][vc_single_image image=&#8221;7253&#8243; alignment=&#8221;center&#8221; onclick=&#8221;custom_link&#8221; css=&#8221;.vc_custom_1768666572461{padding-right: 40px !important;padding-left: 40px !important;}&#8221; link=&#8221;https:\/\/centroinca.com\/centroinca\/area-informatica\/&#8221;][vc_column_text] INFORM\u00c1TICA [\/vc_column_text][\/vc_column][vc_column width=&#8221;1\/6&#8243; el_class=&#8221;icono-area&#8221; css=&#8221;.vc_custom_1768666502951{border-right-width: 1px !important;border-right-color: #dddddd !important;border-right-style: solid<\/p>\n","protected":false},"author":2,"featured_media":0,"parent":0,"menu_order":0,"comment_status":"closed","ping_status":"closed","template":"","meta":{"footnotes":""},"class_list":["post-12526","page","type-page","status-publish","hentry"],"yoast_head":"<!-- This site is optimized with the Yoast SEO plugin v27.5 - https:\/\/yoast.com\/product\/yoast-seo-wordpress\/ -->\n<title>Area Idiomas - Centro Inca<\/title>\n<meta name=\"robots\" content=\"index, follow, max-snippet:-1, max-image-preview:large, max-video-preview:-1\" \/>\n<link rel=\"canonical\" href=\"https:\/\/centroinca.com\/centroinca\/area-idiomas\/\" \/>\n<meta property=\"og:locale\" content=\"es_ES\" \/>\n<meta property=\"og:type\" content=\"article\" \/>\n<meta property=\"og:title\" content=\"Area Idiomas - Centro Inca\" \/>\n<meta property=\"og:description\" content=\"[vc_row css=&#8221;.vc_custom_1768666244185{margin-top: 50px !important;margin-bottom: 60px !important;}&#8221;][vc_column width=&#8221;1\/6&#8243; el_class=&#8221;icono-area&#8221; css=&#8221;.vc_custom_1768666383462{border-right-width: 1px !important;border-right-color: #dddddd !important;border-right-style: solid !important;}&#8221;][vc_single_image image=&#8221;7259&#8243; alignment=&#8221;center&#8221; onclick=&#8221;custom_link&#8221; css_animation=&#8221;none&#8221; css=&#8221;.vc_custom_1768666360174{padding-right: 40px !important;padding-left: 40px !important;}&#8221; link=&#8221;https:\/\/centroinca.com\/centroinca\/area-salud&#8221;][vc_column_text] SALUD [\/vc_column_text][\/vc_column][vc_column width=&#8221;1\/6&#8243; el_class=&#8221;icono-area&#8221; css=&#8221;.vc_custom_1768666422378{border-right-width: 1px !important;border-right-color: #dddddd !important;border-right-style: solid !important;}&#8221;][vc_single_image image=&#8221;7253&#8243; alignment=&#8221;center&#8221; onclick=&#8221;custom_link&#8221; css=&#8221;.vc_custom_1768666572461{padding-right: 40px !important;padding-left: 40px !important;}&#8221; link=&#8221;https:\/\/centroinca.com\/centroinca\/area-informatica\/&#8221;][vc_column_text] INFORM\u00c1TICA [\/vc_column_text][\/vc_column][vc_column width=&#8221;1\/6&#8243; el_class=&#8221;icono-area&#8221; css=&#8221;.vc_custom_1768666502951{border-right-width: 1px !important;border-right-color: #dddddd !important;border-right-style: solid\" \/>\n<meta property=\"og:url\" content=\"https:\/\/centroinca.com\/centroinca\/area-idiomas\/\" \/>\n<meta property=\"og:site_name\" content=\"Centro Inca\" \/>\n<meta property=\"article:modified_time\" content=\"2026-01-17T16:55:13+00:00\" \/>\n<meta name=\"twitter:card\" content=\"summary_large_image\" \/>\n<meta name=\"twitter:label1\" content=\"Tiempo de lectura\" \/>\n\t<meta name=\"twitter:data1\" content=\"4 minutos\" \/>\n<script type=\"application\/ld+json\" class=\"yoast-schema-graph\">{\"@context\":\"https:\\\/\\\/schema.org\",\"@graph\":[{\"@type\":\"WebPage\",\"@id\":\"https:\\\/\\\/centroinca.com\\\/centroinca\\\/area-idiomas\\\/\",\"url\":\"https:\\\/\\\/centroinca.com\\\/centroinca\\\/area-idiomas\\\/\",\"name\":\"Area Idiomas - Centro Inca\",\"isPartOf\":{\"@id\":\"https:\\\/\\\/centroinca.com\\\/centroinca\\\/#website\"},\"datePublished\":\"2026-01-17T16:50:31+00:00\",\"dateModified\":\"2026-01-17T16:55:13+00:00\",\"breadcrumb\":{\"@id\":\"https:\\\/\\\/centroinca.com\\\/centroinca\\\/area-idiomas\\\/#breadcrumb\"},\"inLanguage\":\"es\",\"potentialAction\":[{\"@type\":\"ReadAction\",\"target\":[\"https:\\\/\\\/centroinca.com\\\/centroinca\\\/area-idiomas\\\/\"]}]},{\"@type\":\"BreadcrumbList\",\"@id\":\"https:\\\/\\\/centroinca.com\\\/centroinca\\\/area-idiomas\\\/#breadcrumb\",\"itemListElement\":[{\"@type\":\"ListItem\",\"position\":1,\"name\":\"Inicio\",\"item\":\"https:\\\/\\\/centroinca.com\\\/centroinca\\\/\"},{\"@type\":\"ListItem\",\"position\":2,\"name\":\"Area Idiomas\"}]},{\"@type\":\"WebSite\",\"@id\":\"https:\\\/\\\/centroinca.com\\\/centroinca\\\/#website\",\"url\":\"https:\\\/\\\/centroinca.com\\\/centroinca\\\/\",\"name\":\"Centro Inca\",\"description\":\"Tu camino al \u00e9xito - Estudia Programas T\u00e9cnicos Laborales en Barranquillla\",\"publisher\":{\"@id\":\"https:\\\/\\\/centroinca.com\\\/centroinca\\\/#organization\"},\"potentialAction\":[{\"@type\":\"SearchAction\",\"target\":{\"@type\":\"EntryPoint\",\"urlTemplate\":\"https:\\\/\\\/centroinca.com\\\/centroinca\\\/?s={search_term_string}\"},\"query-input\":{\"@type\":\"PropertyValueSpecification\",\"valueRequired\":true,\"valueName\":\"search_term_string\"}}],\"inLanguage\":\"es\"},{\"@type\":\"Organization\",\"@id\":\"https:\\\/\\\/centroinca.com\\\/centroinca\\\/#organization\",\"name\":\"Centro Inca\",\"url\":\"https:\\\/\\\/centroinca.com\\\/centroinca\\\/\",\"logo\":{\"@type\":\"ImageObject\",\"inLanguage\":\"es\",\"@id\":\"https:\\\/\\\/centroinca.com\\\/centroinca\\\/#\\\/schema\\\/logo\\\/image\\\/\",\"url\":\"https:\\\/\\\/centroinca.com\\\/centroinca\\\/wp-content\\\/uploads\\\/2019\\\/09\\\/LOGO-CENTRO-INCA-POSITIVO.png\",\"contentUrl\":\"https:\\\/\\\/centroinca.com\\\/centroinca\\\/wp-content\\\/uploads\\\/2019\\\/09\\\/LOGO-CENTRO-INCA-POSITIVO.png\",\"width\":1377,\"height\":546,\"caption\":\"Centro Inca\"},\"image\":{\"@id\":\"https:\\\/\\\/centroinca.com\\\/centroinca\\\/#\\\/schema\\\/logo\\\/image\\\/\"}}]}<\/script>\n<!-- \/ Yoast SEO plugin. -->","yoast_head_json":{"title":"Area Idiomas - Centro Inca","robots":{"index":"index","follow":"follow","max-snippet":"max-snippet:-1","max-image-preview":"max-image-preview:large","max-video-preview":"max-video-preview:-1"},"canonical":"https:\/\/centroinca.com\/centroinca\/area-idiomas\/","og_locale":"es_ES","og_type":"article","og_title":"Area Idiomas - Centro Inca","og_description":"[vc_row css=&#8221;.vc_custom_1768666244185{margin-top: 50px !important;margin-bottom: 60px !important;}&#8221;][vc_column width=&#8221;1\/6&#8243; el_class=&#8221;icono-area&#8221; css=&#8221;.vc_custom_1768666383462{border-right-width: 1px !important;border-right-color: #dddddd !important;border-right-style: solid !important;}&#8221;][vc_single_image image=&#8221;7259&#8243; alignment=&#8221;center&#8221; onclick=&#8221;custom_link&#8221; css_animation=&#8221;none&#8221; css=&#8221;.vc_custom_1768666360174{padding-right: 40px !important;padding-left: 40px !important;}&#8221; link=&#8221;https:\/\/centroinca.com\/centroinca\/area-salud&#8221;][vc_column_text] SALUD [\/vc_column_text][\/vc_column][vc_column width=&#8221;1\/6&#8243; el_class=&#8221;icono-area&#8221; css=&#8221;.vc_custom_1768666422378{border-right-width: 1px !important;border-right-color: #dddddd !important;border-right-style: solid !important;}&#8221;][vc_single_image image=&#8221;7253&#8243; alignment=&#8221;center&#8221; onclick=&#8221;custom_link&#8221; css=&#8221;.vc_custom_1768666572461{padding-right: 40px !important;padding-left: 40px !important;}&#8221; link=&#8221;https:\/\/centroinca.com\/centroinca\/area-informatica\/&#8221;][vc_column_text] INFORM\u00c1TICA [\/vc_column_text][\/vc_column][vc_column width=&#8221;1\/6&#8243; el_class=&#8221;icono-area&#8221; css=&#8221;.vc_custom_1768666502951{border-right-width: 1px !important;border-right-color: #dddddd !important;border-right-style: solid","og_url":"https:\/\/centroinca.com\/centroinca\/area-idiomas\/","og_site_name":"Centro Inca","article_modified_time":"2026-01-17T16:55:13+00:00","twitter_card":"summary_large_image","twitter_misc":{"Tiempo de lectura":"4 minutos"},"schema":{"@context":"https:\/\/schema.org","@graph":[{"@type":"WebPage","@id":"https:\/\/centroinca.com\/centroinca\/area-idiomas\/","url":"https:\/\/centroinca.com\/centroinca\/area-idiomas\/","name":"Area Idiomas - Centro Inca","isPartOf":{"@id":"https:\/\/centroinca.com\/centroinca\/#website"},"datePublished":"2026-01-17T16:50:31+00:00","dateModified":"2026-01-17T16:55:13+00:00","breadcrumb":{"@id":"https:\/\/centroinca.com\/centroinca\/area-idiomas\/#breadcrumb"},"inLanguage":"es","potentialAction":[{"@type":"ReadAction","target":["https:\/\/centroinca.com\/centroinca\/area-idiomas\/"]}]},{"@type":"BreadcrumbList","@id":"https:\/\/centroinca.com\/centroinca\/area-idiomas\/#breadcrumb","itemListElement":[{"@type":"ListItem","position":1,"name":"Inicio","item":"https:\/\/centroinca.com\/centroinca\/"},{"@type":"ListItem","position":2,"name":"Area Idiomas"}]},{"@type":"WebSite","@id":"https:\/\/centroinca.com\/centroinca\/#website","url":"https:\/\/centroinca.com\/centroinca\/","name":"Centro Inca","description":"Tu camino al \u00e9xito - Estudia Programas T\u00e9cnicos Laborales en Barranquillla","publisher":{"@id":"https:\/\/centroinca.com\/centroinca\/#organization"},"potentialAction":[{"@type":"SearchAction","target":{"@type":"EntryPoint","urlTemplate":"https:\/\/centroinca.com\/centroinca\/?s={search_term_string}"},"query-input":{"@type":"PropertyValueSpecification","valueRequired":true,"valueName":"search_term_string"}}],"inLanguage":"es"},{"@type":"Organization","@id":"https:\/\/centroinca.com\/centroinca\/#organization","name":"Centro Inca","url":"https:\/\/centroinca.com\/centroinca\/","logo":{"@type":"ImageObject","inLanguage":"es","@id":"https:\/\/centroinca.com\/centroinca\/#\/schema\/logo\/image\/","url":"https:\/\/centroinca.com\/centroinca\/wp-content\/uploads\/2019\/09\/LOGO-CENTRO-INCA-POSITIVO.png","contentUrl":"https:\/\/centroinca.com\/centroinca\/wp-content\/uploads\/2019\/09\/LOGO-CENTRO-INCA-POSITIVO.png","width":1377,"height":546,"caption":"Centro Inca"},"image":{"@id":"https:\/\/centroinca.com\/centroinca\/#\/schema\/logo\/image\/"}}]}},"_links":{"self":[{"href":"https:\/\/centroinca.com\/centroinca\/wp-json\/wp\/v2\/pages\/12526","targetHints":{"allow":["GET"]}}],"collection":[{"href":"https:\/\/centroinca.com\/centroinca\/wp-json\/wp\/v2\/pages"}],"about":[{"href":"https:\/\/centroinca.com\/centroinca\/wp-json\/wp\/v2\/types\/page"}],"author":[{"embeddable":true,"href":"https:\/\/centroinca.com\/centroinca\/wp-json\/wp\/v2\/users\/2"}],"replies":[{"embeddable":true,"href":"https:\/\/centroinca.com\/centroinca\/wp-json\/wp\/v2\/comments?post=12526"}],"version-history":[{"count":3,"href":"https:\/\/centroinca.com\/centroinca\/wp-json\/wp\/v2\/pages\/12526\/revisions"}],"predecessor-version":[{"id":12532,"href":"https:\/\/centroinca.com\/centroinca\/wp-json\/wp\/v2\/pages\/12526\/revisions\/12532"}],"wp:attachment":[{"href":"https:\/\/centroinca.com\/centroinca\/wp-json\/wp\/v2\/media?parent=12526"}],"curies":[{"name":"wp","href":"https:\/\/api.w.org\/{rel}","templated":true}]}}